{"id":9994,"date":"2024-03-02T18:00:26","date_gmt":"2024-03-02T18:00:26","guid":{"rendered":"https:\/\/elouedshop.com\/?post_type=product&#038;p=9994"},"modified":"2024-03-02T18:00:27","modified_gmt":"2024-03-02T18:00:27","slug":"30-actions-pour-profiter-du-ramadan-umm-alyah","status":"publish","type":"product","link":"https:\/\/elouedshop.com\/?product=30-actions-pour-profiter-du-ramadan-umm-alyah","title":{"rendered":"30 actions pour profiter du ramadan &#8211; Umm Alyah"},"content":{"rendered":"<table class=\"ce-product-features\">\n<tbody>\n<tr class=\"ce-product-features__row\">\n<th class=\"ce-product-features__label\">Ann\u00e9e<\/th>\n<td class=\"ce-product-features__value\">2024<\/td>\n<\/tr>\n<tr class=\"ce-product-features__row\">\n<th class=\"ce-product-features__label\">Couverture<\/th>\n<td class=\"ce-product-features__value\">Souple<\/td>\n<\/tr>\n<tr class=\"ce-product-features__row\">\n<th class=\"ce-product-features__label\">Dimensions<\/th>\n<td class=\"ce-product-features__value\">14.8 x 21cm<\/td>\n<\/tr>\n<tr class=\"ce-product-features__row\">\n<th class=\"ce-product-features__label\">Nb. Pages<\/th>\n<td class=\"ce-product-features__value\">56<\/td>\n<\/tr>\n<tr class=\"ce-product-features__row\">\n<th class=\"ce-product-features__label\">Langue<\/th>\n<td class=\"ce-product-features__value\">fran\u00e7aise<\/td>\n<\/tr>\n<\/tbody>\n<\/table>\n","protected":false},"excerpt":{"rendered":"<p>Pendant le mois b\u00e9ni de Ramadan, les musulmans je\u00fbnent par ob\u00e9issance \u00e0 Allah afin de purifier leur \u00e2me et expier leurs p\u00e9ch\u00e9s. L\u2019objectif \u00e9tant de se r\u00e9former, d\u2019abandonner les mauvaises habitudes et de consacrer son temps aux choses profitables.<\/p>\n","protected":false},"featured_media":9995,"template":"","meta":[],"product_brand":[],"product_cat":[140,21,225],"product_tag":[],"class_list":{"0":"post-9994","1":"product","2":"type-product","3":"status-publish","4":"has-post-thumbnail","6":"product_cat-jeune-ramadan","7":"product_cat-livre","8":"product_cat-ramadan","9":"description-off","11":"first","12":"instock","13":"shipping-taxable","14":"purchasable","15":"product-type-simple"},"jetpack_sharing_enabled":true,"_links":{"self":[{"href":"https:\/\/elouedshop.com\/index.php?rest_route=\/wp\/v2\/product\/9994","targetHints":{"allow":["GET"]}}],"collection":[{"href":"https:\/\/elouedshop.com\/index.php?rest_route=\/wp\/v2\/product"}],"about":[{"href":"https:\/\/elouedshop.com\/index.php?rest_route=\/wp\/v2\/types\/product"}],"wp:featuredmedia":[{"embeddable":true,"href":"https:\/\/elouedshop.com\/index.php?rest_route=\/wp\/v2\/media\/9995"}],"wp:attachment":[{"href":"https:\/\/elouedshop.com\/index.php?rest_route=%2Fwp%2Fv2%2Fmedia&parent=9994"}],"wp:term":[{"taxonomy":"product_brand","embeddable":true,"href":"https:\/\/elouedshop.com\/index.php?rest_route=%2Fwp%2Fv2%2Fproduct_brand&post=9994"},{"taxonomy":"product_cat","embeddable":true,"href":"https:\/\/elouedshop.com\/index.php?rest_route=%2Fwp%2Fv2%2Fproduct_cat&post=9994"},{"taxonomy":"product_tag","embeddable":true,"href":"https:\/\/elouedshop.com\/index.php?rest_route=%2Fwp%2Fv2%2Fproduct_tag&post=9994"}],"curies":[{"name":"wp","href":"https:\/\/api.w.org\/{rel}","templated":true}]}}