{"id":9992,"date":"2024-03-02T17:56:21","date_gmt":"2024-03-02T17:56:21","guid":{"rendered":"https:\/\/elouedshop.com\/?post_type=product&#038;p=9992"},"modified":"2024-03-02T17:56:22","modified_gmt":"2024-03-02T17:56:22","slug":"le-tajwid-simplifie-lecture-warsh-violet","status":"publish","type":"product","link":"https:\/\/elouedshop.com\/?product=le-tajwid-simplifie-lecture-warsh-violet","title":{"rendered":"Le tajwid simplifi\u00e9 &#8211; lecture Warsh &#8211; violet"},"content":{"rendered":"<table class=\"ce-product-features\">\n<tbody>\n<tr class=\"ce-product-features__row\">\n<th class=\"ce-product-features__label\">Couverture<\/th>\n<td class=\"ce-product-features__value\">Souple<\/td>\n<\/tr>\n<tr class=\"ce-product-features__row\">\n<th class=\"ce-product-features__label\">Dimensions<\/th>\n<td class=\"ce-product-features__value\">15 X 21 Cm<\/td>\n<\/tr>\n<tr class=\"ce-product-features__row\">\n<th class=\"ce-product-features__label\">ISBN<\/th>\n<td class=\"ce-product-features__value\">9782356336422<\/td>\n<\/tr>\n<tr class=\"ce-product-features__row\">\n<th class=\"ce-product-features__label\">Nb. Pages<\/th>\n<td class=\"ce-product-features__value\">112<\/td>\n<\/tr>\n<tr class=\"ce-product-features__row\">\n<th class=\"ce-product-features__label\">Langue<\/th>\n<td class=\"ce-product-features__value\">fran\u00e7aise<\/td>\n<\/tr>\n<tr class=\"ce-product-features__row\">\n<th class=\"ce-product-features__label\">Auteur<\/th>\n<td class=\"ce-product-features__value\">Farid Ouyalize<\/td>\n<\/tr>\n<\/tbody>\n<\/table>\n","protected":false},"excerpt":{"rendered":"<p>La lecture rapport\u00e9e par l&rsquo;imam Warsh est la plus r\u00e9pandue dans le monde apr\u00e8s celle rapport\u00e9e par Hafs et int\u00e9resse de plus en plus d&rsquo;initi\u00e9s en raison de ses r\u00e8gles particuli\u00e8res et de l&rsquo;originalit\u00e9 de sa r\u00e9citation. Un engouement certain et grandissant se manifeste chez les croyants d\u00e9sireux d&rsquo;en conna\u00eetre un peu plus sur le livre d&rsquo;Allah et les diff\u00e9rentes mani\u00e8res de r\u00e9citer sa divine parole. Cet ouvrage s&rsquo;inscrit dans une s\u00e9rie de simplification des lectures authentiques lues dans le monde et initi\u00e9 il y a une dizaine d&rsquo;ann\u00e9es avec la parution du tajwid simplifi\u00e9e selon les r\u00e9gles de la lecture Hafs.<\/p>\n","protected":false},"featured_media":9993,"template":"","meta":[],"product_brand":[],"product_cat":[22,21],"product_tag":[],"class_list":{"0":"post-9992","1":"product","2":"type-product","3":"status-publish","4":"has-post-thumbnail","6":"product_cat-coran","7":"product_cat-livre","8":"description-off","10":"first","11":"instock","12":"shipping-taxable","13":"purchasable","14":"product-type-simple"},"jetpack_sharing_enabled":true,"_links":{"self":[{"href":"https:\/\/elouedshop.com\/index.php?rest_route=\/wp\/v2\/product\/9992","targetHints":{"allow":["GET"]}}],"collection":[{"href":"https:\/\/elouedshop.com\/index.php?rest_route=\/wp\/v2\/product"}],"about":[{"href":"https:\/\/elouedshop.com\/index.php?rest_route=\/wp\/v2\/types\/product"}],"wp:featuredmedia":[{"embeddable":true,"href":"https:\/\/elouedshop.com\/index.php?rest_route=\/wp\/v2\/media\/9993"}],"wp:attachment":[{"href":"https:\/\/elouedshop.com\/index.php?rest_route=%2Fwp%2Fv2%2Fmedia&parent=9992"}],"wp:term":[{"taxonomy":"product_brand","embeddable":true,"href":"https:\/\/elouedshop.com\/index.php?rest_route=%2Fwp%2Fv2%2Fproduct_brand&post=9992"},{"taxonomy":"product_cat","embeddable":true,"href":"https:\/\/elouedshop.com\/index.php?rest_route=%2Fwp%2Fv2%2Fproduct_cat&post=9992"},{"taxonomy":"product_tag","embeddable":true,"href":"https:\/\/elouedshop.com\/index.php?rest_route=%2Fwp%2Fv2%2Fproduct_tag&post=9992"}],"curies":[{"name":"wp","href":"https:\/\/api.w.org\/{rel}","templated":true}]}}