{"id":9989,"date":"2024-03-02T17:52:25","date_gmt":"2024-03-02T17:52:25","guid":{"rendered":"https:\/\/elouedshop.com\/?post_type=product&#038;p=9989"},"modified":"2024-03-02T17:52:26","modified_gmt":"2024-03-02T17:52:26","slug":"les-regles-de-la-priere-ibn-baz","status":"publish","type":"product","link":"https:\/\/elouedshop.com\/?product=les-regles-de-la-priere-ibn-baz","title":{"rendered":"Les r\u00e8gles de la pri\u00e8re &#8211; Ibn Baz"},"content":{"rendered":"","protected":false},"excerpt":{"rendered":"<p>La pri\u00e8re est le plus grand pilier de l\u2019Islam apr\u00e8s les deux attestations de foi. C\u2019est l\u2019\u0153uvre la plus importante pour le serviteur.<\/p>\n<p>Elle est la colonne vert\u00e9brale de l\u2019Islam, au point que l\u2019acceptation des autres \u0153uvres d\u00e9pend de l\u2019acceptation de la pri\u00e8re. Ainsi, si elle est rejet\u00e9e, les autres \u0153uvres seront rejet\u00e9es.<\/p>\n<p>Elle est la premi\u00e8re obligation en Islam et le dernier rite qui dispara\u00eetra de la religion. Le culte du Musulman n\u2019est pas \u00e9tabli, ses \u0153uvres ne sont pas correctes, sa pratique religieuse et sa vie mondaine ne sont pas \u00e9quilibr\u00e9es, tant qu\u2019il n\u2019accomplit pas la pri\u00e8re telle qu\u2019elle est l\u00e9gif\u00e9r\u00e9e.<\/p>\n<p>Pour toutes ces raisons, l\u2019auteur a r\u00e9dig\u00e9 ce livre dans lequel il a mentionn\u00e9 les conditions, les piliers, les obligations et les actes recommand\u00e9s de la pri\u00e8re afin d\u2019aider le Musulman \u00e0 l&rsquo;accomplir comme il se doit.<\/p>\n","protected":false},"featured_media":9990,"template":"","meta":[],"product_brand":[],"product_cat":[21,48,187,185],"product_tag":[],"class_list":{"0":"post-9989","1":"product","2":"type-product","3":"status-publish","4":"has-post-thumbnail","6":"product_cat-livre","7":"product_cat-pratique-religieuse","8":"product_cat-pratiques-religieuse","9":"product_cat-priere-purification","10":"description-off","12":"first","13":"instock","14":"shipping-taxable","15":"purchasable","16":"product-type-simple"},"jetpack_sharing_enabled":true,"_links":{"self":[{"href":"https:\/\/elouedshop.com\/index.php?rest_route=\/wp\/v2\/product\/9989","targetHints":{"allow":["GET"]}}],"collection":[{"href":"https:\/\/elouedshop.com\/index.php?rest_route=\/wp\/v2\/product"}],"about":[{"href":"https:\/\/elouedshop.com\/index.php?rest_route=\/wp\/v2\/types\/product"}],"wp:featuredmedia":[{"embeddable":true,"href":"https:\/\/elouedshop.com\/index.php?rest_route=\/wp\/v2\/media\/9990"}],"wp:attachment":[{"href":"https:\/\/elouedshop.com\/index.php?rest_route=%2Fwp%2Fv2%2Fmedia&parent=9989"}],"wp:term":[{"taxonomy":"product_brand","embeddable":true,"href":"https:\/\/elouedshop.com\/index.php?rest_route=%2Fwp%2Fv2%2Fproduct_brand&post=9989"},{"taxonomy":"product_cat","embeddable":true,"href":"https:\/\/elouedshop.com\/index.php?rest_route=%2Fwp%2Fv2%2Fproduct_cat&post=9989"},{"taxonomy":"product_tag","embeddable":true,"href":"https:\/\/elouedshop.com\/index.php?rest_route=%2Fwp%2Fv2%2Fproduct_tag&post=9989"}],"curies":[{"name":"wp","href":"https:\/\/api.w.org\/{rel}","templated":true}]}}