{"id":9987,"date":"2024-03-02T17:34:07","date_gmt":"2024-03-02T17:34:07","guid":{"rendered":"https:\/\/elouedshop.com\/?post_type=product&#038;p=9987"},"modified":"2024-03-02T17:34:08","modified_gmt":"2024-03-02T17:34:08","slug":"guide-de-la-finance-islamique-muhammad-taqi-usmani","status":"publish","type":"product","link":"https:\/\/elouedshop.com\/?product=guide-de-la-finance-islamique-muhammad-taqi-usmani","title":{"rendered":"Guide de la finance islamique &#8211; Muhammad Taqi Usmani"},"content":{"rendered":"<table class=\"ce-product-features\">\n<tbody>\n<tr class=\"ce-product-features__row\">\n<th class=\"ce-product-features__label\">Ann\u00e9e<\/th>\n<td class=\"ce-product-features__value\">2024<\/td>\n<\/tr>\n<tr class=\"ce-product-features__row\">\n<th class=\"ce-product-features__label\">Nb. Pages<\/th>\n<td class=\"ce-product-features__value\">224<\/td>\n<\/tr>\n<\/tbody>\n<\/table>\n","protected":false},"excerpt":{"rendered":"<p>Traduit de l\u2019anglais par Mohyedine Hajjar et Ibrahim Cekiki<\/p>\n<p><i>La diff\u00e9rence entre l\u2019\u00e9conomie capitaliste et l\u2019\u00e9conomie islamique r\u00e9side dans le fait que le capitalisme s\u00e9culaire accorde au profit et \u00e0 la propri\u00e9t\u00e9 priv\u00e9e un r\u00f4le pr\u00e9pond\u00e9rant dans la prise de d\u00e9cisions \u00e9conomiques sans le contr\u00f4le d\u2019une injonction divine.<\/i><\/p>\n","protected":false},"featured_media":9988,"template":"","meta":[],"product_brand":[],"product_cat":[47,152,21,79],"product_tag":[],"class_list":{"0":"post-9987","1":"product","2":"type-product","3":"status-publish","4":"has-post-thumbnail","6":"product_cat-comprendre-lislam","7":"product_cat-connaitre-dieu","8":"product_cat-livre","9":"product_cat-spiritualite","10":"description-off","12":"first","13":"instock","14":"shipping-taxable","15":"purchasable","16":"product-type-simple"},"jetpack_sharing_enabled":true,"_links":{"self":[{"href":"https:\/\/elouedshop.com\/index.php?rest_route=\/wp\/v2\/product\/9987","targetHints":{"allow":["GET"]}}],"collection":[{"href":"https:\/\/elouedshop.com\/index.php?rest_route=\/wp\/v2\/product"}],"about":[{"href":"https:\/\/elouedshop.com\/index.php?rest_route=\/wp\/v2\/types\/product"}],"wp:featuredmedia":[{"embeddable":true,"href":"https:\/\/elouedshop.com\/index.php?rest_route=\/wp\/v2\/media\/9988"}],"wp:attachment":[{"href":"https:\/\/elouedshop.com\/index.php?rest_route=%2Fwp%2Fv2%2Fmedia&parent=9987"}],"wp:term":[{"taxonomy":"product_brand","embeddable":true,"href":"https:\/\/elouedshop.com\/index.php?rest_route=%2Fwp%2Fv2%2Fproduct_brand&post=9987"},{"taxonomy":"product_cat","embeddable":true,"href":"https:\/\/elouedshop.com\/index.php?rest_route=%2Fwp%2Fv2%2Fproduct_cat&post=9987"},{"taxonomy":"product_tag","embeddable":true,"href":"https:\/\/elouedshop.com\/index.php?rest_route=%2Fwp%2Fv2%2Fproduct_tag&post=9987"}],"curies":[{"name":"wp","href":"https:\/\/api.w.org\/{rel}","templated":true}]}}