{"id":9976,"date":"2024-03-01T21:49:39","date_gmt":"2024-03-01T21:49:39","guid":{"rendered":"https:\/\/elouedshop.com\/?post_type=product&#038;p=9976"},"modified":"2024-03-15T21:49:47","modified_gmt":"2024-03-15T21:49:47","slug":"les-peches-le-poison-du-coeur-haifaa-younis","status":"publish","type":"product","link":"https:\/\/elouedshop.com\/?product=les-peches-le-poison-du-coeur-haifaa-younis","title":{"rendered":"Les p\u00e9ch\u00e9s : le poison du coeur &#8211; Haifaa Younis"},"content":{"rendered":"<table class=\"ce-product-features\">\n<tbody>\n<tr class=\"ce-product-features__row\">\n<th class=\"ce-product-features__label\">Couverture<\/th>\n<td class=\"ce-product-features__value\">Souple<\/td>\n<\/tr>\n<tr class=\"ce-product-features__row\">\n<th class=\"ce-product-features__label\">Nb. Pages<\/th>\n<td class=\"ce-product-features__value\">144<\/td>\n<\/tr>\n<tr class=\"ce-product-features__row\">\n<th class=\"ce-product-features__label\">Langue<\/th>\n<td class=\"ce-product-features__value\">fran\u00e7aise<\/td>\n<\/tr>\n<\/tbody>\n<\/table>\n","protected":false},"excerpt":{"rendered":"<p>Dans ce livre, l\u2019auteure nous invite \u00e0 nous arr\u00eater un instant pour m\u00e9diter et r\u00e9fl\u00e9chir \u00e0 notre mode de vie contemporain. \u00c0 envisager la possibilit\u00e9 qu\u2019involontairement, ou par oubli ou insouciance, nous puissions commettre des actes qui d\u00e9plaisent \u00e0 All\u00e2h \u2013 des actes de d\u00e9sob\u00e9issance. \u00c0 r\u00e9aliser que m\u00eame notre ignorance peut avoir des cons\u00e9quences tr\u00e8s concr\u00e8tes, non seulement dans l\u2019Au-del\u00e0, mais aussi dans notre vie quotidienne, dans notre relation avec All\u00e2h, avec les gens qui nous entourent et le monde en g\u00e9n\u00e9ral.<\/p>\n<p>Apprendre \u00e0 conna\u00eetre les\u00a0p\u00e9ch\u00e9s\u00a0pour mieux les \u00e9viter est une exp\u00e9rience profonde qui ouvre les yeux du croyant et bouleverse son\u00a0c\u0153ur et son esprit. Cet ouvrage est un rappel poignant qui cherche \u00e0 encourager le lecteur \u00e0 r\u00e9examiner sa vie et \u00e0 accompagner l\u2019auteure dans son voyage depuis le doute et l\u2019incertitude vers la lumi\u00e8re de la connaissance, de la compr\u00e9hension et de nouvelles perspectives sur All\u00e2h, sur nous-m\u00eames et sur le temps que nous passons ici-bas !<\/p>\n","protected":false},"featured_media":9977,"template":"","meta":[],"product_brand":[],"product_cat":[47,153,21,146,165],"product_tag":[],"class_list":{"0":"post-9976","1":"product","2":"type-product","3":"status-publish","4":"has-post-thumbnail","6":"product_cat-comprendre-lislam","7":"product_cat-foi-coeur","8":"product_cat-livre","9":"product_cat-paradis-enfer-mort","10":"product_cat-signes-fin-du-monde","11":"description-off","13":"first","14":"instock","15":"shipping-taxable","16":"purchasable","17":"product-type-simple"},"jetpack_sharing_enabled":true,"_links":{"self":[{"href":"https:\/\/elouedshop.com\/index.php?rest_route=\/wp\/v2\/product\/9976","targetHints":{"allow":["GET"]}}],"collection":[{"href":"https:\/\/elouedshop.com\/index.php?rest_route=\/wp\/v2\/product"}],"about":[{"href":"https:\/\/elouedshop.com\/index.php?rest_route=\/wp\/v2\/types\/product"}],"wp:featuredmedia":[{"embeddable":true,"href":"https:\/\/elouedshop.com\/index.php?rest_route=\/wp\/v2\/media\/9977"}],"wp:attachment":[{"href":"https:\/\/elouedshop.com\/index.php?rest_route=%2Fwp%2Fv2%2Fmedia&parent=9976"}],"wp:term":[{"taxonomy":"product_brand","embeddable":true,"href":"https:\/\/elouedshop.com\/index.php?rest_route=%2Fwp%2Fv2%2Fproduct_brand&post=9976"},{"taxonomy":"product_cat","embeddable":true,"href":"https:\/\/elouedshop.com\/index.php?rest_route=%2Fwp%2Fv2%2Fproduct_cat&post=9976"},{"taxonomy":"product_tag","embeddable":true,"href":"https:\/\/elouedshop.com\/index.php?rest_route=%2Fwp%2Fv2%2Fproduct_tag&post=9976"}],"curies":[{"name":"wp","href":"https:\/\/api.w.org\/{rel}","templated":true}]}}