{"id":9974,"date":"2024-03-01T21:43:26","date_gmt":"2024-03-01T21:43:26","guid":{"rendered":"https:\/\/elouedshop.com\/?post_type=product&#038;p=9974"},"modified":"2024-03-01T21:46:21","modified_gmt":"2024-03-01T21:46:21","slug":"annah-30-apercus-des-delices-du-paradis","status":"publish","type":"product","link":"https:\/\/elouedshop.com\/?product=annah-30-apercus-des-delices-du-paradis","title":{"rendered":"Jannah : 30 aper\u00e7us des d\u00e9lices du Paradis"},"content":{"rendered":"<table class=\"ce-product-features\">\n<tbody>\n<tr class=\"ce-product-features__row\">\n<th class=\"ce-product-features__label\">Couverture<\/th>\n<td class=\"ce-product-features__value\">Souple<\/td>\n<\/tr>\n<tr class=\"ce-product-features__row\">\n<th class=\"ce-product-features__label\">Nb. Pages<\/th>\n<td class=\"ce-product-features__value\">240<\/td>\n<\/tr>\n<tr class=\"ce-product-features__row\">\n<th class=\"ce-product-features__label\">Langue<\/th>\n<td class=\"ce-product-features__value\">fran\u00e7aise<\/td>\n<\/tr>\n<tr class=\"ce-product-features__row\">\n<th class=\"ce-product-features__label\">Auteur<\/th>\n<td class=\"ce-product-features__value\">Omar Suleiman<\/td>\n<\/tr>\n<\/tbody>\n<\/table>\n","protected":false},"excerpt":{"rendered":"<p>Quelle que soit notre situation en cette vie, que nous vivions une vie d\u2019\u00e9preuves ou de confort, notre in\u00e9vitable destin est le m\u00eame : la vie de ce bas-monde n\u2019est que temporaire.<\/p>\n<p>Ce monde n\u2019a pas vocation \u00e0 \u00eatre notre paradis, mais la perspective de l\u2019entr\u00e9e au Jannah rend ce voyage ici-bas bien plus tol\u00e9rable et valorisant : rappelez-vous toujours qu\u2019un sanctuaire \u00e9ternel vous attend au bout du\u00a0chemin ! Ce sanctuaire est b\u00e2ti par vos actes et d\u00e9cor\u00e9 par vos pri\u00e8res : des palais scintillent \u00e0 l\u2019horizon pour l\u2019\u00e2me qui a renonc\u00e9 au p\u00e9ch\u00e9 et s\u2019est tourn\u00e9e vers son Seigneur. Chaque seconde d\u2019inconfort que vous aurez v\u00e9cue au nom d\u2019All\u00e2h, chacun de vos sacrifices, chaque centime auquel vous aurez renonc\u00e9 : chacune de vos bonnes actions est comptabilis\u00e9e et sera abondamment r\u00e9compens\u00e9e aupr\u00e8s du Tr\u00e8s-Haut.<\/p>\n<p>Compos\u00e9 de trente chapitres, cet ouvrage nous fait d\u00e9couvrir les d\u00e9lices promis aux croyants et les actes qui nous permettent de b\u00e2tir et d\u2019orner notre demeure \u00e9ternelle.<\/p>\n","protected":false},"featured_media":9975,"template":"","meta":[],"product_brand":[],"product_cat":[181,151,21],"product_tag":[],"class_list":{"0":"post-9974","1":"product","2":"type-product","3":"status-publish","4":"has-post-thumbnail","6":"product_cat-education-religieuse","7":"product_cat-education-spiritualite","8":"product_cat-livre","9":"description-off","11":"first","12":"instock","13":"shipping-taxable","14":"purchasable","15":"product-type-simple"},"jetpack_sharing_enabled":true,"_links":{"self":[{"href":"https:\/\/elouedshop.com\/index.php?rest_route=\/wp\/v2\/product\/9974","targetHints":{"allow":["GET"]}}],"collection":[{"href":"https:\/\/elouedshop.com\/index.php?rest_route=\/wp\/v2\/product"}],"about":[{"href":"https:\/\/elouedshop.com\/index.php?rest_route=\/wp\/v2\/types\/product"}],"wp:featuredmedia":[{"embeddable":true,"href":"https:\/\/elouedshop.com\/index.php?rest_route=\/wp\/v2\/media\/9975"}],"wp:attachment":[{"href":"https:\/\/elouedshop.com\/index.php?rest_route=%2Fwp%2Fv2%2Fmedia&parent=9974"}],"wp:term":[{"taxonomy":"product_brand","embeddable":true,"href":"https:\/\/elouedshop.com\/index.php?rest_route=%2Fwp%2Fv2%2Fproduct_brand&post=9974"},{"taxonomy":"product_cat","embeddable":true,"href":"https:\/\/elouedshop.com\/index.php?rest_route=%2Fwp%2Fv2%2Fproduct_cat&post=9974"},{"taxonomy":"product_tag","embeddable":true,"href":"https:\/\/elouedshop.com\/index.php?rest_route=%2Fwp%2Fv2%2Fproduct_tag&post=9974"}],"curies":[{"name":"wp","href":"https:\/\/api.w.org\/{rel}","templated":true}]}}