{"id":9973,"date":"2024-03-01T20:39:50","date_gmt":"2024-03-01T20:39:50","guid":{"rendered":"https:\/\/elouedshop.com\/?post_type=product&#038;p=9973"},"modified":"2025-01-02T16:06:46","modified_gmt":"2025-01-02T16:06:46","slug":"petit-pelerin-premier-jeu-collaboratif-familial-sur-lislam-ila-makkah","status":"publish","type":"product","link":"https:\/\/elouedshop.com\/?product=petit-pelerin-premier-jeu-collaboratif-familial-sur-lislam-ila-makkah","title":{"rendered":"Petit P\u00e8lerin &#8211; Premier Jeu collaboratif familial sur l&rsquo;Islam &#8211; Il\u00e2 Makkah"},"content":{"rendered":"","protected":false},"excerpt":{"rendered":"<p class=\"cvGsUA direction-ltr align-center para-style-body\"><span class=\"OYPEnA text-decoration-none text-strikethrough-none\">Petit P\u00e8lerin est le jeu id\u00e9al pour s\u2019amuser en famille, tout en d\u00e9couvrant les valeurs humaines de l\u2019Islam, que l\u2019on soit musulman ou non, entre 4 et 99 ans. Gr\u00e2ce \u00e0 ce jeu collaboratif, vous pourrez tester vos connaissances et en apprendre davantage sur cette belle religion, tout en vous entra\u00eenant \u00e0 avancer ensemble vers la Mecque.<\/span><\/p>\n<p class=\"cvGsUA direction-ltr align-center para-style-body\"><span class=\"OYPEnA text-decoration-none text-strikethrough-none\">Mais attention, des obstacles jalonnent votre chemin, alors mieux vaut se serrer les coudes plut\u00f4t que de jouer solo ! Ce jeu \u00e9co-con\u00e7u en France et fabriqu\u00e9 en Allemagne saura plaire \u00e0 tous les joueurs, pour des parties de 20 minutes, de 1 \u00e0 6 joueurs.<\/span><\/p>\n","protected":false},"featured_media":8204,"template":"","meta":[],"product_brand":[],"product_cat":[26],"product_tag":[],"class_list":{"0":"post-9973","1":"product","2":"type-product","3":"status-publish","4":"has-post-thumbnail","6":"product_cat-jouets-educatifs","7":"description-off","9":"first","10":"outofstock","11":"shipping-taxable","12":"purchasable","13":"product-type-simple"},"jetpack_sharing_enabled":true,"_links":{"self":[{"href":"https:\/\/elouedshop.com\/index.php?rest_route=\/wp\/v2\/product\/9973","targetHints":{"allow":["GET"]}}],"collection":[{"href":"https:\/\/elouedshop.com\/index.php?rest_route=\/wp\/v2\/product"}],"about":[{"href":"https:\/\/elouedshop.com\/index.php?rest_route=\/wp\/v2\/types\/product"}],"wp:featuredmedia":[{"embeddable":true,"href":"https:\/\/elouedshop.com\/index.php?rest_route=\/wp\/v2\/media\/8204"}],"wp:attachment":[{"href":"https:\/\/elouedshop.com\/index.php?rest_route=%2Fwp%2Fv2%2Fmedia&parent=9973"}],"wp:term":[{"taxonomy":"product_brand","embeddable":true,"href":"https:\/\/elouedshop.com\/index.php?rest_route=%2Fwp%2Fv2%2Fproduct_brand&post=9973"},{"taxonomy":"product_cat","embeddable":true,"href":"https:\/\/elouedshop.com\/index.php?rest_route=%2Fwp%2Fv2%2Fproduct_cat&post=9973"},{"taxonomy":"product_tag","embeddable":true,"href":"https:\/\/elouedshop.com\/index.php?rest_route=%2Fwp%2Fv2%2Fproduct_tag&post=9973"}],"curies":[{"name":"wp","href":"https:\/\/api.w.org\/{rel}","templated":true}]}}