{"id":9929,"date":"2024-02-29T20:23:25","date_gmt":"2024-02-29T20:23:25","guid":{"rendered":"https:\/\/elouedshop.com\/?post_type=product&#038;p=9929"},"modified":"2024-02-29T20:25:55","modified_gmt":"2024-02-29T20:25:55","slug":"lhistoire-du-compagnon-othman-ibn-affan","status":"publish","type":"product","link":"https:\/\/elouedshop.com\/?product=lhistoire-du-compagnon-othman-ibn-affan","title":{"rendered":"L&rsquo;histoire du compagnon : Othman Ibn Affan"},"content":{"rendered":"<table class=\"ce-product-features\">\n<tbody>\n<tr class=\"ce-product-features__row\">\n<th class=\"ce-product-features__label\">Ann\u00e9e<\/th>\n<td class=\"ce-product-features__value\">2024<\/td>\n<\/tr>\n<tr class=\"ce-product-features__row\">\n<th class=\"ce-product-features__label\">Couverture<\/th>\n<td class=\"ce-product-features__value\">Souple<\/td>\n<\/tr>\n<tr class=\"ce-product-features__row\">\n<th class=\"ce-product-features__label\">ISBN<\/th>\n<td class=\"ce-product-features__value\">9782875453419<\/td>\n<\/tr>\n<tr class=\"ce-product-features__row\">\n<th class=\"ce-product-features__label\">Nb. Pages<\/th>\n<td class=\"ce-product-features__value\">32<\/td>\n<\/tr>\n<tr class=\"ce-product-features__row\">\n<th class=\"ce-product-features__label\">Langue<\/th>\n<td class=\"ce-product-features__value\">fran\u00e7aise<\/td>\n<\/tr>\n<\/tbody>\n<\/table>\n","protected":false},"excerpt":{"rendered":"<p>Les \u00e9ditions al-Had\u00eeth, en collaboration avec les \u00e9ditions L&amp;S, ont la joie de vous pr\u00e9senter leur nouveau livre : \u00abL&rsquo;histoire du compagnon Omar ibn al-Khatt\u00e2b\u00bb.<\/p>\n<p>Cet ouvrage didactique a pour objectif premier de permettre \u00e0 l&rsquo;enfant de d\u00e9couvrir la vie de ce noble compagnon qu&rsquo;\u00e9tait Omar ibn\u00a0al-Khatt\u00e2b, son histoire, sa personnalit\u00e9, sa conversion \u00e0 l&rsquo;islam&#8230;<\/p>\n<p>Il y trouvera \u00e9galement un tas d&rsquo;informations importantes qui augmenteront tant sa culture g\u00e9n\u00e9rale que ses connaissances islamiques.<\/p>\n<p>Ch\u00e8re maman, cher papa, n&rsquo;h\u00e9sitez pas \u00e0 accompagner votre enfant lors de ce voyage au coeur de l&rsquo;extraordinaire histoire, pleine d\u2019enseignements, d&rsquo;Omar ibn al-Khatt\u00e2b. Vous-m\u00eames en apprendrez beaucoup !<\/p>\n","protected":false},"featured_media":9930,"template":"","meta":[],"product_brand":[],"product_cat":[66,24,21,70],"product_tag":[],"class_list":{"0":"post-9929","1":"product","2":"type-product","3":"status-publish","4":"has-post-thumbnail","6":"product_cat-compagnons","7":"product_cat-enfants","8":"product_cat-livre","9":"product_cat-vie-du-prophete-saw","10":"description-off","12":"first","13":"instock","14":"shipping-taxable","15":"purchasable","16":"product-type-simple"},"jetpack_sharing_enabled":true,"_links":{"self":[{"href":"https:\/\/elouedshop.com\/index.php?rest_route=\/wp\/v2\/product\/9929","targetHints":{"allow":["GET"]}}],"collection":[{"href":"https:\/\/elouedshop.com\/index.php?rest_route=\/wp\/v2\/product"}],"about":[{"href":"https:\/\/elouedshop.com\/index.php?rest_route=\/wp\/v2\/types\/product"}],"wp:featuredmedia":[{"embeddable":true,"href":"https:\/\/elouedshop.com\/index.php?rest_route=\/wp\/v2\/media\/9930"}],"wp:attachment":[{"href":"https:\/\/elouedshop.com\/index.php?rest_route=%2Fwp%2Fv2%2Fmedia&parent=9929"}],"wp:term":[{"taxonomy":"product_brand","embeddable":true,"href":"https:\/\/elouedshop.com\/index.php?rest_route=%2Fwp%2Fv2%2Fproduct_brand&post=9929"},{"taxonomy":"product_cat","embeddable":true,"href":"https:\/\/elouedshop.com\/index.php?rest_route=%2Fwp%2Fv2%2Fproduct_cat&post=9929"},{"taxonomy":"product_tag","embeddable":true,"href":"https:\/\/elouedshop.com\/index.php?rest_route=%2Fwp%2Fv2%2Fproduct_tag&post=9929"}],"curies":[{"name":"wp","href":"https:\/\/api.w.org\/{rel}","templated":true}]}}