{"id":9853,"date":"2024-02-28T21:54:07","date_gmt":"2024-02-28T21:54:07","guid":{"rendered":"https:\/\/elouedshop.com\/?post_type=product&#038;p=9853"},"modified":"2025-03-17T13:17:34","modified_gmt":"2025-03-17T13:17:34","slug":"les-100-plus-belles-histoires-du-coran","status":"publish","type":"product","link":"https:\/\/elouedshop.com\/?product=les-100-plus-belles-histoires-du-coran","title":{"rendered":"Les 100 plus belles Histoires du Coran"},"content":{"rendered":"<table border=\"0\" width=\"100%\" cellspacing=\"0\" cellpadding=\"0\">\n<tbody>\n<tr>\n<td align=\"left\"><span style=\"font-family: Verdana, Arial;font-size: small\"><b>Auteur :<\/b>\u00a0Saniyasnain Khan<br \/>\n<\/span><\/td>\n<\/tr>\n<tr>\n<td align=\"left\"><span style=\"font-family: Verdana, Arial;font-size: small\"><b>Type de produit :<\/b>\u00a0Livre<br \/>\n<\/span><\/td>\n<\/tr>\n<tr>\n<td align=\"left\"><span style=\"font-family: Verdana, Arial;font-size: small\"><b>Nombre de pages :<\/b>\u00a0208<br \/>\n<\/span><\/td>\n<\/tr>\n<tr>\n<td align=\"left\"><span style=\"font-family: Verdana, Arial;font-size: small\"><b>Mod\u00e8le &#8211; Format :<\/b>\u00a015,50 x 20 cm &#8211; Couverture cartonn\u00e9e avec parties argent\u00e9es<br \/>\n<\/span><\/td>\n<\/tr>\n<tr>\n<td align=\"left\"><span style=\"font-family: Verdana, Arial;font-size: small\"><b>Editeur :<\/b>\u00a0Orientica\u00a0&#8211;\u00a0Goodword books<br \/>\n<\/span><\/td>\n<\/tr>\n<tr>\n<td align=\"left\"><span style=\"font-family: Verdana, Arial;font-size: small\"><b>Langue :<\/b>\u00a0fran\u00e7ais<br \/>\n<\/span><\/td>\n<\/tr>\n<tr>\n<td align=\"left\"><span style=\"font-family: Verdana, Arial;font-size: small\"><b>ISBN\/EAN :<\/b>\u00a0978-93-86589-73-6 \/ 9789386589736<\/span><\/td>\n<\/tr>\n<\/tbody>\n<\/table>\n","protected":false},"excerpt":{"rendered":"<p class=\"cvGsUA direction-ltr align-center para-style-body\"><span class=\"OYPEnA text-decoration-none text-strikethrough-none\">Si vous cherchez un cadeau qui fait plaisir \u00e0 toute la famille, cette collection d&#8217;histoires coraniques illustr\u00e9es est la perle rare ! Les histoires sont racont\u00e9es de mani\u00e8re simple, avec des mots qui sautent et des illustrations qui font r\u00eaver. Chacune d&#8217;entre elles porte un message inspirant et moralisateur pour les petits comme pour les grands !<\/span><\/p>\n<p class=\"cvGsUA direction-ltr align-center para-style-body\"><span class=\"OYPEnA text-decoration-none text-strikethrough-none\">Adapt\u00e9 pour les enfants de 4-5 ans.<\/span><\/p>\n","protected":false},"featured_media":922,"template":"","meta":[],"product_brand":[],"product_cat":[39,24,175,59,21,225],"product_tag":[],"class_list":{"0":"post-9853","1":"product","2":"type-product","3":"status-publish","4":"has-post-thumbnail","6":"product_cat-bebe-3ans","7":"product_cat-enfants","8":"product_cat-histoires-du-coran","9":"product_cat-les-recits-des-prophetes","10":"product_cat-livre","11":"product_cat-ramadan","12":"description-off","14":"first","15":"outofstock","16":"shipping-taxable","17":"purchasable","18":"product-type-simple"},"jetpack_sharing_enabled":true,"_links":{"self":[{"href":"https:\/\/elouedshop.com\/index.php?rest_route=\/wp\/v2\/product\/9853","targetHints":{"allow":["GET"]}}],"collection":[{"href":"https:\/\/elouedshop.com\/index.php?rest_route=\/wp\/v2\/product"}],"about":[{"href":"https:\/\/elouedshop.com\/index.php?rest_route=\/wp\/v2\/types\/product"}],"wp:featuredmedia":[{"embeddable":true,"href":"https:\/\/elouedshop.com\/index.php?rest_route=\/wp\/v2\/media\/922"}],"wp:attachment":[{"href":"https:\/\/elouedshop.com\/index.php?rest_route=%2Fwp%2Fv2%2Fmedia&parent=9853"}],"wp:term":[{"taxonomy":"product_brand","embeddable":true,"href":"https:\/\/elouedshop.com\/index.php?rest_route=%2Fwp%2Fv2%2Fproduct_brand&post=9853"},{"taxonomy":"product_cat","embeddable":true,"href":"https:\/\/elouedshop.com\/index.php?rest_route=%2Fwp%2Fv2%2Fproduct_cat&post=9853"},{"taxonomy":"product_tag","embeddable":true,"href":"https:\/\/elouedshop.com\/index.php?rest_route=%2Fwp%2Fv2%2Fproduct_tag&post=9853"}],"curies":[{"name":"wp","href":"https:\/\/api.w.org\/{rel}","templated":true}]}}