{"id":9844,"date":"2024-02-28T21:30:13","date_gmt":"2024-02-28T21:30:13","guid":{"rendered":"https:\/\/elouedshop.com\/?post_type=product&#038;p=9844"},"modified":"2024-03-16T14:21:50","modified_gmt":"2024-03-16T14:21:50","slug":"moussa-et-son-peuple-histoires-des-prophetes-pour-les-petits","status":"publish","type":"product","link":"https:\/\/elouedshop.com\/?product=moussa-et-son-peuple-histoires-des-prophetes-pour-les-petits","title":{"rendered":"Mo\u00fbss\u00e2 et son peuple &#8211; Histoires des Proph\u00e8tes pour les Petits"},"content":{"rendered":"<table border=\"0\" width=\"100%\" cellspacing=\"0\" cellpadding=\"0\">\n<tbody>\n<tr>\n<td align=\"left\"><span style=\"font-family: Verdana, Arial;font-size: small\"><b>Auteur :<\/b>\u00a0Equipe \u00e9ditoriale Orientica<br \/>\n<\/span><\/td>\n<\/tr>\n<tr>\n<td align=\"left\"><span style=\"font-family: Verdana, Arial;font-size: small\"><b>Type de produit :<\/b>\u00a0Livre<br \/>\n<\/span><\/td>\n<\/tr>\n<tr>\n<td align=\"left\"><span style=\"font-family: Verdana, Arial;font-size: small\"><b>Nombre de pages :<\/b>\u00a020<br \/>\n<\/span><\/td>\n<\/tr>\n<tr>\n<td align=\"left\"><span style=\"font-family: Verdana, Arial;font-size: small\"><b>Mod\u00e8le &#8211; Format :<\/b>\u00a014,8 cm x 21 &#8211; Pages cartonn\u00e9es &#8211; Bords arrondis &#8211; Cellophan\u00e9<br \/>\n<\/span><\/td>\n<\/tr>\n<tr>\n<td align=\"left\"><span style=\"font-family: Verdana, Arial;font-size: small\"><b>Editeur :<\/b>\u00a0Orientica<br \/>\n<\/span><\/td>\n<\/tr>\n<tr>\n<td align=\"left\"><span style=\"font-family: Verdana, Arial;font-size: small\"><b>Langue :<\/b>\u00a0fran\u00e7ais<br \/>\n<\/span><\/td>\n<\/tr>\n<tr>\n<td align=\"left\"><span style=\"font-family: Verdana, Arial;font-size: small\"><b>ISBN\/EAN :<\/b>\u00a09782356359216<\/span><\/td>\n<\/tr>\n<\/tbody>\n<\/table>\n","protected":false},"excerpt":{"rendered":"<p>\u00ab Les Histoires des Proph\u00e8tes pour les Petits \u00bb est une riche collection d\u00e9di\u00e9e aux jeunes enfants, qui vous permettra d\u2019aller \u00e0 la d\u00e9couverte de la vie des Proph\u00e8tes \u00e0 travers des illustrations somptueuses et un texte simple, et de partager des moments magiques avec vos bouts de chou en leur racontant les fascinants r\u00e9cits des meilleurs \u00eatres de la Cr\u00e9ation.<\/p>\n<p>Plongez dans l\u2019univers captivant des r\u00e9cits authentiques des Proph\u00e8tes\u00a0! Des premiers pas d\u2019\u00c2dam, \u00e0 la sagesse de Soulaym\u00e2n, en traversant la patience d\u2019Ayyo\u00fbb, jusqu\u2019\u00e0 parvenir \u00e0 l\u2019\u00e9minence de Mouhammad\u00a0(SAW), chaque r\u00e9cit vous emportera dans un monde impr\u00e9gn\u00e9 de foi et de sagesse.<\/p>\n<p>Chaque histoire est racont\u00e9e avec douceur et p\u00e9dagogie, permettant aux petits c\u0153urs de s\u2019\u00e9merveiller devant ces le\u00e7ons intemporelles. Les illustrations, \u00e9vocatrices et hautes en couleur, enchanteront les yeux des petits lecteurs, et les morales, profondes et \u00e9difiantes, leur transmettront des valeurs universelles, rendant ainsi chaque r\u00e9cit passionnant et m\u00e9morable.<\/p>\n<p>Bien plus qu\u2019une collection, cette s\u00e9rie &#8211; qui offre une opportunit\u00e9 unique de consolider les principes fondamentaux de l\u2019islam chez vos enfants, tout en suscitant leur curiosit\u00e9 et leur d\u00e9sir d\u2019apprendre &#8211; constitue un voyage empli de sagesse, invitant les petits \u00e0 d\u00e9couvrir les valeurs qui guident la vie des croyants depuis des si\u00e8cles. Offrez \u00e0 vos enfants le merveilleux cadeau d\u2019une \u00e9ducation empreinte de spiritualit\u00e9. Puissent \u00ab Les Histoires des Proph\u00e8tes pour les Petits\u00a0\u00bb \u00eatre un v\u00e9ritable joyau dans leurs c\u0153urs, illuminant leur chemin vers la paix, l\u2019amour et la bienveillance.<\/p>\n","protected":false},"featured_media":7867,"template":"","meta":[],"product_brand":[],"product_cat":[39,24,59,21],"product_tag":[],"class_list":{"0":"post-9844","1":"product","2":"type-product","3":"status-publish","4":"has-post-thumbnail","6":"product_cat-bebe-3ans","7":"product_cat-enfants","8":"product_cat-les-recits-des-prophetes","9":"product_cat-livre","10":"description-off","12":"first","13":"instock","14":"shipping-taxable","15":"purchasable","16":"product-type-simple"},"jetpack_sharing_enabled":true,"_links":{"self":[{"href":"https:\/\/elouedshop.com\/index.php?rest_route=\/wp\/v2\/product\/9844","targetHints":{"allow":["GET"]}}],"collection":[{"href":"https:\/\/elouedshop.com\/index.php?rest_route=\/wp\/v2\/product"}],"about":[{"href":"https:\/\/elouedshop.com\/index.php?rest_route=\/wp\/v2\/types\/product"}],"wp:featuredmedia":[{"embeddable":true,"href":"https:\/\/elouedshop.com\/index.php?rest_route=\/wp\/v2\/media\/7867"}],"wp:attachment":[{"href":"https:\/\/elouedshop.com\/index.php?rest_route=%2Fwp%2Fv2%2Fmedia&parent=9844"}],"wp:term":[{"taxonomy":"product_brand","embeddable":true,"href":"https:\/\/elouedshop.com\/index.php?rest_route=%2Fwp%2Fv2%2Fproduct_brand&post=9844"},{"taxonomy":"product_cat","embeddable":true,"href":"https:\/\/elouedshop.com\/index.php?rest_route=%2Fwp%2Fv2%2Fproduct_cat&post=9844"},{"taxonomy":"product_tag","embeddable":true,"href":"https:\/\/elouedshop.com\/index.php?rest_route=%2Fwp%2Fv2%2Fproduct_tag&post=9844"}],"curies":[{"name":"wp","href":"https:\/\/api.w.org\/{rel}","templated":true}]}}