{"id":9794,"date":"2024-02-27T21:59:03","date_gmt":"2024-02-27T21:59:03","guid":{"rendered":"https:\/\/elouedshop.com\/?post_type=product&#038;p=9794"},"modified":"2024-02-27T21:59:04","modified_gmt":"2024-02-27T21:59:04","slug":"la-piete-envers-les-parents-ibn-al-jawzi","status":"publish","type":"product","link":"https:\/\/elouedshop.com\/?product=la-piete-envers-les-parents-ibn-al-jawzi","title":{"rendered":"La pi\u00e9t\u00e9 envers les parents &#8211; Ibn al-Jawzi"},"content":{"rendered":"<table class=\"ce-product-features\">\n<tbody>\n<tr class=\"ce-product-features__row\">\n<th class=\"ce-product-features__label\">Couverture<\/th>\n<td class=\"ce-product-features__value\">Souple<\/td>\n<\/tr>\n<tr class=\"ce-product-features__row\">\n<th class=\"ce-product-features__label\">Nb. Pages<\/th>\n<td class=\"ce-product-features__value\">107<\/td>\n<\/tr>\n<tr class=\"ce-product-features__row\">\n<th class=\"ce-product-features__label\">Langue<\/th>\n<td class=\"ce-product-features__value\">fran\u00e7aise<\/td>\n<\/tr>\n<tr class=\"ce-product-features__row\">\n<th class=\"ce-product-features__label\">Auteur<\/th>\n<td class=\"ce-product-features__value\">Ibn Al-Jawzi<\/td>\n<\/tr>\n<\/tbody>\n<\/table>\n","protected":false},"excerpt":{"rendered":"<p>Bien des jeunes de notre \u00e9poque ne pr\u00eatent pas attention \u00e0 la pi\u00e9t\u00e9 filiale et ne consid\u00e8rent pas qu&rsquo;elle est obligatoire comme la Foi. Ils \u00e9l\u00e8vent leur voix devant leurs p\u00e8re et m\u00e8re comme s&rsquo;il ne croyaient pas que leur ob\u00e9issance rel\u00e8ve des devoirs religieux. Ils se sont d\u00e9tourn\u00e9s compl\u00e8tement de faire le bien (envers les parents) comme s&rsquo;il n&rsquo;\u00e9tait pas consid\u00e9r\u00e9 comme tel par la loi religieuse et par la raison.<\/p>\n<p>J&rsquo;ai estim\u00e9 utile d&rsquo;\u00e9crire un livre sur ce th\u00e8me pour \u00e9veiller l&rsquo;insouciant et faire un rappel pour celui qui est averti.<\/p>\n","protected":false},"featured_media":9797,"template":"","meta":[],"product_brand":[],"product_cat":[181,44,21],"product_tag":[],"class_list":{"0":"post-9794","1":"product","2":"type-product","3":"status-publish","4":"has-post-thumbnail","6":"product_cat-education-religieuse","7":"product_cat-ethique-education","8":"product_cat-livre","9":"description-off","11":"first","12":"instock","13":"shipping-taxable","14":"purchasable","15":"product-type-simple"},"jetpack_sharing_enabled":true,"_links":{"self":[{"href":"https:\/\/elouedshop.com\/index.php?rest_route=\/wp\/v2\/product\/9794","targetHints":{"allow":["GET"]}}],"collection":[{"href":"https:\/\/elouedshop.com\/index.php?rest_route=\/wp\/v2\/product"}],"about":[{"href":"https:\/\/elouedshop.com\/index.php?rest_route=\/wp\/v2\/types\/product"}],"wp:featuredmedia":[{"embeddable":true,"href":"https:\/\/elouedshop.com\/index.php?rest_route=\/wp\/v2\/media\/9797"}],"wp:attachment":[{"href":"https:\/\/elouedshop.com\/index.php?rest_route=%2Fwp%2Fv2%2Fmedia&parent=9794"}],"wp:term":[{"taxonomy":"product_brand","embeddable":true,"href":"https:\/\/elouedshop.com\/index.php?rest_route=%2Fwp%2Fv2%2Fproduct_brand&post=9794"},{"taxonomy":"product_cat","embeddable":true,"href":"https:\/\/elouedshop.com\/index.php?rest_route=%2Fwp%2Fv2%2Fproduct_cat&post=9794"},{"taxonomy":"product_tag","embeddable":true,"href":"https:\/\/elouedshop.com\/index.php?rest_route=%2Fwp%2Fv2%2Fproduct_tag&post=9794"}],"curies":[{"name":"wp","href":"https:\/\/api.w.org\/{rel}","templated":true}]}}