{"id":9767,"date":"2024-02-27T20:36:24","date_gmt":"2024-02-27T20:36:24","guid":{"rendered":"https:\/\/elouedshop.com\/?post_type=product&#038;p=9767"},"modified":"2024-03-16T12:49:29","modified_gmt":"2024-03-16T12:49:29","slug":"apprends-moi-les-trois-fondements-pour-les-enfants-2","status":"publish","type":"product","link":"https:\/\/elouedshop.com\/?product=apprends-moi-les-trois-fondements-pour-les-enfants-2","title":{"rendered":"Apprends-moi : les trois fondements pour les enfants"},"content":{"rendered":"<table class=\"ce-product-features\">\n<tbody>\n<tr class=\"ce-product-features__row\">\n<th class=\"ce-product-features__label\">Langue<\/th>\n<td class=\"ce-product-features__value\">fran\u00e7aise<\/td>\n<\/tr>\n<\/tbody>\n<\/table>\n","protected":false},"excerpt":{"rendered":"<p>Adam et Sara fabriquaient une maison avec des cubes de construction.<\/p>\n<p>Alors qu&#8217;elle pla\u00e7ait la derni\u00e8re brique sur le toit, Sara s&#8217;exclama:<\/p>\n<p>\u00ab Alhamdulillah, notre maison est enfin termin\u00e9e Adam !<\/p>\n<p>Contrairement aux autres que nous avions construites, celle-ci ne s&#8217;\u00e9croulera pas car nous l&#8217;avons b\u00e2tie avec des fondations solides et de hauts murs !<\/p>\n<p>\u00ab Savais-tu que l&#8217;Islam avait aussi des fondations ? \u00bb, demanda<\/p>\n<p>Adam \u00e0 sa s\u0153ur.<\/p>\n<p>\u00ab Ah bon ? \u00bb s&#8217;\u00e9tonna la petite fille.<\/p>\n<p>\u00ab Oui ! Avec de faibles fondations, une maison finira toujours par s&#8217;\u00e9crouler. De la m\u00eame mani\u00e8re, l&#8217;Islam a des fondements que l&#8217;on appelle \u00ab Oussoul \u00bb. Sans ces bases, notre Islam serait incomplet.<\/p>\n<p>Il manquerait des briques indispensables et notre foi serait faible et risquerait de vaciller \u00e0 tout moment.<\/p>\n","protected":false},"featured_media":9768,"template":"","meta":[],"product_brand":[],"product_cat":[47,167,181,24,21],"product_tag":[],"class_list":{"0":"post-9767","1":"product","2":"type-product","3":"status-publish","4":"has-post-thumbnail","6":"product_cat-comprendre-lislam","7":"product_cat-contes-educatifs","8":"product_cat-education-religieuse","9":"product_cat-enfants","10":"product_cat-livre","11":"description-off","13":"first","14":"instock","15":"shipping-taxable","16":"purchasable","17":"product-type-simple"},"jetpack_sharing_enabled":true,"_links":{"self":[{"href":"https:\/\/elouedshop.com\/index.php?rest_route=\/wp\/v2\/product\/9767","targetHints":{"allow":["GET"]}}],"collection":[{"href":"https:\/\/elouedshop.com\/index.php?rest_route=\/wp\/v2\/product"}],"about":[{"href":"https:\/\/elouedshop.com\/index.php?rest_route=\/wp\/v2\/types\/product"}],"wp:featuredmedia":[{"embeddable":true,"href":"https:\/\/elouedshop.com\/index.php?rest_route=\/wp\/v2\/media\/9768"}],"wp:attachment":[{"href":"https:\/\/elouedshop.com\/index.php?rest_route=%2Fwp%2Fv2%2Fmedia&parent=9767"}],"wp:term":[{"taxonomy":"product_brand","embeddable":true,"href":"https:\/\/elouedshop.com\/index.php?rest_route=%2Fwp%2Fv2%2Fproduct_brand&post=9767"},{"taxonomy":"product_cat","embeddable":true,"href":"https:\/\/elouedshop.com\/index.php?rest_route=%2Fwp%2Fv2%2Fproduct_cat&post=9767"},{"taxonomy":"product_tag","embeddable":true,"href":"https:\/\/elouedshop.com\/index.php?rest_route=%2Fwp%2Fv2%2Fproduct_tag&post=9767"}],"curies":[{"name":"wp","href":"https:\/\/api.w.org\/{rel}","templated":true}]}}