{"id":9709,"date":"2024-02-26T21:43:56","date_gmt":"2024-02-26T21:43:56","guid":{"rendered":"https:\/\/elouedshop.com\/?post_type=product&#038;p=9709"},"modified":"2025-01-02T16:05:29","modified_gmt":"2025-01-02T16:05:29","slug":"deeny-quest-jeu-de-societe-6-a-12-ans-2","status":"publish","type":"product","link":"https:\/\/elouedshop.com\/?product=deeny-quest-jeu-de-societe-6-a-12-ans-2","title":{"rendered":"Deeny Quest (Jeu de soci\u00e9t\u00e9 6 \u00e0 12 ans)"},"content":{"rendered":"<table border=\"0\" width=\"100%\" cellspacing=\"0\" cellpadding=\"0\">\n<tbody>\n<tr>\n<td align=\"left\"><span style=\"font-family: Verdana, Arial;font-size: small\"><b>Type de produit :<\/b>\u00a0Jeu \/ jouet<br \/>\n<\/span><\/td>\n<\/tr>\n<tr>\n<td align=\"left\"><span style=\"font-family: Verdana, Arial;font-size: small\"><b>Mod\u00e8le &#8211; Format :<\/b>\u00a0boite 23x25x4cm<br \/>\n<\/span><\/td>\n<\/tr>\n<tr>\n<td align=\"left\"><span style=\"font-family: Verdana, Arial;font-size: small\"><b>Editeur :<\/b>\u00a0Osratouna<br \/>\n<\/span><\/td>\n<\/tr>\n<tr>\n<td align=\"left\"><span style=\"font-family: Verdana, Arial;font-size: small\"><b>Langue :<\/b>\u00a0fran\u00e7ais<br \/>\n<\/span><\/td>\n<\/tr>\n<tr>\n<td align=\"left\"><span style=\"font-family: Verdana, Arial;font-size: small\"><b>EAN :<\/b>\u00a03770012698201<\/span><\/td>\n<\/tr>\n<\/tbody>\n<\/table>\n","protected":false},"excerpt":{"rendered":"<p><span class=\"OYPEnA text-decoration-none text-strikethrough-none\">Vous cherchez un jeu amusant pour apprendre les fondamentaux de l&#8217;Islam ? Voil\u00e0 DEENY QUEST, un jeu rempli de 420 questions pour tous les \u00e2ges ! Avec des th\u00e8mes tels que les 5 piliers de l&#8217;Islam, la foi musulmane, le Coran, la langue arabe, le bon comportement et l&#8217;histoire des proph\u00e8tes, vous vous amuserez tout en apprenant. La partie se joue en r\u00e9pondant aux questions et en \u00e9tant le premier \u00e0 atteindre l&#8217;arriv\u00e9e. C&#8217;est parfait pour les enfants d\u00e8s l&#8217;\u00e2ge de 6 ans, et il y a trois niveaux de difficult\u00e9 diff\u00e9rents pour s&#8217;adapter \u00e0 tous les \u00e2ges. Avec 70 cartes pour chaque niveau, un plateau de jeu, les r\u00e8gles et 6 pions, vous pourrez jouer en famille ou entre amis tout en apprenant !<\/span><\/p>\n","protected":false},"featured_media":8281,"template":"","meta":[],"product_brand":[],"product_cat":[26],"product_tag":[],"class_list":{"0":"post-9709","1":"product","2":"type-product","3":"status-publish","4":"has-post-thumbnail","6":"product_cat-jouets-educatifs","7":"description-off","9":"first","10":"instock","11":"shipping-taxable","12":"purchasable","13":"product-type-simple"},"jetpack_sharing_enabled":true,"_links":{"self":[{"href":"https:\/\/elouedshop.com\/index.php?rest_route=\/wp\/v2\/product\/9709","targetHints":{"allow":["GET"]}}],"collection":[{"href":"https:\/\/elouedshop.com\/index.php?rest_route=\/wp\/v2\/product"}],"about":[{"href":"https:\/\/elouedshop.com\/index.php?rest_route=\/wp\/v2\/types\/product"}],"wp:featuredmedia":[{"embeddable":true,"href":"https:\/\/elouedshop.com\/index.php?rest_route=\/wp\/v2\/media\/8281"}],"wp:attachment":[{"href":"https:\/\/elouedshop.com\/index.php?rest_route=%2Fwp%2Fv2%2Fmedia&parent=9709"}],"wp:term":[{"taxonomy":"product_brand","embeddable":true,"href":"https:\/\/elouedshop.com\/index.php?rest_route=%2Fwp%2Fv2%2Fproduct_brand&post=9709"},{"taxonomy":"product_cat","embeddable":true,"href":"https:\/\/elouedshop.com\/index.php?rest_route=%2Fwp%2Fv2%2Fproduct_cat&post=9709"},{"taxonomy":"product_tag","embeddable":true,"href":"https:\/\/elouedshop.com\/index.php?rest_route=%2Fwp%2Fv2%2Fproduct_tag&post=9709"}],"curies":[{"name":"wp","href":"https:\/\/api.w.org\/{rel}","templated":true}]}}