{"id":9708,"date":"2024-02-26T21:43:54","date_gmt":"2024-02-26T21:43:54","guid":{"rendered":"https:\/\/elouedshop.com\/?post_type=product&#038;p=9708"},"modified":"2025-01-02T16:04:40","modified_gmt":"2025-01-02T16:04:40","slug":"quran-challenge-nouvelle-version-2","status":"publish","type":"product","link":"https:\/\/elouedshop.com\/?product=quran-challenge-nouvelle-version-2","title":{"rendered":"Qur&rsquo;an Challenge : nouvelle version"},"content":{"rendered":"<table border=\"0\" width=\"100%\" cellspacing=\"0\" cellpadding=\"0\">\n<tbody>\n<tr>\n<td align=\"left\"><span style=\"font-family: Verdana, Arial; font-size: small;\"><b>Auteur :<\/b>\u00a0Collectif<br \/>\n<\/span><\/td>\n<\/tr>\n<tr>\n<td align=\"left\"><span style=\"font-family: Verdana, Arial; font-size: small;\"><b>Type de produit :<\/b>\u00a0Jeu \/ jouet<br \/>\n<\/span><\/td>\n<\/tr>\n<tr>\n<td align=\"left\"><span style=\"font-family: Verdana, Arial; font-size: small;\"><b>Mod\u00e8le &#8211; Format :<\/b>\u00a0Boite : 27 x 27 x 7 cm<br \/>\n<\/span><\/td>\n<\/tr>\n<tr>\n<td align=\"left\"><span style=\"font-family: Verdana, Arial; font-size: small;\"><b>Editeur :<\/b>\u00a0Orientica\u00a0&#8211;\u00a0Goodword<br \/>\n<\/span><\/td>\n<\/tr>\n<tr>\n<td align=\"left\"><span style=\"font-family: Verdana, Arial; font-size: small;\"><b>Langue :<\/b>\u00a0fran\u00e7ais<br \/>\n<\/span><\/td>\n<\/tr>\n<tr>\n<td align=\"left\"><span style=\"font-family: Verdana, Arial; font-size: small;\"><b>EAN :<\/b>\u00a0978-93-5179-132-4 \/ 9789351791324<\/span><\/td>\n<\/tr>\n<\/tbody>\n<\/table>\n","protected":false},"excerpt":{"rendered":"<p class=\"cvGsUA direction-ltr align-center para-style-body\"><span class=\"OYPEnA text-decoration-none text-strikethrough-none\">Vous cherchez un jeu palpitant pour vos enfants qui soit \u00e0 la fois amusant et \u00e9ducatif ? Vous allez adorer \u00ab\u00a0Qur&rsquo;an Challenge\u00a0\u00bb, le tout premier jeu de soci\u00e9t\u00e9 bas\u00e9 sur le Livre Sacr\u00e9 ! Avec toutes les questions tir\u00e9es du Coran, ce jeu est une merveilleuse fa\u00e7on pour vos enfants de s&rsquo;instruire tout en s&rsquo;amusant.<\/span><\/p>\n<p class=\"cvGsUA direction-ltr align-center para-style-body\"><span class=\"OYPEnA text-decoration-none text-strikethrough-none\">Il peut \u00eatre jou\u00e9 \u00e0 l&rsquo;\u00e9cole ou en famille, avec tout le monde. Ce jeu est une v\u00e9ritable aventure, qui vous emm\u00e8nera dans un monde de sagesse et d&rsquo;apprentissage. Alors, partez pour une nouvelle aventure et d\u00e9couvrez comment apprendre peut \u00eatre amusant !<\/span><\/p>\n<p class=\"cvGsUA direction-ltr align-center para-style-body\"><span class=\"OYPEnA text-decoration-none text-strikethrough-none\">Le jeu contient une planche de jeu, 100 cartes de questions, 6 pi\u00e8ces de jeu (pions), 1 d\u00e9, 1 livret d&rsquo;instructions (8 pages).<\/span><\/p>\n<p class=\"cvGsUA direction-ltr align-center para-style-body\"><span class=\"OYPEnA text-decoration-none text-strikethrough-none\">De 2 \u00e0 6 joueurs, pour les enfants de 8 ans et plus.<\/span><\/p>\n","protected":false},"featured_media":342,"template":"","meta":[],"product_brand":[],"product_cat":[26],"product_tag":[],"class_list":{"0":"post-9708","1":"product","2":"type-product","3":"status-publish","4":"has-post-thumbnail","6":"product_cat-jouets-educatifs","7":"description-off","9":"first","10":"instock","11":"shipping-taxable","12":"purchasable","13":"product-type-simple"},"jetpack_sharing_enabled":true,"_links":{"self":[{"href":"https:\/\/elouedshop.com\/index.php?rest_route=\/wp\/v2\/product\/9708","targetHints":{"allow":["GET"]}}],"collection":[{"href":"https:\/\/elouedshop.com\/index.php?rest_route=\/wp\/v2\/product"}],"about":[{"href":"https:\/\/elouedshop.com\/index.php?rest_route=\/wp\/v2\/types\/product"}],"wp:featuredmedia":[{"embeddable":true,"href":"https:\/\/elouedshop.com\/index.php?rest_route=\/wp\/v2\/media\/342"}],"wp:attachment":[{"href":"https:\/\/elouedshop.com\/index.php?rest_route=%2Fwp%2Fv2%2Fmedia&parent=9708"}],"wp:term":[{"taxonomy":"product_brand","embeddable":true,"href":"https:\/\/elouedshop.com\/index.php?rest_route=%2Fwp%2Fv2%2Fproduct_brand&post=9708"},{"taxonomy":"product_cat","embeddable":true,"href":"https:\/\/elouedshop.com\/index.php?rest_route=%2Fwp%2Fv2%2Fproduct_cat&post=9708"},{"taxonomy":"product_tag","embeddable":true,"href":"https:\/\/elouedshop.com\/index.php?rest_route=%2Fwp%2Fv2%2Fproduct_tag&post=9708"}],"curies":[{"name":"wp","href":"https:\/\/api.w.org\/{rel}","templated":true}]}}