{"id":9675,"date":"2024-02-25T21:52:27","date_gmt":"2024-02-25T21:52:27","guid":{"rendered":"https:\/\/elouedshop.com\/?post_type=product&#038;p=9675"},"modified":"2025-01-02T16:04:03","modified_gmt":"2025-01-02T16:04:03","slug":"jeu-de-societe-al-masjid-a-partir-de-7-ans","status":"publish","type":"product","link":"https:\/\/elouedshop.com\/?product=jeu-de-societe-al-masjid-a-partir-de-7-ans","title":{"rendered":"Jeu de soci\u00e9t\u00e9 Al Masjid &#8211; (A partir de 7 ans)"},"content":{"rendered":"<table border=\"0\" width=\"100%\" cellspacing=\"0\" cellpadding=\"0\">\n<tbody>\n<tr>\n<td align=\"left\"><span style=\"font-family: Verdana, Arial; font-size: small;\"><b>Type de produit :<\/b>\u00a0Jeu \/ jouet<br \/>\n<\/span><\/td>\n<\/tr>\n<tr>\n<td align=\"left\"><span style=\"font-family: Verdana, Arial; font-size: small;\"><b>Mod\u00e8le &#8211; Format :<\/b>\u00a0Boite 4 x 25 x 27 cm<br \/>\n<\/span><\/td>\n<\/tr>\n<tr>\n<td align=\"left\"><span style=\"font-family: Verdana, Arial; font-size: small;\"><b>Editeur :<\/b>\u00a0Osratouna<br \/>\n<\/span><\/td>\n<\/tr>\n<tr>\n<td align=\"left\"><span style=\"font-family: Verdana, Arial; font-size: small;\"><b>Langue :<\/b>\u00a0fran\u00e7ais<br \/>\n<\/span><\/td>\n<\/tr>\n<tr>\n<td align=\"left\"><span style=\"font-family: Verdana, Arial; font-size: small;\"><b>EAN :<\/b>\u00a03770012698003<\/span><\/td>\n<\/tr>\n<\/tbody>\n<\/table>\n","protected":false},"excerpt":{"rendered":"<p><span class=\"OYPEnA text-decoration-none text-strikethrough-none\">Hey, devine quoi? Il y a un nouveau jeu de soci\u00e9t\u00e9 en ville et celui-ci est diff\u00e9rent de tous les autres! Les joueurs ne sont plus r\u00e9compens\u00e9s pour amasser des richesses, mais plut\u00f4t pour faire de bonnes actions. Tu ne me crois pas? Le jeu s&rsquo;appelle \u00ab Al Masjid \u00bb et le but est de construire une mosqu\u00e9e en faisant des dons g\u00e9n\u00e9reux. Le premier joueur \u00e0 construire sa mosqu\u00e9e gagne! Mais attends, cela ne s&rsquo;arr\u00eate pas l\u00e0. Tout au long du jeu, les joueurs parcourent des lieux mentionn\u00e9s dans le Coran, apprenant ainsi l&rsquo;histoire et la g\u00e9ographie de ce livre incroyable. Le jeu comprend tout ce dont tu as besoin pour commencer: plateau de jeu, pions, cartes, billets, d\u00e9s et r\u00e8gles du jeu. Et ce n&rsquo;est pas tout, des \u00e9ducateurs ont test\u00e9 ce jeu avec leurs enfants, alors tu sais que c&rsquo;est un jeu gagnant!<\/span><\/p>\n","protected":false},"featured_media":8712,"template":"","meta":[],"product_brand":[],"product_cat":[26],"product_tag":[],"class_list":{"0":"post-9675","1":"product","2":"type-product","3":"status-publish","4":"has-post-thumbnail","6":"product_cat-jouets-educatifs","7":"description-off","9":"first","10":"instock","11":"shipping-taxable","12":"purchasable","13":"product-type-simple"},"jetpack_sharing_enabled":true,"_links":{"self":[{"href":"https:\/\/elouedshop.com\/index.php?rest_route=\/wp\/v2\/product\/9675","targetHints":{"allow":["GET"]}}],"collection":[{"href":"https:\/\/elouedshop.com\/index.php?rest_route=\/wp\/v2\/product"}],"about":[{"href":"https:\/\/elouedshop.com\/index.php?rest_route=\/wp\/v2\/types\/product"}],"wp:featuredmedia":[{"embeddable":true,"href":"https:\/\/elouedshop.com\/index.php?rest_route=\/wp\/v2\/media\/8712"}],"wp:attachment":[{"href":"https:\/\/elouedshop.com\/index.php?rest_route=%2Fwp%2Fv2%2Fmedia&parent=9675"}],"wp:term":[{"taxonomy":"product_brand","embeddable":true,"href":"https:\/\/elouedshop.com\/index.php?rest_route=%2Fwp%2Fv2%2Fproduct_brand&post=9675"},{"taxonomy":"product_cat","embeddable":true,"href":"https:\/\/elouedshop.com\/index.php?rest_route=%2Fwp%2Fv2%2Fproduct_cat&post=9675"},{"taxonomy":"product_tag","embeddable":true,"href":"https:\/\/elouedshop.com\/index.php?rest_route=%2Fwp%2Fv2%2Fproduct_tag&post=9675"}],"curies":[{"name":"wp","href":"https:\/\/api.w.org\/{rel}","templated":true}]}}