{"id":9674,"date":"2024-02-25T21:51:52","date_gmt":"2024-02-25T21:51:52","guid":{"rendered":"https:\/\/elouedshop.com\/?post_type=product&#038;p=9674"},"modified":"2025-01-02T16:00:07","modified_gmt":"2025-01-02T16:00:07","slug":"dinopoly-deviendras-tu-le-savant-du-jour","status":"publish","type":"product","link":"https:\/\/elouedshop.com\/?product=dinopoly-deviendras-tu-le-savant-du-jour","title":{"rendered":"Dinopoly : deviendras-tu le savant du jour ?"},"content":{"rendered":"","protected":false},"excerpt":{"rendered":"<p class=\"cvGsUA direction-ltr align-center para-style-body\"><span class=\"OYPEnA text-decoration-none text-strikethrough-none\">Plongez dans un monde f\u00e9erique, pr\u00eat \u00e0 r\u00e9veiller le courageux aventurier en vous : faites la d\u00e9couverte du fabuleux univers de Dinapoly ! Bien plus qu&#8217;un simple jeu, c&#8217;est une passerelle unique entre savoir et divertissement. Attachez votre ceinture pour un voyage \u00e0 travers 6 th\u00e8mes captivants, qui ne demandent qu&#8217;\u00e0 \u00eatre explor\u00e9s:<\/span><\/p>\n<p class=\"cvGsUA direction-ltr align-center para-style-body\"><span class=\"OYPEnA text-decoration-none text-strikethrough-none\">Embarquez pour un voyage \u00e9poustouflant \u00e0 travers l&#8217;Histoire du monde musulman, en suivant la route \u00e9clair\u00e9e de la foi et de la croyance. \u00c9coutez les r\u00e9cits ensorcelants des proph\u00e8tes qui ont fa\u00e7onn\u00e9 notre existence, explorez les lumi\u00e8res intemporelles du Coran et plongez dans son essence profonde. Ancrez-vous dans les cinq piliers fondateurs de l&#8217;Islam et suivez les pas du dernier proph\u00e8te, Mohamed. Chaque d\u00e9fi que vous relev\u00e9 sera une pierre angulaire de cette \u00e9pop\u00e9e extraordinaire.<\/span><\/p>\n","protected":false},"featured_media":8475,"template":"","meta":[],"product_brand":[],"product_cat":[26],"product_tag":[],"class_list":{"0":"post-9674","1":"product","2":"type-product","3":"status-publish","4":"has-post-thumbnail","6":"product_cat-jouets-educatifs","7":"description-off","9":"first","10":"instock","11":"shipping-taxable","12":"purchasable","13":"product-type-simple"},"jetpack_sharing_enabled":true,"_links":{"self":[{"href":"https:\/\/elouedshop.com\/index.php?rest_route=\/wp\/v2\/product\/9674","targetHints":{"allow":["GET"]}}],"collection":[{"href":"https:\/\/elouedshop.com\/index.php?rest_route=\/wp\/v2\/product"}],"about":[{"href":"https:\/\/elouedshop.com\/index.php?rest_route=\/wp\/v2\/types\/product"}],"wp:featuredmedia":[{"embeddable":true,"href":"https:\/\/elouedshop.com\/index.php?rest_route=\/wp\/v2\/media\/8475"}],"wp:attachment":[{"href":"https:\/\/elouedshop.com\/index.php?rest_route=%2Fwp%2Fv2%2Fmedia&parent=9674"}],"wp:term":[{"taxonomy":"product_brand","embeddable":true,"href":"https:\/\/elouedshop.com\/index.php?rest_route=%2Fwp%2Fv2%2Fproduct_brand&post=9674"},{"taxonomy":"product_cat","embeddable":true,"href":"https:\/\/elouedshop.com\/index.php?rest_route=%2Fwp%2Fv2%2Fproduct_cat&post=9674"},{"taxonomy":"product_tag","embeddable":true,"href":"https:\/\/elouedshop.com\/index.php?rest_route=%2Fwp%2Fv2%2Fproduct_tag&post=9674"}],"curies":[{"name":"wp","href":"https:\/\/api.w.org\/{rel}","templated":true}]}}