{"id":9668,"date":"2024-02-25T21:02:34","date_gmt":"2024-02-25T21:02:34","guid":{"rendered":"https:\/\/elouedshop.com\/?post_type=product&#038;p=9668"},"modified":"2024-02-25T21:02:44","modified_gmt":"2024-02-25T21:02:44","slug":"amoureux-mais-pas-maries-que-faire","status":"publish","type":"product","link":"https:\/\/elouedshop.com\/?product=amoureux-mais-pas-maries-que-faire","title":{"rendered":"Amoureux mais pas mari\u00e9s que faire ?"},"content":{"rendered":"<table border=\"0\" width=\"100%\" cellspacing=\"0\" cellpadding=\"0\">\n<tbody>\n<tr>\n<td align=\"left\"><span style=\"font-family: Verdana, Arial; font-size: small;\"><b>Auteur :<\/b>\u00a0Muhammad al-\u2018Ar\u00eef\u00ee<br \/>\n<\/span><\/td>\n<\/tr>\n<tr>\n<td align=\"left\"><span style=\"font-family: Verdana, Arial; font-size: small;\"><b>Type de produit :<\/b>\u00a0Livre<br \/>\n<\/span><\/td>\n<\/tr>\n<tr>\n<td align=\"left\"><span style=\"font-family: Verdana, Arial; font-size: small;\"><b>Nombre de pages :<\/b>\u00a080<br \/>\n<\/span><\/td>\n<\/tr>\n<tr>\n<td align=\"left\"><span style=\"font-family: Verdana, Arial; font-size: small;\"><b>Mod\u00e8le &#8211; Format :<\/b>\u00a014.8 x 21 cm &#8211; Souple<br \/>\n<\/span><\/td>\n<\/tr>\n<tr>\n<td align=\"left\"><span style=\"font-family: Verdana, Arial; font-size: small;\"><b>Editeur :<\/b>\u00a0Al-Hadith<br \/>\n<\/span><\/td>\n<\/tr>\n<tr>\n<td align=\"left\"><span style=\"font-family: Verdana, Arial; font-size: small;\"><b>Langue :<\/b>\u00a0fran\u00e7ais<br \/>\n<\/span><\/td>\n<\/tr>\n<tr>\n<td align=\"left\"><span style=\"font-family: Verdana, Arial; font-size: small;\"><b>ISBN\/EAN :<\/b>\u00a09782875452221<\/span><\/td>\n<\/tr>\n<\/tbody>\n<\/table>\n","protected":false},"excerpt":{"rendered":"<p class=\"cvGsUA direction-ltr align-center para-style-body\"><span class=\"OYPEnA text-decoration-none text-strikethrough-none\">Les liens humains et sociaux \u00e9voluent constamment, prenant des formes nouvelles et surprenantes. Dans notre soci\u00e9t\u00e9 moderne, o\u00f9 le mat\u00e9rialisme domine, la foi et la morale sont rel\u00e9gu\u00e9es au second plan, la consommation et les divertissements sont rois. Des valeurs jadis nobles et vertueuses sont aujourd&rsquo;hui consid\u00e9r\u00e9es comme d\u00e9pass\u00e9es et r\u00e9trogrades.<\/span><\/p>\n<p class=\"cvGsUA direction-ltr align-center para-style-body\"><span class=\"OYPEnA text-decoration-none text-strikethrough-none\">L&rsquo;amour, ce lien affectif qui unit les \u00eatres humains et permet aux serviteurs de se rapprocher spirituellement de leur Cr\u00e9ateur, est peu \u00e0 peu remplac\u00e9 chez certains jeunes musulmans par une attirance purement physique, cherchant uniquement \u00e0 satisfaire des pulsions basses.<\/span><\/p>\n<p class=\"cvGsUA direction-ltr align-center para-style-body\"><span class=\"OYPEnA text-decoration-none text-strikethrough-none\">Dans cette recherche effr\u00e9n\u00e9e de satisfaction des d\u00e9sirs, les gar\u00e7ons se comportent en pr\u00e9dateurs insatiables et les filles, appr\u00e9ciant d&rsquo;\u00eatre l&rsquo;objet de d\u00e9sir, sont des proies faciles et all\u00e9chantes. Les enseignements de l&rsquo;Islam ont perdu leur place dans leur vie.<\/span><\/p>\n<p class=\"cvGsUA direction-ltr align-center para-style-body\"><span class=\"OYPEnA text-decoration-none text-strikethrough-none\">C&rsquo;est pour r\u00e9pondre \u00e0 ces pr\u00e9occupations que le c\u00e9l\u00e8bre pr\u00e9dicateur Muhammad al-&lsquo;Ar\u00eef\u00ee a r\u00e9dig\u00e9 cet ouvrage. Il invite les jeunes \u00e0 r\u00e9fl\u00e9chir sur leur vision de l&rsquo;amour et des sentiments affectifs, et \u00e0 les conformer aux principes de l&rsquo;Islam. Car c&rsquo;est seulement en suivant cette voie que les jeunes pourront s&rsquo;\u00e9panouir pleinement et vivre un amour noble et v\u00e9ritable. Pas de jugement moralisateur ici, juste un appel \u00e0 la r\u00e9flexion!<\/span><\/p>\n","protected":false},"featured_media":6717,"template":"","meta":[],"product_brand":[],"product_cat":[21,46],"product_tag":[],"class_list":{"0":"post-9668","1":"product","2":"type-product","3":"status-publish","4":"has-post-thumbnail","6":"product_cat-livre","7":"product_cat-mariage-couple","8":"description-off","10":"first","11":"instock","12":"shipping-taxable","13":"purchasable","14":"product-type-simple"},"jetpack_sharing_enabled":true,"_links":{"self":[{"href":"https:\/\/elouedshop.com\/index.php?rest_route=\/wp\/v2\/product\/9668","targetHints":{"allow":["GET"]}}],"collection":[{"href":"https:\/\/elouedshop.com\/index.php?rest_route=\/wp\/v2\/product"}],"about":[{"href":"https:\/\/elouedshop.com\/index.php?rest_route=\/wp\/v2\/types\/product"}],"wp:featuredmedia":[{"embeddable":true,"href":"https:\/\/elouedshop.com\/index.php?rest_route=\/wp\/v2\/media\/6717"}],"wp:attachment":[{"href":"https:\/\/elouedshop.com\/index.php?rest_route=%2Fwp%2Fv2%2Fmedia&parent=9668"}],"wp:term":[{"taxonomy":"product_brand","embeddable":true,"href":"https:\/\/elouedshop.com\/index.php?rest_route=%2Fwp%2Fv2%2Fproduct_brand&post=9668"},{"taxonomy":"product_cat","embeddable":true,"href":"https:\/\/elouedshop.com\/index.php?rest_route=%2Fwp%2Fv2%2Fproduct_cat&post=9668"},{"taxonomy":"product_tag","embeddable":true,"href":"https:\/\/elouedshop.com\/index.php?rest_route=%2Fwp%2Fv2%2Fproduct_tag&post=9668"}],"curies":[{"name":"wp","href":"https:\/\/api.w.org\/{rel}","templated":true}]}}