{"id":9667,"date":"2024-02-25T20:50:50","date_gmt":"2024-02-25T20:50:50","guid":{"rendered":"https:\/\/elouedshop.com\/?post_type=product&#038;p=9667"},"modified":"2025-03-05T21:18:02","modified_gmt":"2025-03-05T21:18:02","slug":"les-7-peches-fatals","status":"publish","type":"product","link":"https:\/\/elouedshop.com\/?product=les-7-peches-fatals","title":{"rendered":"Les 7 p\u00e9ch\u00e9s fatals"},"content":{"rendered":"<table border=\"0\" width=\"100%\" cellspacing=\"0\" cellpadding=\"0\">\n<tbody>\n<tr>\n<td align=\"left\"><span style=\"font-family: Verdana, Arial; font-size: small;\"><b>Auteur :<\/b>\u00a0Abderrazak Mahri<br \/>\n<\/span><\/td>\n<\/tr>\n<tr>\n<td align=\"left\"><span style=\"font-family: Verdana, Arial; font-size: small;\"><b>Type de produit :<\/b>\u00a0Livre<br \/>\n<\/span><\/td>\n<\/tr>\n<tr>\n<td align=\"left\"><span style=\"font-family: Verdana, Arial; font-size: small;\"><b>Nombre de pages :<\/b>\u00a0208<br \/>\n<\/span><\/td>\n<\/tr>\n<tr>\n<td align=\"left\"><span style=\"font-family: Verdana, Arial; font-size: small;\"><b>Mod\u00e8le &#8211; Format :<\/b>\u00a08 x 10 cm<br \/>\n<\/span><\/td>\n<\/tr>\n<tr>\n<td align=\"left\"><span style=\"font-family: Verdana, Arial; font-size: small;\"><b>Editeur :<\/b>\u00a0Ennour<br \/>\n<\/span><\/td>\n<\/tr>\n<tr>\n<td align=\"left\"><span style=\"font-family: Verdana, Arial; font-size: small;\"><b>Langue :<\/b>\u00a0fran\u00e7ais<br \/>\n<\/span><\/td>\n<\/tr>\n<tr>\n<td align=\"left\"><span style=\"font-family: Verdana, Arial; font-size: small;\"><b>ISBN\/EAN :<\/b>\u00a09782752400772<\/span><\/td>\n<\/tr>\n<\/tbody>\n<\/table>\n","protected":false},"excerpt":{"rendered":"<p>Le proph\u00e8te (SwS) a dit \u00ab \u00c9vitez les septs p\u00e9ch\u00e9s fatals (m\u00fbbiq\u00e2t).- Et quels sont ces p\u00e9ch\u00e9s fatals, \u00f4 Envoy\u00e9 de dieu ? Lui demanda-t-on. -Ce sont, r\u00e9pondit-il, le fait d&rsquo;associer \u00e0 Dieu (un autre que Lui), la sorcellerie, le meurtre d&rsquo;une \u00e2me que Dieu a prot\u00e9g\u00e9e d&rsquo;un interdit, sauf \u00e0 bon droit, le fait de manger l&rsquo;usure, de manger le bien de l&rsquo;orphelin, de fuir au jour du combat et de calomnier les croyantes vertueuses qui ne songent point \u00e0 mal \u00bb (Al-Bukh\u00e2r\u00ee et Muslim)<\/p>\n<p>Ces p\u00e9ch\u00e9s ont \u00e9t\u00e9 appel\u00e9s al-m\u00eebiq\u00e2t, c&rsquo;est-\u00e0-dire al-muhlik\u00e2t, car ils causent la perte de celui qui les commet, et le conduisent en Enfer, que Dieu nous en pr\u00e9serve !<\/p>\n<p>Ce livre expose les d\u00e9finitions donn\u00e9es des diff\u00e9rentes cat\u00e9gories de p\u00e9ch\u00e9s par les \u00e9rudits ainsi que les divergences de ceux_ci \u00e0 ce sujet ; il pr\u00e9sente ensuite les sept p\u00e9ch\u00e9s dits m\u00fbbiq\u00e2t ou fatals, les explique et met en relief leur champ d&rsquo;application en s&rsquo;appuya,y sur les commentaires des ex\u00e9g\u00e8tes et des doctes<\/p>\n","protected":false},"featured_media":6123,"template":"","meta":[],"product_brand":[],"product_cat":[147,21],"product_tag":[],"class_list":{"0":"post-9667","1":"product","2":"type-product","3":"status-publish","4":"has-post-thumbnail","6":"product_cat-jurisprudence","7":"product_cat-livre","8":"description-off","10":"first","11":"instock","12":"shipping-taxable","13":"purchasable","14":"product-type-simple"},"jetpack_sharing_enabled":true,"_links":{"self":[{"href":"https:\/\/elouedshop.com\/index.php?rest_route=\/wp\/v2\/product\/9667","targetHints":{"allow":["GET"]}}],"collection":[{"href":"https:\/\/elouedshop.com\/index.php?rest_route=\/wp\/v2\/product"}],"about":[{"href":"https:\/\/elouedshop.com\/index.php?rest_route=\/wp\/v2\/types\/product"}],"wp:featuredmedia":[{"embeddable":true,"href":"https:\/\/elouedshop.com\/index.php?rest_route=\/wp\/v2\/media\/6123"}],"wp:attachment":[{"href":"https:\/\/elouedshop.com\/index.php?rest_route=%2Fwp%2Fv2%2Fmedia&parent=9667"}],"wp:term":[{"taxonomy":"product_brand","embeddable":true,"href":"https:\/\/elouedshop.com\/index.php?rest_route=%2Fwp%2Fv2%2Fproduct_brand&post=9667"},{"taxonomy":"product_cat","embeddable":true,"href":"https:\/\/elouedshop.com\/index.php?rest_route=%2Fwp%2Fv2%2Fproduct_cat&post=9667"},{"taxonomy":"product_tag","embeddable":true,"href":"https:\/\/elouedshop.com\/index.php?rest_route=%2Fwp%2Fv2%2Fproduct_tag&post=9667"}],"curies":[{"name":"wp","href":"https:\/\/api.w.org\/{rel}","templated":true}]}}