{"id":9664,"date":"2024-02-25T20:49:03","date_gmt":"2024-02-25T20:49:03","guid":{"rendered":"https:\/\/elouedshop.com\/?post_type=product&#038;p=9664"},"modified":"2025-02-05T22:13:38","modified_gmt":"2025-02-05T22:13:38","slug":"comment-reformer-ma-famille-muhammad-al-munajjid","status":"publish","type":"product","link":"https:\/\/elouedshop.com\/?product=comment-reformer-ma-famille-muhammad-al-munajjid","title":{"rendered":"Comment r\u00e9former ma famille &#8211; Muhammad Al-Munajjid"},"content":{"rendered":"","protected":false},"excerpt":{"rendered":"<p>Certes, vous \u00eates tous des bergers et vous \u00eates tous responsables de votre troupeau. L&rsquo;\u00e9mir \u00e0 la t\u00eate des gens est un berger et est responsable de son troupeau. L&rsquo;homme est un berger pour les membres de sa famille et est responsable d&rsquo;eux. La femme est une berg\u00e8re de la demeure de son \u00e9poux et de ses enfants et est responsable d&rsquo;eux.<\/p>\n<p>Ce hadith proph\u00e9tique authentique nous montre \u00e0 quel point il est important, pour les croyants, d\u2019\u0153uvrer \u00e0 la r\u00e9forme du foyer et de la famille. Ce livre a \u00e9t\u00e9 r\u00e9dig\u00e9 pour donner\u00a0 des pistes et des clefs concr\u00e8tes afin de r\u00e9aliser ce noble objectif.<\/p>\n","protected":false},"featured_media":5710,"template":"","meta":[],"product_brand":[],"product_cat":[181,25,21],"product_tag":[],"class_list":{"0":"post-9664","1":"product","2":"type-product","3":"status-publish","4":"has-post-thumbnail","6":"product_cat-education-religieuse","7":"product_cat-femmes","8":"product_cat-livre","9":"description-off","11":"first","12":"instock","13":"shipping-taxable","14":"purchasable","15":"product-type-simple"},"jetpack_sharing_enabled":true,"_links":{"self":[{"href":"https:\/\/elouedshop.com\/index.php?rest_route=\/wp\/v2\/product\/9664","targetHints":{"allow":["GET"]}}],"collection":[{"href":"https:\/\/elouedshop.com\/index.php?rest_route=\/wp\/v2\/product"}],"about":[{"href":"https:\/\/elouedshop.com\/index.php?rest_route=\/wp\/v2\/types\/product"}],"wp:featuredmedia":[{"embeddable":true,"href":"https:\/\/elouedshop.com\/index.php?rest_route=\/wp\/v2\/media\/5710"}],"wp:attachment":[{"href":"https:\/\/elouedshop.com\/index.php?rest_route=%2Fwp%2Fv2%2Fmedia&parent=9664"}],"wp:term":[{"taxonomy":"product_brand","embeddable":true,"href":"https:\/\/elouedshop.com\/index.php?rest_route=%2Fwp%2Fv2%2Fproduct_brand&post=9664"},{"taxonomy":"product_cat","embeddable":true,"href":"https:\/\/elouedshop.com\/index.php?rest_route=%2Fwp%2Fv2%2Fproduct_cat&post=9664"},{"taxonomy":"product_tag","embeddable":true,"href":"https:\/\/elouedshop.com\/index.php?rest_route=%2Fwp%2Fv2%2Fproduct_tag&post=9664"}],"curies":[{"name":"wp","href":"https:\/\/api.w.org\/{rel}","templated":true}]}}