{"id":9659,"date":"2024-02-25T20:40:10","date_gmt":"2024-02-25T20:40:10","guid":{"rendered":"https:\/\/elouedshop.com\/?post_type=product&#038;p=9659"},"modified":"2024-10-09T21:42:08","modified_gmt":"2024-10-09T21:42:08","slug":"les-regles-de-la-ruqya","status":"publish","type":"product","link":"https:\/\/elouedshop.com\/?product=les-regles-de-la-ruqya","title":{"rendered":"Les r\u00e8gles de la Ruqya"},"content":{"rendered":"<table class=\"table-data-sheet\">\n<tbody>\n<tr class=\"odd\">\n<td>Auteur<\/td>\n<td>S\u00e2lih \u00e2l al-Shaykh<\/td>\n<\/tr>\n<tr class=\"even\">\n<td>Nombre de pages :<\/td>\n<td>78<\/td>\n<\/tr>\n<tr class=\"odd\">\n<td>Format :<\/td>\n<td>11,5 x 16,5<\/td>\n<\/tr>\n<tr class=\"even\">\n<td>Langue(s) :<\/td>\n<td>Fran\u00e7ais<\/td>\n<\/tr>\n<tr class=\"odd\">\n<td>Type de couverture :<\/td>\n<td>Souple<\/td>\n<\/tr>\n<tr class=\"even\">\n<td>ISBN :<\/td>\n<td>9782930395999<\/td>\n<\/tr>\n<tr class=\"odd\">\n<td>Ann\u00e9e<\/td>\n<td>2011<\/td>\n<\/tr>\n<\/tbody>\n<\/table>\n","protected":false},"excerpt":{"rendered":"<p>Le sujet de la Ruqya est d&rsquo;une importance capitale vu qu&rsquo;il nous concerne tous : Tout musulman a besoin de la Ruqya, pour se prot\u00e9ger ainsi que ses proches et tous ceux qu&rsquo;il aime afin qu&rsquo;elle soit un rempart et une protection contre les malheurs et l&rsquo;influence des diables.<\/p>\n<p>Il est d&rsquo;autant plus important pour les musulman d&rsquo;\u00eatre inform\u00e9 au sujet des Ruqyas qu&rsquo;une confusion s&rsquo;est op\u00e9r\u00e9e entre les diff\u00e9rents types de Ruqyas : celles permises et celles interdites, celles l\u00e9gales et celles innov\u00e9es, voir polyth\u00e9istes. C&rsquo;est pour cela qu&rsquo;il incombe, cher fr\u00e8re, ch\u00e8re s\u0153ur, de ne pratiquer que les Ruqyas dont tu connais la l\u00e9galit\u00e9, vu que le principe de base en la mati\u00e8re est l&rsquo;interdiction \u00e0 l&rsquo;exception des Ruqyas qui sont permises<\/p>\n","protected":false},"featured_media":5693,"template":"","meta":[],"product_brand":[],"product_cat":[21,145,156],"product_tag":[],"class_list":{"0":"post-9659","1":"product","2":"type-product","3":"status-publish","4":"has-post-thumbnail","6":"product_cat-livre","7":"product_cat-monde-invisible","8":"product_cat-roqya-protection","9":"description-off","11":"first","12":"instock","13":"shipping-taxable","14":"purchasable","15":"product-type-simple"},"jetpack_sharing_enabled":true,"_links":{"self":[{"href":"https:\/\/elouedshop.com\/index.php?rest_route=\/wp\/v2\/product\/9659","targetHints":{"allow":["GET"]}}],"collection":[{"href":"https:\/\/elouedshop.com\/index.php?rest_route=\/wp\/v2\/product"}],"about":[{"href":"https:\/\/elouedshop.com\/index.php?rest_route=\/wp\/v2\/types\/product"}],"wp:featuredmedia":[{"embeddable":true,"href":"https:\/\/elouedshop.com\/index.php?rest_route=\/wp\/v2\/media\/5693"}],"wp:attachment":[{"href":"https:\/\/elouedshop.com\/index.php?rest_route=%2Fwp%2Fv2%2Fmedia&parent=9659"}],"wp:term":[{"taxonomy":"product_brand","embeddable":true,"href":"https:\/\/elouedshop.com\/index.php?rest_route=%2Fwp%2Fv2%2Fproduct_brand&post=9659"},{"taxonomy":"product_cat","embeddable":true,"href":"https:\/\/elouedshop.com\/index.php?rest_route=%2Fwp%2Fv2%2Fproduct_cat&post=9659"},{"taxonomy":"product_tag","embeddable":true,"href":"https:\/\/elouedshop.com\/index.php?rest_route=%2Fwp%2Fv2%2Fproduct_tag&post=9659"}],"curies":[{"name":"wp","href":"https:\/\/api.w.org\/{rel}","templated":true}]}}