{"id":9658,"date":"2024-02-25T20:34:39","date_gmt":"2024-02-25T20:34:39","guid":{"rendered":"https:\/\/elouedshop.com\/?post_type=product&#038;p=9658"},"modified":"2025-01-21T10:03:07","modified_gmt":"2025-01-21T10:03:07","slug":"comment-accueillir-le-ramadan-azhari-ahmad-mahmud","status":"publish","type":"product","link":"https:\/\/elouedshop.com\/?product=comment-accueillir-le-ramadan-azhari-ahmad-mahmud","title":{"rendered":"Comment accueillir le Ramadan &#8211; Azhar\u00ee Ahmad Mahm\u00fbd"},"content":{"rendered":"<p>Auteur : Azhari Ahmad Mahmud<\/p>\n<p>Type de produit : Livre<\/p>\n<p>Nombre de pages : 36<\/p>\n<p>Editeur : Al Hadith<\/p>\n<p>Ann\u00e9e : 2007<\/p>\n<p>Langue : fran\u00e7ais<\/p>\n<p>ISBN\/EAN : 9782875451378 \/ 9782930395548 \/ 9782930395296<\/p>\n","protected":false},"excerpt":{"rendered":"<p>Quelle joie immense ressentent les Musulmans pour ces jours qui se renouvellent chaque ann\u00e9e et qu&rsquo;ils comm\u00e9morent corps et \u00e2mes! Des jours qui se r\u00e9p\u00e8tent, des mois qui se suivent, des ann\u00e9es qui se succ\u00e8dent\u2026 Chaque fois, ce mois b\u00e9ni se fraye un chemin \u00e0 travers les jours, les mois, les ann\u00e9es\u2026 et l&rsquo;homme.<\/p>\n","protected":false},"featured_media":8211,"template":"","meta":[],"product_brand":[],"product_cat":[140,21,187,225],"product_tag":[],"class_list":{"0":"post-9658","1":"product","2":"type-product","3":"status-publish","4":"has-post-thumbnail","6":"product_cat-jeune-ramadan","7":"product_cat-livre","8":"product_cat-pratiques-religieuse","9":"product_cat-ramadan","10":"description-off","12":"first","13":"instock","14":"featured","15":"shipping-taxable","16":"purchasable","17":"product-type-simple"},"jetpack_sharing_enabled":true,"_links":{"self":[{"href":"https:\/\/elouedshop.com\/index.php?rest_route=\/wp\/v2\/product\/9658","targetHints":{"allow":["GET"]}}],"collection":[{"href":"https:\/\/elouedshop.com\/index.php?rest_route=\/wp\/v2\/product"}],"about":[{"href":"https:\/\/elouedshop.com\/index.php?rest_route=\/wp\/v2\/types\/product"}],"wp:featuredmedia":[{"embeddable":true,"href":"https:\/\/elouedshop.com\/index.php?rest_route=\/wp\/v2\/media\/8211"}],"wp:attachment":[{"href":"https:\/\/elouedshop.com\/index.php?rest_route=%2Fwp%2Fv2%2Fmedia&parent=9658"}],"wp:term":[{"taxonomy":"product_brand","embeddable":true,"href":"https:\/\/elouedshop.com\/index.php?rest_route=%2Fwp%2Fv2%2Fproduct_brand&post=9658"},{"taxonomy":"product_cat","embeddable":true,"href":"https:\/\/elouedshop.com\/index.php?rest_route=%2Fwp%2Fv2%2Fproduct_cat&post=9658"},{"taxonomy":"product_tag","embeddable":true,"href":"https:\/\/elouedshop.com\/index.php?rest_route=%2Fwp%2Fv2%2Fproduct_tag&post=9658"}],"curies":[{"name":"wp","href":"https:\/\/api.w.org\/{rel}","templated":true}]}}