{"id":9645,"date":"2024-02-25T20:24:19","date_gmt":"2024-02-25T20:24:19","guid":{"rendered":"https:\/\/elouedshop.com\/?post_type=product&#038;p=9645"},"modified":"2024-02-25T20:24:30","modified_gmt":"2024-02-25T20:24:30","slug":"les-quarante-40-hadiths-an-nawawi-bilingue-francais-arabe-voyellise","status":"publish","type":"product","link":"https:\/\/elouedshop.com\/?product=les-quarante-40-hadiths-an-nawawi-bilingue-francais-arabe-voyellise","title":{"rendered":"Les Quarante (40) Hadiths An-Nawaw\u00ee (Bilingue fran\u00e7ais\/arabe voyellis\u00e9)"},"content":{"rendered":"<table border=\"0\" width=\"100%\" cellspacing=\"0\" cellpadding=\"0\">\n<tbody>\n<tr>\n<td align=\"left\"><span style=\"font-family: Verdana, Arial; font-size: small;\"><b>Auteur :<\/b>\u00a0L&rsquo;imam An-Nawaw\u00ee<br \/>\n<\/span><\/td>\n<\/tr>\n<tr>\n<td align=\"left\"><span style=\"font-family: Verdana, Arial; font-size: small;\"><b>Collection :<\/b>\u00a0L&rsquo;\u00e9tudiant musulman<br \/>\n<\/span><\/td>\n<\/tr>\n<tr>\n<td align=\"left\"><span style=\"font-family: Verdana, Arial; font-size: small;\"><b>Type de produit :<\/b>\u00a0Livre<br \/>\n<\/span><\/td>\n<\/tr>\n<tr>\n<td align=\"left\"><span style=\"font-family: Verdana, Arial; font-size: small;\"><b>Nombre de pages :<\/b>\u00a0127<br \/>\n<\/span><\/td>\n<\/tr>\n<tr>\n<td align=\"left\"><span style=\"font-family: Verdana, Arial; font-size: small;\"><b>Mod\u00e8le &#8211; Format :<\/b>\u00a0broch\u00e9 12 x 8,5 cm<br \/>\n<\/span><\/td>\n<\/tr>\n<tr>\n<td align=\"left\"><span style=\"font-family: Verdana, Arial; font-size: small;\"><b>Editeur :<\/b>\u00a0Dar Al Muslim<br \/>\n<\/span><\/td>\n<\/tr>\n<tr>\n<td align=\"left\"><span style=\"font-family: Verdana, Arial; font-size: small;\"><b>Langue :<\/b>\u00a0fran\u00e7ais &#8211; arabe<br \/>\n<\/span><\/td>\n<\/tr>\n<tr>\n<td align=\"left\"><span style=\"font-family: Verdana, Arial; font-size: small;\"><b>ISBN\/EAN :<\/b>\u00a0978-2-35635-367-2 \/ 9782356353672 \/ 976-2-917113-3<\/span><\/td>\n<\/tr>\n<\/tbody>\n<\/table>\n","protected":false},"excerpt":{"rendered":"<p>&nbsp;<\/p>\n<p>Ce livre de l&rsquo;imam An-Nawaw\u00ee compte parmi les livres qui se sont amplement r\u00e9pandus et qui connurent une tr\u00e8s grande popularit\u00e9 chez les musulmans. Ce livre comporte quarante-deux Hadiths, l&rsquo;imam AnNawaw\u00ee y a r\u00e9uni les points importants de la religion touchant aussi bien aux principes fondamentaux -al-us\u00fbl- qu&rsquo;aux applications pratiques -al-fur\u00fb&rsquo;-, il a dit \u00e0 propos de son opuscule : \u00ab Chaque Hadith qu&rsquo;il comporte est une r\u00e8gle fondamentale de la religion, certains savants ont d\u00e9crit ces Hadiths comme \u00e9tant la plaque tournante de l&rsquo;islam, certains ont dit qu&rsquo;ils repr\u00e9sentent la moiti\u00e9 de la religion, d&rsquo;autres le tiers de la religion, ainsi que d&rsquo;autres qualificatifs de ce genre \u00bb. Il est vraiment un livre b\u00e9ni, pour lequel Allah a d\u00e9cr\u00e9t\u00e9 la popularit\u00e9 et l&rsquo;expansion.<\/p>\n<p>&nbsp;<\/p>\n<p><b>Mod\u00e8le &#8211; Format :<\/b>\u00a0broch\u00e9 12 x 8,5 cm<\/p>\n","protected":false},"featured_media":6041,"template":"","meta":[],"product_brand":[],"product_cat":[47,143,21],"product_tag":[],"class_list":{"0":"post-9645","1":"product","2":"type-product","3":"status-publish","4":"has-post-thumbnail","6":"product_cat-comprendre-lislam","7":"product_cat-hadiths","8":"product_cat-livre","9":"description-off","11":"first","12":"instock","13":"shipping-taxable","14":"purchasable","15":"product-type-simple"},"jetpack_sharing_enabled":true,"_links":{"self":[{"href":"https:\/\/elouedshop.com\/index.php?rest_route=\/wp\/v2\/product\/9645","targetHints":{"allow":["GET"]}}],"collection":[{"href":"https:\/\/elouedshop.com\/index.php?rest_route=\/wp\/v2\/product"}],"about":[{"href":"https:\/\/elouedshop.com\/index.php?rest_route=\/wp\/v2\/types\/product"}],"wp:featuredmedia":[{"embeddable":true,"href":"https:\/\/elouedshop.com\/index.php?rest_route=\/wp\/v2\/media\/6041"}],"wp:attachment":[{"href":"https:\/\/elouedshop.com\/index.php?rest_route=%2Fwp%2Fv2%2Fmedia&parent=9645"}],"wp:term":[{"taxonomy":"product_brand","embeddable":true,"href":"https:\/\/elouedshop.com\/index.php?rest_route=%2Fwp%2Fv2%2Fproduct_brand&post=9645"},{"taxonomy":"product_cat","embeddable":true,"href":"https:\/\/elouedshop.com\/index.php?rest_route=%2Fwp%2Fv2%2Fproduct_cat&post=9645"},{"taxonomy":"product_tag","embeddable":true,"href":"https:\/\/elouedshop.com\/index.php?rest_route=%2Fwp%2Fv2%2Fproduct_tag&post=9645"}],"curies":[{"name":"wp","href":"https:\/\/api.w.org\/{rel}","templated":true}]}}