{"id":9639,"date":"2024-02-25T20:01:25","date_gmt":"2024-02-25T20:01:25","guid":{"rendered":"https:\/\/elouedshop.com\/?post_type=product&#038;p=9639"},"modified":"2024-12-19T16:26:27","modified_gmt":"2024-12-19T16:26:27","slug":"pack-convertis-3-livres","status":"publish","type":"product","link":"https:\/\/elouedshop.com\/?product=pack-convertis-3-livres","title":{"rendered":"Pack convertis (3 livres)"},"content":{"rendered":"","protected":false},"excerpt":{"rendered":"<p>Les conversions \u00e0 l&#8217;islam aux quatre coins du monde sont quotidiennes et se comptent par milliers. D\u00e9couvrez dans ce pack deux beaux r\u00e9cits \u00e9difiants de conversions \u00e0 l&#8217;islam et un guide pratique pour accueillir les convertis comme il se doit dans leur nouvelle religion.<\/p>\n","protected":false},"featured_media":5757,"template":"","meta":[],"product_brand":[],"product_cat":[47,205,141,150,21,225],"product_tag":[],"class_list":{"0":"post-9639","1":"product","2":"type-product","3":"status-publish","4":"has-post-thumbnail","6":"product_cat-comprendre-lislam","7":"product_cat-dawa","8":"product_cat-islam-occident","9":"product_cat-islam-contemporain","10":"product_cat-livre","11":"product_cat-ramadan","12":"description-off","14":"first","15":"instock","16":"sale","17":"shipping-taxable","18":"purchasable","19":"product-type-simple"},"jetpack_sharing_enabled":true,"_links":{"self":[{"href":"https:\/\/elouedshop.com\/index.php?rest_route=\/wp\/v2\/product\/9639","targetHints":{"allow":["GET"]}}],"collection":[{"href":"https:\/\/elouedshop.com\/index.php?rest_route=\/wp\/v2\/product"}],"about":[{"href":"https:\/\/elouedshop.com\/index.php?rest_route=\/wp\/v2\/types\/product"}],"wp:featuredmedia":[{"embeddable":true,"href":"https:\/\/elouedshop.com\/index.php?rest_route=\/wp\/v2\/media\/5757"}],"wp:attachment":[{"href":"https:\/\/elouedshop.com\/index.php?rest_route=%2Fwp%2Fv2%2Fmedia&parent=9639"}],"wp:term":[{"taxonomy":"product_brand","embeddable":true,"href":"https:\/\/elouedshop.com\/index.php?rest_route=%2Fwp%2Fv2%2Fproduct_brand&post=9639"},{"taxonomy":"product_cat","embeddable":true,"href":"https:\/\/elouedshop.com\/index.php?rest_route=%2Fwp%2Fv2%2Fproduct_cat&post=9639"},{"taxonomy":"product_tag","embeddable":true,"href":"https:\/\/elouedshop.com\/index.php?rest_route=%2Fwp%2Fv2%2Fproduct_tag&post=9639"}],"curies":[{"name":"wp","href":"https:\/\/api.w.org\/{rel}","templated":true}]}}