{"id":9627,"date":"2024-02-25T18:12:08","date_gmt":"2024-02-25T18:12:08","guid":{"rendered":"https:\/\/elouedshop.com\/?post_type=product&#038;p=9627"},"modified":"2024-02-25T18:12:20","modified_gmt":"2024-02-25T18:12:20","slug":"la-zakat-finalites-prescriptions-perspectives-futures-mustafa-kastit","status":"publish","type":"product","link":"https:\/\/elouedshop.com\/?product=la-zakat-finalites-prescriptions-perspectives-futures-mustafa-kastit","title":{"rendered":"La zak\u00e2t finalit\u00e9s &#8211; prescriptions &#8211; perspectives futures &#8211; Mustafa Kastit"},"content":{"rendered":"<table class=\"ce-product-features\">\n<tbody>\n<tr class=\"ce-product-features__row\">\n<th class=\"ce-product-features__label\">Couverture<\/th>\n<td class=\"ce-product-features__value\">Souple<\/td>\n<\/tr>\n<tr class=\"ce-product-features__row\">\n<th class=\"ce-product-features__label\">ISBN<\/th>\n<td class=\"ce-product-features__value\">9791094111024<\/td>\n<\/tr>\n<tr class=\"ce-product-features__row\">\n<th class=\"ce-product-features__label\">Nb. Pages<\/th>\n<td class=\"ce-product-features__value\">456<\/td>\n<\/tr>\n<tr class=\"ce-product-features__row\">\n<th class=\"ce-product-features__label\">Langue<\/th>\n<td class=\"ce-product-features__value\">fran\u00e7aise<\/td>\n<\/tr>\n<tr class=\"ce-product-features__row\">\n<th class=\"ce-product-features__label\">Auteur<\/th>\n<td class=\"ce-product-features__value\">Mustafa Kastit<\/td>\n<\/tr>\n<\/tbody>\n<\/table>\n","protected":false},"excerpt":{"rendered":"<p>Nous n\u2019exag\u00e9rons rien si nous affirmons que la\u00a0zak\u00e2t\u00a0constitue le pilier de l\u2019islam le moins connu et le plus souvent oubli\u00e9 de tous au point que certains le confondent avec l\u2019aum\u00f4ne spontan\u00e9e ou encore les imp\u00f4ts.<\/p>\n","protected":false},"featured_media":9398,"template":"","meta":[],"product_brand":[],"product_cat":[21,219],"product_tag":[],"class_list":{"0":"post-9627","1":"product","2":"type-product","3":"status-publish","4":"has-post-thumbnail","6":"product_cat-livre","7":"product_cat-zakat-aumone","8":"description-off","10":"first","11":"instock","12":"shipping-taxable","13":"purchasable","14":"product-type-simple"},"jetpack_sharing_enabled":true,"_links":{"self":[{"href":"https:\/\/elouedshop.com\/index.php?rest_route=\/wp\/v2\/product\/9627","targetHints":{"allow":["GET"]}}],"collection":[{"href":"https:\/\/elouedshop.com\/index.php?rest_route=\/wp\/v2\/product"}],"about":[{"href":"https:\/\/elouedshop.com\/index.php?rest_route=\/wp\/v2\/types\/product"}],"wp:featuredmedia":[{"embeddable":true,"href":"https:\/\/elouedshop.com\/index.php?rest_route=\/wp\/v2\/media\/9398"}],"wp:attachment":[{"href":"https:\/\/elouedshop.com\/index.php?rest_route=%2Fwp%2Fv2%2Fmedia&parent=9627"}],"wp:term":[{"taxonomy":"product_brand","embeddable":true,"href":"https:\/\/elouedshop.com\/index.php?rest_route=%2Fwp%2Fv2%2Fproduct_brand&post=9627"},{"taxonomy":"product_cat","embeddable":true,"href":"https:\/\/elouedshop.com\/index.php?rest_route=%2Fwp%2Fv2%2Fproduct_cat&post=9627"},{"taxonomy":"product_tag","embeddable":true,"href":"https:\/\/elouedshop.com\/index.php?rest_route=%2Fwp%2Fv2%2Fproduct_tag&post=9627"}],"curies":[{"name":"wp","href":"https:\/\/api.w.org\/{rel}","templated":true}]}}