{"id":9625,"date":"2024-02-25T14:46:20","date_gmt":"2024-02-25T14:46:20","guid":{"rendered":"https:\/\/elouedshop.com\/?post_type=product&#038;p=9625"},"modified":"2024-02-25T14:46:35","modified_gmt":"2024-02-25T14:46:35","slug":"ma-petite-histoire-du-soir-le-mysterieux-voisin","status":"publish","type":"product","link":"https:\/\/elouedshop.com\/?product=ma-petite-histoire-du-soir-le-mysterieux-voisin","title":{"rendered":"Ma petite histoire du soir : le myst\u00e9rieux voisin"},"content":{"rendered":"<table border=\"0\" width=\"100%\" cellspacing=\"0\" cellpadding=\"0\">\n<tbody>\n<tr>\n<td align=\"left\"><span style=\"font-family: Verdana, Arial; font-size: small;\"><b>Type de produit :<\/b>\u00a0Livre<br \/>\n<\/span><\/td>\n<\/tr>\n<tr>\n<td align=\"left\"><span style=\"font-family: Verdana, Arial; font-size: small;\"><b>Nombre de pages :<\/b>\u00a060<br \/>\n<\/span><\/td>\n<\/tr>\n<tr>\n<td align=\"left\"><span style=\"font-family: Verdana, Arial; font-size: small;\"><b>Mod\u00e8le &#8211; Format :<\/b>\u00a015 x 21 cm<br \/>\n<\/span><\/td>\n<\/tr>\n<tr>\n<td align=\"left\"><span style=\"font-family: Verdana, Arial; font-size: small;\"><b>Editeur :<\/b>\u00a0Amana Editions<br \/>\n<\/span><\/td>\n<\/tr>\n<tr>\n<td align=\"left\"><span style=\"font-family: Verdana, Arial; font-size: small;\"><b>Langue :<\/b>\u00a0fran\u00e7ais<br \/>\n<\/span><\/td>\n<\/tr>\n<tr>\n<td align=\"left\"><span style=\"font-family: Verdana, Arial; font-size: small;\"><b>ISBN\/EAN :<\/b>\u00a09782493483249<\/span><\/td>\n<\/tr>\n<\/tbody>\n<\/table>\n","protected":false},"excerpt":{"rendered":"<p>De nouveaux voisins viennent d&#8217;emm\u00e9nager pr\u00e8s de la maison d&rsquo;Ayoub et Assya. Les enfants sont tellement excit\u00e9s, surtout Assya qui esp\u00e9rait tant avoir une voisine avec qui s&rsquo;amuser. Malheureusement, tout ne se passe pas comme pr\u00e9vu et Assya va \u00eatre confront\u00e9e \u00e0 une voisine au comportement tr\u00e8s \u00e9trange. Venez d\u00e9couvrir le secret du myst\u00e9rieux voisin.<\/p>\n<p>Les personnages sont sans visage afin de d\u00e9velopper l&rsquo;imagination et la cr\u00e9ativit\u00e9 des enfants \u00e0 l&rsquo;infini.<\/p>\n","protected":false},"featured_media":9240,"template":"","meta":[],"product_brand":[],"product_cat":[181,24,21],"product_tag":[],"class_list":{"0":"post-9625","1":"product","2":"type-product","3":"status-publish","4":"has-post-thumbnail","6":"product_cat-education-religieuse","7":"product_cat-enfants","8":"product_cat-livre","9":"description-off","11":"first","12":"instock","13":"shipping-taxable","14":"purchasable","15":"product-type-simple"},"jetpack_sharing_enabled":true,"_links":{"self":[{"href":"https:\/\/elouedshop.com\/index.php?rest_route=\/wp\/v2\/product\/9625","targetHints":{"allow":["GET"]}}],"collection":[{"href":"https:\/\/elouedshop.com\/index.php?rest_route=\/wp\/v2\/product"}],"about":[{"href":"https:\/\/elouedshop.com\/index.php?rest_route=\/wp\/v2\/types\/product"}],"wp:featuredmedia":[{"embeddable":true,"href":"https:\/\/elouedshop.com\/index.php?rest_route=\/wp\/v2\/media\/9240"}],"wp:attachment":[{"href":"https:\/\/elouedshop.com\/index.php?rest_route=%2Fwp%2Fv2%2Fmedia&parent=9625"}],"wp:term":[{"taxonomy":"product_brand","embeddable":true,"href":"https:\/\/elouedshop.com\/index.php?rest_route=%2Fwp%2Fv2%2Fproduct_brand&post=9625"},{"taxonomy":"product_cat","embeddable":true,"href":"https:\/\/elouedshop.com\/index.php?rest_route=%2Fwp%2Fv2%2Fproduct_cat&post=9625"},{"taxonomy":"product_tag","embeddable":true,"href":"https:\/\/elouedshop.com\/index.php?rest_route=%2Fwp%2Fv2%2Fproduct_tag&post=9625"}],"curies":[{"name":"wp","href":"https:\/\/api.w.org\/{rel}","templated":true}]}}