{"id":9624,"date":"2024-02-25T14:45:09","date_gmt":"2024-02-25T14:45:09","guid":{"rendered":"https:\/\/elouedshop.com\/?post_type=product&#038;p=9624"},"modified":"2024-02-25T14:45:19","modified_gmt":"2024-02-25T14:45:19","slug":"la-vie-dici-bas","status":"publish","type":"product","link":"https:\/\/elouedshop.com\/?product=la-vie-dici-bas","title":{"rendered":"La Vie d\u2019Ici-Bas"},"content":{"rendered":"","protected":false},"excerpt":{"rendered":"<p>Est-il louable ou bl\u00e2mable d&rsquo;acqu\u00e9rir les biens d&rsquo;ici-bas ?<\/p>\n<p>Ibn Qudama a dit :<\/p>\n<p>\u00ab\u00a0Sache que ce bas monde est un ensemble constitu\u00e9 de certains \u00e9l\u00e9ments qui existent pour \u00eatre profitables aux gens.<\/p>\n<p>Citons par exemple la terre et tout ce qu\u2019elle comporte. Elle est une demeure de r\u00e9sidence pour les humains et contient v\u00eatements, nourritures, boissons et mariages. Tout cela assiste l\u2019humain dans son voyage vers Allah.<\/p>\n<p>Donc, est lou\u00e9 quiconque prend de ces choses une part correspondant \u00e0 ce qui lui est utile et qui a \u00e9t\u00e9 l\u00e9gif\u00e9r\u00e9.<\/p>\n<p>En revanche, quiconque prend une part plus grande que ce dont il a besoin tombera dans le bl\u00e2mable, et passera du profit \u00e0 la nuisance. Il deviendra distrait de la recherche de l\u2019au-del\u00e0.\u00a0\u00bb<\/p>\n<p>J\u00e9sus (paix sur lui) a dit : \u00ab Ce monde est un pont, donc traversez-le et ne vous y installez pas. \u00bb<\/p>\n<p>Al-Hassan \u00e9crivit une longue lettre \u00e0 \u2018Umar Ibn \u2018Abd Al-\u2018Aziz dans laquelle il dit :<\/p>\n<p>\u201cCertes, ce bas monde est un lieu de d\u00e9part et non pas un lieu de r\u00e9sidence. Adam n\u2019y fut descendu qu\u2019en guise de ch\u00e2timent. Prends donc garde \u00e0 lui, \u00d4 Commandeur des Croyants.<\/p>\n<p>Les provisions qu\u2019on y trouve doivent \u00eatre d\u00e9laiss\u00e9es, et le contentement r\u00e9side dans le fait d\u2019en \u00eatre pauvre. Ceux qui l\u2019honorent sont humili\u00e9s. Ceux qui tentent de l\u2019amasser sont appauvris, \u00e0 l\u2019image de celui qui boit du poison sans savoir ce dont il s\u2019agit. Prends donc garde \u00e0 cette demeure trompeuse, illusoire et fourbe.<\/p>\n<p>Si le Cr\u00e9ateur n\u2019avait donn\u00e9 aucune information \u00e0 son sujet et n\u2019avait fait aucune parabole le concernant, sa r\u00e9alit\u00e9 aurait quand m\u00eame \u00e9veill\u00e9 l\u2019endormi et alarm\u00e9 l\u2019insouciant. Que dire alors du fait qu\u2019Allah l\u2019ait mentionn\u00e9 dans un contexte de r\u00e9primande ?!<\/p>\n<p>Ce bas monde n\u2019a aucune valeur aupr\u00e8s d\u2019Allah et Il ne l\u2019a pas regard\u00e9 depuis qu\u2019Il l\u2019a cr\u00e9\u00e9. Les cl\u00e9s et les tr\u00e9sors de ce monde furent propos\u00e9s \u00e0 notre Proph\u00e8te (paix sur lui) et il ne les a pas accept\u00e9s. Plut\u00f4t, il d\u00e9testait aimer ce que son Cr\u00e9ateur d\u00e9testait, ou \u00e9lever ce dont Allah a rabaiss\u00e9 le possesseur. Allah l\u2019a \u00e9loign\u00e9 des vertueux et l\u2019a \u00e9tendu \u00e0 Ses ennemis dupes. Le dupe est celui qui consid\u00e8re qu\u2019en avoir possession est un honneur, oubliant ce qu\u2019Allah a fait avec le Proph\u00e8te (paix sur lui) lorsqu\u2019il (paix sur lui) attachait une pierre \u00e0 son ventre.<\/p>\n<p>Par Allah, personne n\u2019a re\u00e7u ce bas monde sans que son intelligence ne s\u2019en aille et que sa vue ne se brouille.\u201d<\/p>\n","protected":false},"featured_media":3287,"template":"","meta":[],"product_brand":[],"product_cat":[151,21,79],"product_tag":[],"class_list":{"0":"post-9624","1":"product","2":"type-product","3":"status-publish","4":"has-post-thumbnail","6":"product_cat-education-spiritualite","7":"product_cat-livre","8":"product_cat-spiritualite","9":"description-off","11":"first","12":"instock","13":"shipping-taxable","14":"purchasable","15":"product-type-simple"},"jetpack_sharing_enabled":true,"_links":{"self":[{"href":"https:\/\/elouedshop.com\/index.php?rest_route=\/wp\/v2\/product\/9624","targetHints":{"allow":["GET"]}}],"collection":[{"href":"https:\/\/elouedshop.com\/index.php?rest_route=\/wp\/v2\/product"}],"about":[{"href":"https:\/\/elouedshop.com\/index.php?rest_route=\/wp\/v2\/types\/product"}],"wp:featuredmedia":[{"embeddable":true,"href":"https:\/\/elouedshop.com\/index.php?rest_route=\/wp\/v2\/media\/3287"}],"wp:attachment":[{"href":"https:\/\/elouedshop.com\/index.php?rest_route=%2Fwp%2Fv2%2Fmedia&parent=9624"}],"wp:term":[{"taxonomy":"product_brand","embeddable":true,"href":"https:\/\/elouedshop.com\/index.php?rest_route=%2Fwp%2Fv2%2Fproduct_brand&post=9624"},{"taxonomy":"product_cat","embeddable":true,"href":"https:\/\/elouedshop.com\/index.php?rest_route=%2Fwp%2Fv2%2Fproduct_cat&post=9624"},{"taxonomy":"product_tag","embeddable":true,"href":"https:\/\/elouedshop.com\/index.php?rest_route=%2Fwp%2Fv2%2Fproduct_tag&post=9624"}],"curies":[{"name":"wp","href":"https:\/\/api.w.org\/{rel}","templated":true}]}}