{"id":9623,"date":"2024-02-25T14:44:11","date_gmt":"2024-02-25T14:44:11","guid":{"rendered":"https:\/\/elouedshop.com\/?post_type=product&#038;p=9623"},"modified":"2024-02-25T14:44:23","modified_gmt":"2024-02-25T14:44:23","slug":"conseils-du-prophete","status":"publish","type":"product","link":"https:\/\/elouedshop.com\/?product=conseils-du-prophete","title":{"rendered":"Conseils du Proph\u00e8te"},"content":{"rendered":"","protected":false},"excerpt":{"rendered":"<p>Ibn \u2018Abbas a dit :<\/p>\n<p>\u00ab Un jour o\u00f9 je me trouvais derri\u00e8re le Proph\u00e8te (sur lui la paix et le salut), il s&rsquo;adressa \u00e0 moi et me dit : \u00ab \u00d4 jeune homme ! Vais-je t\u2019enseigner quelques paroles par lesquelles Allah te permettra d&rsquo;en tirer profit ? \u00bb.<\/p>\n<p>Je r\u00e9pondis : \u00ab Bien s\u00fbr ! \u00bb.<\/p>\n<p>Il dit : \u00ab Pr\u00e9serve Allah et Il te pr\u00e9servera. Pr\u00e9serve Allah et tu Le trouveras devant toi. Connais Allah dans la facilit\u00e9 et Il te conna\u00eetra dans la difficult\u00e9. Lorsque tu demandes, demande \u00e0 Allah. Lorsque tu sollicites de l\u2019aide, sollicite celle d\u2019Allah. La plume est lev\u00e9e et les pages ont s\u00e9ch\u00e9. Si toutes les cr\u00e9atures se r\u00e9unissaient pour essayer de t\u2019apporter un bienfait \u00e0 travers une chose qu\u2019Allah n\u2019a pas ordonn\u00e9e, elles ne pourraient pas y parvenir. Et si elles se liguaient pour te nuire, \u00e0 travers une chose qu\u2019Allah n\u2019a pas d\u00e9cr\u00e9t\u00e9e, elles ne pourraient pas y parvenir. Sache qu\u2019une bien immense repose dans le fait de supporter patiemment ce que tu d\u00e9testes, que la victoire vient avec la patience, que le soulagement vient apr\u00e8s la d\u00e9tresse et que la facilit\u00e9 vient apr\u00e8s la difficult\u00e9. \u00bb.<\/p>\n<p>L&rsquo;auteur, Ibn Rajab, dit :<\/p>\n<p>\u00ab Ce hadith contient des conseils d&rsquo;une tr\u00e8s grande importance et des principes universels qui traitent des plus grands et des plus nobles aspects de cette religion.L&rsquo;imam Abu al-Faraj a dit dans son ouvrage Sayd al-Khatir : \u00ab J\u2019ai m\u00e9dit\u00e9 sur ce hadith et il m\u2019a frapp\u00e9 d\u2019\u00e9merveillement. Je fus tellement stup\u00e9fait que j\u2019ai failli \u00eatre pris de vertiges. \u00bb. Il dit ensuite : \u00ab L\u2019ignorance qui r\u00e8gne au sujet de ce hadith et le manque de compr\u00e9hension qui en r\u00e9sulte sont vraiment d\u00e9solants ! \u00bb<\/p>\n","protected":false},"featured_media":3272,"template":"","meta":[],"product_brand":[],"product_cat":[142,143,21],"product_tag":[],"class_list":{"0":"post-9623","1":"product","2":"type-product","3":"status-publish","4":"has-post-thumbnail","6":"product_cat-exhortation","7":"product_cat-hadiths","8":"product_cat-livre","9":"description-off","11":"first","12":"instock","13":"shipping-taxable","14":"purchasable","15":"product-type-simple"},"jetpack_sharing_enabled":true,"_links":{"self":[{"href":"https:\/\/elouedshop.com\/index.php?rest_route=\/wp\/v2\/product\/9623","targetHints":{"allow":["GET"]}}],"collection":[{"href":"https:\/\/elouedshop.com\/index.php?rest_route=\/wp\/v2\/product"}],"about":[{"href":"https:\/\/elouedshop.com\/index.php?rest_route=\/wp\/v2\/types\/product"}],"wp:featuredmedia":[{"embeddable":true,"href":"https:\/\/elouedshop.com\/index.php?rest_route=\/wp\/v2\/media\/3272"}],"wp:attachment":[{"href":"https:\/\/elouedshop.com\/index.php?rest_route=%2Fwp%2Fv2%2Fmedia&parent=9623"}],"wp:term":[{"taxonomy":"product_brand","embeddable":true,"href":"https:\/\/elouedshop.com\/index.php?rest_route=%2Fwp%2Fv2%2Fproduct_brand&post=9623"},{"taxonomy":"product_cat","embeddable":true,"href":"https:\/\/elouedshop.com\/index.php?rest_route=%2Fwp%2Fv2%2Fproduct_cat&post=9623"},{"taxonomy":"product_tag","embeddable":true,"href":"https:\/\/elouedshop.com\/index.php?rest_route=%2Fwp%2Fv2%2Fproduct_tag&post=9623"}],"curies":[{"name":"wp","href":"https:\/\/api.w.org\/{rel}","templated":true}]}}