{"id":9622,"date":"2024-02-25T14:41:55","date_gmt":"2024-02-25T14:41:55","guid":{"rendered":"https:\/\/elouedshop.com\/?post_type=product&#038;p=9622"},"modified":"2024-02-25T14:42:07","modified_gmt":"2024-02-25T14:42:07","slug":"les-bases-de-la-foi","status":"publish","type":"product","link":"https:\/\/elouedshop.com\/?product=les-bases-de-la-foi","title":{"rendered":"Les bases de la foi"},"content":{"rendered":"","protected":false},"excerpt":{"rendered":"<p class=\"cvGsUA direction-ltr align-center para-style-body\"><span class=\"OYPEnA text-decoration-none text-strikethrough-none\">Qu&rsquo;est-ce que la Foi ? C&rsquo;est la plus belle des qu\u00eates, la plus pr\u00e9cieuse des offrandes, l&rsquo;objectif le plus \u00e9lev\u00e9 et l&rsquo;aspiration la plus \u00e9lev\u00e9e. La foi conduit \u00e0 une vie heureuse dans ce monde, \u00e0 la r\u00e9compense d&rsquo;Allah et au bien \u00e9ternel.<\/span><\/p>\n<p class=\"cvGsUA direction-ltr align-center para-style-body\"><span class=\"OYPEnA text-decoration-none text-strikethrough-none\">\u00ab\u00a0\u00c0 ceux qui font le bien, hommes ou femmes, tout en \u00e9tant croyants, Nous r\u00e9servons une vie heureuse et une g\u00e9n\u00e9reuse r\u00e9compense pour leurs bonnes actions.\u00a0\u00bb (Sourate 16, verset 97)<\/span><\/p>\n<p class=\"cvGsUA direction-ltr align-center para-style-body\"><span class=\"OYPEnA text-decoration-none text-strikethrough-none\">Les bienfaits de la foi et ses effets b\u00e9nis sur le serviteur, dans cette vie et dans l&rsquo;au-del\u00e0, sont incommensurables. Il est b\u00e9ni et prot\u00e9g\u00e9 du mal dans ce monde et dans l&rsquo;au-del\u00e0.<\/span><\/p>\n<p class=\"cvGsUA direction-ltr align-center para-style-body\"><span class=\"OYPEnA text-decoration-none text-strikethrough-none\">La foi est bas\u00e9e sur de grands principes et sur des fondations solides n\u00e9cessaires \u00e0 son d\u00e9veloppement. Ces principes sont comme le tronc d&rsquo;un arbre :<\/span><\/p>\n<p class=\"cvGsUA direction-ltr align-center para-style-body\"><span class=\"OYPEnA text-decoration-none text-strikethrough-none\">\u00ab\u00a0Ne vois-tu pas comment Allah compare une parole bonne \u00e0 un arbre b\u00e9ni, dont les racines sont fermement ancr\u00e9es dans le sol et dont les branches s&rsquo;\u00e9l\u00e8vent vers le ciel, produisant des fruits \u00e0 tout moment par la gr\u00e2ce de son Seigneur ? Ainsi, Allah propose des paraboles aux hommes pour les amener \u00e0 r\u00e9fl\u00e9chir.\u00a0\u00bb (Sourate 14 : Abraham, versets 24-25)<\/span><\/p>\n<p class=\"cvGsUA direction-ltr align-center para-style-body\"><span class=\"OYPEnA text-decoration-none text-strikethrough-none\">Allah appelle ainsi Ses serviteurs \u00e0 r\u00e9fl\u00e9chir et \u00e0 m\u00e9diter sur cet exemple afin de clarifier ce qu&rsquo;est la foi et ses fondations, sur quoi elle est bas\u00e9e, ses sujets secondaires, ainsi que ses fruits et ses bienfaits pour les gens, dans cette vie et dans l&rsquo;au-del\u00e0.<\/span><\/p>\n<p class=\"cvGsUA direction-ltr align-center para-style-body\"><span class=\"OYPEnA text-decoration-none text-strikethrough-none\">Le point de r\u00e9f\u00e9rence de ce verset est : \u00ab\u00a0racines fermement ancr\u00e9es dans le sol\u00a0\u00bb.<\/span><\/p>\n<p class=\"cvGsUA direction-ltr align-center para-style-body\"><span class=\"OYPEnA text-decoration-none text-strikethrough-none\">Tout comme un arbre ne peut survivre sans ses racines, la foi ne peut survivre sans ses fondations et ses piliers. Si les racines de l&rsquo;arbre sont coup\u00e9es, il meurt. De m\u00eame, si la foi est priv\u00e9e de ses fondations, elle cesse d&rsquo;exister. Les actes d&rsquo;adoration ne sont alors d&rsquo;aucune utilit\u00e9.<\/span><\/p>\n","protected":false},"featured_media":3323,"template":"","meta":[],"product_brand":[],"product_cat":[80,153,21],"product_tag":[],"class_list":{"0":"post-9622","1":"product","2":"type-product","3":"status-publish","4":"has-post-thumbnail","6":"product_cat-dogme","7":"product_cat-foi-coeur","8":"product_cat-livre","9":"description-off","11":"first","12":"instock","13":"shipping-taxable","14":"purchasable","15":"product-type-simple"},"jetpack_sharing_enabled":true,"_links":{"self":[{"href":"https:\/\/elouedshop.com\/index.php?rest_route=\/wp\/v2\/product\/9622","targetHints":{"allow":["GET"]}}],"collection":[{"href":"https:\/\/elouedshop.com\/index.php?rest_route=\/wp\/v2\/product"}],"about":[{"href":"https:\/\/elouedshop.com\/index.php?rest_route=\/wp\/v2\/types\/product"}],"wp:featuredmedia":[{"embeddable":true,"href":"https:\/\/elouedshop.com\/index.php?rest_route=\/wp\/v2\/media\/3323"}],"wp:attachment":[{"href":"https:\/\/elouedshop.com\/index.php?rest_route=%2Fwp%2Fv2%2Fmedia&parent=9622"}],"wp:term":[{"taxonomy":"product_brand","embeddable":true,"href":"https:\/\/elouedshop.com\/index.php?rest_route=%2Fwp%2Fv2%2Fproduct_brand&post=9622"},{"taxonomy":"product_cat","embeddable":true,"href":"https:\/\/elouedshop.com\/index.php?rest_route=%2Fwp%2Fv2%2Fproduct_cat&post=9622"},{"taxonomy":"product_tag","embeddable":true,"href":"https:\/\/elouedshop.com\/index.php?rest_route=%2Fwp%2Fv2%2Fproduct_tag&post=9622"}],"curies":[{"name":"wp","href":"https:\/\/api.w.org\/{rel}","templated":true}]}}