{"id":9621,"date":"2024-02-25T14:40:35","date_gmt":"2024-02-25T14:40:35","guid":{"rendered":"https:\/\/elouedshop.com\/?post_type=product&#038;p=9621"},"modified":"2024-02-25T14:40:49","modified_gmt":"2024-02-25T14:40:49","slug":"les-recits-du-coran-pour-enfants","status":"publish","type":"product","link":"https:\/\/elouedshop.com\/?product=les-recits-du-coran-pour-enfants","title":{"rendered":"Les R\u00e9cits du Coran pour Enfants"},"content":{"rendered":"<table style=\"font-size: 16px; font-style: normal;\" border=\"0\" width=\"100%\" cellspacing=\"0\" cellpadding=\"0\">\n<tbody>\n<tr>\n<td align=\"left\"><span style=\"font-family: Verdana, Arial; font-size: small;\"><b>Auteur :<\/b>\u00a0Saniyasnain Khan<br \/>\n<\/span><\/td>\n<\/tr>\n<tr>\n<td align=\"left\"><span style=\"font-family: Verdana, Arial; font-size: small;\"><b>Type de produit :<\/b>\u00a0Livre<br \/>\n<\/span><\/td>\n<\/tr>\n<tr>\n<td align=\"left\"><span style=\"font-family: Verdana, Arial; font-size: small;\"><b>Nombre de pages :<\/b>\u00a0240<br \/>\n<\/span><\/td>\n<\/tr>\n<tr>\n<td align=\"left\"><span style=\"font-family: Verdana, Arial; font-size: small;\"><b>Mod\u00e8le &#8211; Format :<\/b>\u00a015,50 x 20 cm &#8211; Couverture cartonn\u00e9e avec parties argent\u00e9es<br \/>\n<\/span><\/td>\n<\/tr>\n<tr>\n<td align=\"left\"><span style=\"font-family: Verdana, Arial; font-size: small;\"><b>Editeur :<\/b>\u00a0Orientica\u00a0&#8211;\u00a0Goodword books<br \/>\n<\/span><\/td>\n<\/tr>\n<tr>\n<td align=\"left\"><span style=\"font-family: Verdana, Arial; font-size: small;\"><b>Langue :<\/b>\u00a0fran\u00e7ais<br \/>\n<\/span><\/td>\n<\/tr>\n<tr>\n<td align=\"left\"><span style=\"font-family: Verdana, Arial; font-size: small;\"><b>ISBN\/EAN :<\/b>\u00a09789351790693<br \/>\n<\/span><\/td>\n<\/tr>\n<\/tbody>\n<\/table>\n","protected":false},"excerpt":{"rendered":"<p>Un Tr\u00e9sor d\u2019Histoires Extraites du Coran \u2013 pour les tout-petits.<\/p>\n<p>Voici quelques-unes des histoires les plus appr\u00e9ci\u00e9es du Coran. Sp\u00e9cialement s\u00e9lectionn\u00e9es pour les plus jeunes, elles offrent la base sur laquelle s\u2019\u00e9tablira une connaissance solide et sans cesse d\u00e9velopp\u00e9e des \u00c9critures saintes.<\/p>\n<p>Avec parque page en soie.<\/p>\n","protected":false},"featured_media":932,"template":"","meta":[],"product_brand":[],"product_cat":[24,175,59,21,225],"product_tag":[],"class_list":{"0":"post-9621","1":"product","2":"type-product","3":"status-publish","4":"has-post-thumbnail","6":"product_cat-enfants","7":"product_cat-histoires-du-coran","8":"product_cat-les-recits-des-prophetes","9":"product_cat-livre","10":"product_cat-ramadan","11":"description-off","13":"first","14":"instock","15":"shipping-taxable","16":"purchasable","17":"product-type-simple"},"jetpack_sharing_enabled":true,"_links":{"self":[{"href":"https:\/\/elouedshop.com\/index.php?rest_route=\/wp\/v2\/product\/9621","targetHints":{"allow":["GET"]}}],"collection":[{"href":"https:\/\/elouedshop.com\/index.php?rest_route=\/wp\/v2\/product"}],"about":[{"href":"https:\/\/elouedshop.com\/index.php?rest_route=\/wp\/v2\/types\/product"}],"wp:featuredmedia":[{"embeddable":true,"href":"https:\/\/elouedshop.com\/index.php?rest_route=\/wp\/v2\/media\/932"}],"wp:attachment":[{"href":"https:\/\/elouedshop.com\/index.php?rest_route=%2Fwp%2Fv2%2Fmedia&parent=9621"}],"wp:term":[{"taxonomy":"product_brand","embeddable":true,"href":"https:\/\/elouedshop.com\/index.php?rest_route=%2Fwp%2Fv2%2Fproduct_brand&post=9621"},{"taxonomy":"product_cat","embeddable":true,"href":"https:\/\/elouedshop.com\/index.php?rest_route=%2Fwp%2Fv2%2Fproduct_cat&post=9621"},{"taxonomy":"product_tag","embeddable":true,"href":"https:\/\/elouedshop.com\/index.php?rest_route=%2Fwp%2Fv2%2Fproduct_tag&post=9621"}],"curies":[{"name":"wp","href":"https:\/\/api.w.org\/{rel}","templated":true}]}}