{"id":9619,"date":"2024-02-25T14:38:12","date_gmt":"2024-02-25T14:38:12","guid":{"rendered":"https:\/\/elouedshop.com\/?post_type=product&#038;p=9619"},"modified":"2025-01-06T15:38:25","modified_gmt":"2025-01-06T15:38:25","slug":"ces-femmes-promises-au-paradis","status":"publish","type":"product","link":"https:\/\/elouedshop.com\/?product=ces-femmes-promises-au-paradis","title":{"rendered":"Ces femmes promises au Paradis"},"content":{"rendered":"","protected":false},"excerpt":{"rendered":"<p class=\"cvGsUA direction-ltr align-center para-style-body\"><span class=\"OYPEnA text-decoration-none text-strikethrough-none\">Les histoires de vies qui basculent en un instant, un mot&#8230; Des noms qui brillent en lettres majuscules, grav\u00e9s dans l&rsquo;Histoire&#8230; Imaginez un simple pr\u00e9ambule, une invitation au paradis&#8230; Et ces femmes, qui ont men\u00e9 une vie sainte de l&rsquo;aube au cr\u00e9puscule, leur destin est racont\u00e9 pour la premi\u00e8re fois en langue fran\u00e7aise dans ce livre exceptionnel.<\/span><\/p>\n<p class=\"cvGsUA direction-ltr align-center para-style-body\"><span class=\"OYPEnA text-decoration-none text-strikethrough-none\">Qui sont ces femmes ? Qu&rsquo;est-ce qui les a rendues si exceptionnelles aux yeux de notre Proph\u00e8te Muhammad Sallallahou aleyhi wa salam ? Comment pouvons-nous nous inspirer de leur parcours ? Ce livre r\u00e9pond \u00e0 toutes ces questions \u00e0 travers des biographies touchantes de ces femmes exceptionnelles.<\/span><\/p>\n","protected":false},"featured_media":592,"template":"","meta":[],"product_brand":[],"product_cat":[25,21],"product_tag":[],"class_list":{"0":"post-9619","1":"product","2":"type-product","3":"status-publish","4":"has-post-thumbnail","6":"product_cat-femmes","7":"product_cat-livre","8":"description-off","10":"first","11":"instock","12":"shipping-taxable","13":"purchasable","14":"product-type-simple"},"jetpack_sharing_enabled":true,"_links":{"self":[{"href":"https:\/\/elouedshop.com\/index.php?rest_route=\/wp\/v2\/product\/9619","targetHints":{"allow":["GET"]}}],"collection":[{"href":"https:\/\/elouedshop.com\/index.php?rest_route=\/wp\/v2\/product"}],"about":[{"href":"https:\/\/elouedshop.com\/index.php?rest_route=\/wp\/v2\/types\/product"}],"wp:featuredmedia":[{"embeddable":true,"href":"https:\/\/elouedshop.com\/index.php?rest_route=\/wp\/v2\/media\/592"}],"wp:attachment":[{"href":"https:\/\/elouedshop.com\/index.php?rest_route=%2Fwp%2Fv2%2Fmedia&parent=9619"}],"wp:term":[{"taxonomy":"product_brand","embeddable":true,"href":"https:\/\/elouedshop.com\/index.php?rest_route=%2Fwp%2Fv2%2Fproduct_brand&post=9619"},{"taxonomy":"product_cat","embeddable":true,"href":"https:\/\/elouedshop.com\/index.php?rest_route=%2Fwp%2Fv2%2Fproduct_cat&post=9619"},{"taxonomy":"product_tag","embeddable":true,"href":"https:\/\/elouedshop.com\/index.php?rest_route=%2Fwp%2Fv2%2Fproduct_tag&post=9619"}],"curies":[{"name":"wp","href":"https:\/\/api.w.org\/{rel}","templated":true}]}}