{"id":9617,"date":"2024-02-25T14:36:39","date_gmt":"2024-02-25T14:36:39","guid":{"rendered":"https:\/\/elouedshop.com\/?post_type=product&#038;p=9617"},"modified":"2024-02-25T14:36:50","modified_gmt":"2024-02-25T14:36:50","slug":"les-graines-de-la-reforme-ibn-al-jawzi","status":"publish","type":"product","link":"https:\/\/elouedshop.com\/?product=les-graines-de-la-reforme-ibn-al-jawzi","title":{"rendered":"Les graines de la r\u00e9forme &#8211; Ibn Al-Jawzi"},"content":{"rendered":"<table class=\"ce-product-features\">\n<tbody>\n<tr class=\"ce-product-features__row\">\n<th class=\"ce-product-features__label\">Ann\u00e9e<\/th>\n<td class=\"ce-product-features__value\">2024<\/td>\n<\/tr>\n<tr class=\"ce-product-features__row\">\n<th class=\"ce-product-features__label\">Couverture<\/th>\n<td class=\"ce-product-features__value\">Souple<\/td>\n<\/tr>\n<tr class=\"ce-product-features__row\">\n<th class=\"ce-product-features__label\">Dimensions<\/th>\n<td class=\"ce-product-features__value\">12.85 x 0.71 x 19.84 cm<\/td>\n<\/tr>\n<tr class=\"ce-product-features__row\">\n<th class=\"ce-product-features__label\">Nb. Pages<\/th>\n<td class=\"ce-product-features__value\">109<\/td>\n<\/tr>\n<tr class=\"ce-product-features__row\">\n<th class=\"ce-product-features__label\">Langue<\/th>\n<td class=\"ce-product-features__value\">fran\u00e7aise<\/td>\n<\/tr>\n<tr class=\"ce-product-features__row\">\n<th class=\"ce-product-features__label\">Auteur<\/th>\n<td class=\"ce-product-features__value\">Ibn Al-Jawzi<\/td>\n<\/tr>\n<\/tbody>\n<\/table>\n","protected":false},"excerpt":{"rendered":"<p>\u00d4 toi qui retarde son repentir en raison de son espoir illusoire d\u2019une longue vie, tu disais : \u00ab Je me repentirais lorsque mes cheveux seront gris. \u00bb. Or, voil\u00e0 qu\u2019ils le sont. Les mois d\u2019\u00e9t\u00e9 sont pass\u00e9s. Si l\u2019\u00e9p\u00e9e de tes efforts \u00e9tait d\u2019une quelconque utilit\u00e9, tes vains d\u00e9sirs seraient tomb\u00e9s sous sa lame aiguis\u00e9e.<\/p>\n<p>Chaque jour, tu poses les fondations de ton repentir et de ton retour vers Allah, mais tu les installes au bord d\u2019un pr\u00e9cipice.<\/p>\n<p>Tranche la gorge du penchant avec la dague de la ferme r\u00e9solution.<\/p>\n<p>Avec l\u2019encre de tes larmes, \u00e9cris tes espoirs \u00e0 Celui qui est capable de les concr\u00e9tiser.<\/p>\n<p>\u00d4 gens, la possessivit\u00e9 d\u2019Allah \u00e0 votre \u00e9gard et Sa volont\u00e9 de vous prot\u00e9ger est la raison pour laquelle Il vous interdit les actes obsc\u00e8nes. Combien de fois vous a-t-Il invit\u00e9, mais vous avez persist\u00e9 \u00e0 rester loin de Lui ?<\/p>\n","protected":false},"featured_media":9207,"template":"","meta":[],"product_brand":[],"product_cat":[151,21,154,79],"product_tag":[],"class_list":{"0":"post-9617","1":"product","2":"type-product","3":"status-publish","4":"has-post-thumbnail","6":"product_cat-education-spiritualite","7":"product_cat-livre","8":"product_cat-repentir","9":"product_cat-spiritualite","10":"description-off","12":"first","13":"instock","14":"shipping-taxable","15":"purchasable","16":"product-type-simple"},"jetpack_sharing_enabled":true,"_links":{"self":[{"href":"https:\/\/elouedshop.com\/index.php?rest_route=\/wp\/v2\/product\/9617","targetHints":{"allow":["GET"]}}],"collection":[{"href":"https:\/\/elouedshop.com\/index.php?rest_route=\/wp\/v2\/product"}],"about":[{"href":"https:\/\/elouedshop.com\/index.php?rest_route=\/wp\/v2\/types\/product"}],"wp:featuredmedia":[{"embeddable":true,"href":"https:\/\/elouedshop.com\/index.php?rest_route=\/wp\/v2\/media\/9207"}],"wp:attachment":[{"href":"https:\/\/elouedshop.com\/index.php?rest_route=%2Fwp%2Fv2%2Fmedia&parent=9617"}],"wp:term":[{"taxonomy":"product_brand","embeddable":true,"href":"https:\/\/elouedshop.com\/index.php?rest_route=%2Fwp%2Fv2%2Fproduct_brand&post=9617"},{"taxonomy":"product_cat","embeddable":true,"href":"https:\/\/elouedshop.com\/index.php?rest_route=%2Fwp%2Fv2%2Fproduct_cat&post=9617"},{"taxonomy":"product_tag","embeddable":true,"href":"https:\/\/elouedshop.com\/index.php?rest_route=%2Fwp%2Fv2%2Fproduct_tag&post=9617"}],"curies":[{"name":"wp","href":"https:\/\/api.w.org\/{rel}","templated":true}]}}