{"id":9616,"date":"2024-02-25T13:42:10","date_gmt":"2024-02-25T13:42:10","guid":{"rendered":"https:\/\/elouedshop.com\/?post_type=product&#038;p=9616"},"modified":"2024-02-25T13:42:25","modified_gmt":"2024-02-25T13:42:25","slug":"un-hadith-chaque-jour-365-sagesses-prophetiques-bilingue-arabe-francais","status":"publish","type":"product","link":"https:\/\/elouedshop.com\/?product=un-hadith-chaque-jour-365-sagesses-prophetiques-bilingue-arabe-francais","title":{"rendered":"Un hadith chaque jour &#8211; 365 sagesses proph\u00e9tiques &#8211; Bilingue (arabe\/fran\u00e7ais)"},"content":{"rendered":"<table border=\"0\" width=\"100%\" cellspacing=\"0\" cellpadding=\"0\">\n<tbody>\n<tr>\n<td align=\"left\"><span style=\"font-family: Verdana, Arial; font-size: small;\"><b>Auteur :<\/b>\u00a0Equipe \u00e9ditoriale Orientica<br \/>\n<\/span><\/td>\n<\/tr>\n<tr>\n<td align=\"left\"><span style=\"font-family: Verdana, Arial; font-size: small;\"><b>Type de produit :<\/b>\u00a0Livre<br \/>\n<\/span><\/td>\n<\/tr>\n<tr>\n<td align=\"left\"><span style=\"font-family: Verdana, Arial; font-size: small;\"><b>Nombre de pages :<\/b>\u00a0368<br \/>\n<\/span><\/td>\n<\/tr>\n<tr>\n<td align=\"left\"><span style=\"font-family: Verdana, Arial; font-size: small;\"><b>Mod\u00e8le &#8211; Format :<\/b>\u00a021 x 15 cm<br \/>\n<\/span><\/td>\n<\/tr>\n<tr>\n<td align=\"left\"><span style=\"font-family: Verdana, Arial; font-size: small;\"><b>Editeur :<\/b>\u00a0Orientica<br \/>\n<\/span><\/td>\n<\/tr>\n<tr>\n<td align=\"left\"><span style=\"font-family: Verdana, Arial; font-size: small;\"><b>Langue :<\/b>\u00a0fran\u00e7ais &#8211; arabe<br \/>\n<\/span><\/td>\n<\/tr>\n<tr>\n<td align=\"left\"><span style=\"font-family: Verdana, Arial; font-size: small;\"><b>ISBN\/EAN :<\/b>\u00a0978-2-35635-298-9 \/ 9782356352989<\/span><\/td>\n<\/tr>\n<\/tbody>\n<\/table>\n","protected":false},"excerpt":{"rendered":"<p class=\"cvGsUA direction-ltr align-center para-style-body\"><span class=\"OYPEnA text-decoration-none text-strikethrough-none\">Accrochez-vous \u00e0 vos chapelets, car \u00ab\u00a0Un Hadith Chaque Jour\u00a0\u00bb est un calendrier \u00e9ducatif sensationnel! Ce petit bijou contient 365 hadiths authentiques, un par jour, soit une ann\u00e9e pleine de spiritualit\u00e9 \u00e0 la lumi\u00e8re des paroles \u00e9difiantes de Muhammad (SAW) &#8211; le meilleur des hommes. Chaque hadith est pr\u00e9sent\u00e9 en arabe et en fran\u00e7ais et est accompagn\u00e9 de ses sources, de ses rapporteurs et de son num\u00e9ro dans les c\u00e9l\u00e8bres recueils de hadiths.<\/span><\/p>\n<p class=\"cvGsUA direction-ltr align-center para-style-body\"><span class=\"OYPEnA text-decoration-none text-strikethrough-none\">Inspir\u00e9 de Riy\u00e2d As-S\u00e2lih\u00een et des 40 hadiths Nawaw\u00ee, ce calendrier est un incontournable pour tous les musulmans souhaitant approfondir leurs connaissances religieuses et parfaire leur pratique cultuelle. Chaque jour, vous d\u00e9couvrirez un nouveau hadith authentique \u00e0 m\u00e9diter et \u00e0 appliquer dans votre vie quotidienne, vous aidant ainsi \u00e0 vous enrichir spirituellement et \u00e0 suivre la voie de notre bien-aim\u00e9 Muhammad (SAW).<\/span><\/p>\n<p class=\"cvGsUA direction-ltr align-center para-style-body\"><span class=\"OYPEnA text-decoration-none text-strikethrough-none\">Le calendrier est simple, authentique et b\u00e9n\u00e9fique, avec un th\u00e8me et une d\u00e9coration graphique uniques pour chaque mois. Et le meilleur dans tout \u00e7a? C&rsquo;est un calendrier perp\u00e9tuel que vous pourrez utiliser chaque ann\u00e9e &#8211; pas de date de p\u00e9remption! En bref, \u00ab\u00a0Un Hadith Chaque Jour\u00a0\u00bb est un incontournable pour tous les amoureux de la spiritualit\u00e9 et de l&rsquo;apprentissage.<\/span><\/p>\n","protected":false},"featured_media":567,"template":"","meta":[],"product_brand":[],"product_cat":[25,38,21],"product_tag":[],"class_list":{"0":"post-9616","1":"product","2":"type-product","3":"status-publish","4":"has-post-thumbnail","6":"product_cat-femmes","7":"product_cat-idees-de-cadeaux","8":"product_cat-livre","9":"description-off","11":"first","12":"instock","13":"shipping-taxable","14":"purchasable","15":"product-type-simple"},"jetpack_sharing_enabled":true,"_links":{"self":[{"href":"https:\/\/elouedshop.com\/index.php?rest_route=\/wp\/v2\/product\/9616","targetHints":{"allow":["GET"]}}],"collection":[{"href":"https:\/\/elouedshop.com\/index.php?rest_route=\/wp\/v2\/product"}],"about":[{"href":"https:\/\/elouedshop.com\/index.php?rest_route=\/wp\/v2\/types\/product"}],"wp:featuredmedia":[{"embeddable":true,"href":"https:\/\/elouedshop.com\/index.php?rest_route=\/wp\/v2\/media\/567"}],"wp:attachment":[{"href":"https:\/\/elouedshop.com\/index.php?rest_route=%2Fwp%2Fv2%2Fmedia&parent=9616"}],"wp:term":[{"taxonomy":"product_brand","embeddable":true,"href":"https:\/\/elouedshop.com\/index.php?rest_route=%2Fwp%2Fv2%2Fproduct_brand&post=9616"},{"taxonomy":"product_cat","embeddable":true,"href":"https:\/\/elouedshop.com\/index.php?rest_route=%2Fwp%2Fv2%2Fproduct_cat&post=9616"},{"taxonomy":"product_tag","embeddable":true,"href":"https:\/\/elouedshop.com\/index.php?rest_route=%2Fwp%2Fv2%2Fproduct_tag&post=9616"}],"curies":[{"name":"wp","href":"https:\/\/api.w.org\/{rel}","templated":true}]}}