{"id":9585,"date":"2024-02-24T16:40:38","date_gmt":"2024-02-24T16:40:38","guid":{"rendered":"https:\/\/elouedshop.com\/?post_type=product&#038;p=9585"},"modified":"2025-01-21T10:04:17","modified_gmt":"2025-01-21T10:04:17","slug":"pack-collection-raconte-aux-enfants","status":"publish","type":"product","link":"https:\/\/elouedshop.com\/?product=pack-collection-raconte-aux-enfants","title":{"rendered":"Pack collection racont\u00e9 aux enfants"},"content":{"rendered":"","protected":false},"excerpt":{"rendered":"<p>&#8220;<strong>Les Proph\u00e8tes racont\u00e9s aux enfants<\/strong>&#8221; met en lumi\u00e8re les plus grands \u00e9pisodes de la vie de ces \u00e9lus de Dieu. Cet ouvrage r\u00e9unit des aventures passionnantes, et pleines de le\u00e7ons, qui sauront emporter le jeune lecteur. Page apr\u00e8s page, et au fil d\u2019illustrations tr\u00e8s attrayantes, votre enfant se familiarisera avec ces hommes illustres dont l\u2019histoire est pleine de sens et de grandeur.<\/p>\n<p>&#8220;<strong>Les animaux du Coran racont\u00e9 aux enfants<\/strong>&#8221; relate des histoires pleines d\u2019enseignements, de belles rencontres et de valeurs. Ce bel ouvrage met en avant l\u2019importance du respect de chaque \u00eatre vivant.<\/p>\n<p>&#8220;<strong>Les Compagnons du Proph\u00e8te racont\u00e9s aux enfants<\/strong>&#8221; est un ouvrage compos\u00e9 d&#8217;histoires \u00e0 la fois simples et profondes. Elles relatent des moments importants de la vie de ces belles \u00e2mes qui on fa\u00e7onn\u00e9 l&#8217;histoire de l&#8217;islam \u00e0 ses d\u00e9buts.<\/p>\n<p>&#8220;<strong>Le Proph\u00e8te racont\u00e9 aux enfants<\/strong>&#8221; relate les \u00e9v\u00e9nements importants qui composent la vie exceptionnelle de notre Proph\u00e8te bien-aim\u00e9. L&#8217;ouvrage insiste \u00e9galement sur les valeurs et les nobles comportements que le Messager a port\u00e9s et qu&#8217;il nous a enseign\u00e9s.<\/p>\n<p>&#8220;<strong>Le Coran expliqu\u00e9 aux enfants&#8221;,<\/strong>\u00a0derni\u00e8re \u00e9dition compos\u00e9e de nouvelles illustrations sont propos\u00e9es, ainsi que des QR codes pour que votre enfant puisse suivre la sourate et la r\u00e9citer correctement.<\/p>\n<p>V\u00e9ritable petit tafsir pour les enfants, cet ouvrage est id\u00e9al pour apprendre et comprendre les derni\u00e8res sourates du Coran qui composent le juz \u2018amma.<\/p>\n","protected":false},"featured_media":9586,"template":"","meta":[],"product_brand":[],"product_cat":[179,66,22,24,175,38,59,21,177,225],"product_tag":[],"class_list":{"0":"post-9585","1":"product","2":"type-product","3":"status-publish","4":"has-post-thumbnail","6":"product_cat-biographie","7":"product_cat-compagnons","8":"product_cat-coran","9":"product_cat-enfants","10":"product_cat-histoires-du-coran","11":"product_cat-idees-de-cadeaux","12":"product_cat-les-recits-des-prophetes","13":"product_cat-livre","14":"product_cat-pack-cadeaux","15":"product_cat-ramadan","16":"description-off","18":"first","19":"instock","20":"sale","21":"featured","22":"shipping-taxable","23":"purchasable","24":"product-type-simple"},"jetpack_sharing_enabled":true,"_links":{"self":[{"href":"https:\/\/elouedshop.com\/index.php?rest_route=\/wp\/v2\/product\/9585","targetHints":{"allow":["GET"]}}],"collection":[{"href":"https:\/\/elouedshop.com\/index.php?rest_route=\/wp\/v2\/product"}],"about":[{"href":"https:\/\/elouedshop.com\/index.php?rest_route=\/wp\/v2\/types\/product"}],"wp:featuredmedia":[{"embeddable":true,"href":"https:\/\/elouedshop.com\/index.php?rest_route=\/wp\/v2\/media\/9586"}],"wp:attachment":[{"href":"https:\/\/elouedshop.com\/index.php?rest_route=%2Fwp%2Fv2%2Fmedia&parent=9585"}],"wp:term":[{"taxonomy":"product_brand","embeddable":true,"href":"https:\/\/elouedshop.com\/index.php?rest_route=%2Fwp%2Fv2%2Fproduct_brand&post=9585"},{"taxonomy":"product_cat","embeddable":true,"href":"https:\/\/elouedshop.com\/index.php?rest_route=%2Fwp%2Fv2%2Fproduct_cat&post=9585"},{"taxonomy":"product_tag","embeddable":true,"href":"https:\/\/elouedshop.com\/index.php?rest_route=%2Fwp%2Fv2%2Fproduct_tag&post=9585"}],"curies":[{"name":"wp","href":"https:\/\/api.w.org\/{rel}","templated":true}]}}