{"id":9572,"date":"2024-02-24T15:48:31","date_gmt":"2024-02-24T15:48:31","guid":{"rendered":"https:\/\/elouedshop.com\/?post_type=product&#038;p=9572"},"modified":"2025-01-06T15:39:29","modified_gmt":"2025-01-06T15:39:29","slug":"pack-la-femme-musulmane-4-livres","status":"publish","type":"product","link":"https:\/\/elouedshop.com\/?product=pack-la-femme-musulmane-4-livres","title":{"rendered":"PACK : LA FEMME MUSULMANE (4 LIVRES)"},"content":{"rendered":"","protected":false},"excerpt":{"rendered":"<p>Trouvez dans ce pack les ingr\u00e9dients du bonheur de la femme musulmane ici-bas et dans l&rsquo;au-del\u00e0 et les moyens pour elle de concilier sa vie de famille et sa spiritualit\u00e9.<\/p>\n","protected":false},"featured_media":9573,"template":"","meta":[],"product_brand":[],"product_cat":[25,21,177],"product_tag":[],"class_list":{"0":"post-9572","1":"product","2":"type-product","3":"status-publish","4":"has-post-thumbnail","6":"product_cat-femmes","7":"product_cat-livre","8":"product_cat-pack-cadeaux","9":"description-off","11":"first","12":"instock","13":"sale","14":"shipping-taxable","15":"purchasable","16":"product-type-simple"},"jetpack_sharing_enabled":true,"_links":{"self":[{"href":"https:\/\/elouedshop.com\/index.php?rest_route=\/wp\/v2\/product\/9572","targetHints":{"allow":["GET"]}}],"collection":[{"href":"https:\/\/elouedshop.com\/index.php?rest_route=\/wp\/v2\/product"}],"about":[{"href":"https:\/\/elouedshop.com\/index.php?rest_route=\/wp\/v2\/types\/product"}],"wp:featuredmedia":[{"embeddable":true,"href":"https:\/\/elouedshop.com\/index.php?rest_route=\/wp\/v2\/media\/9573"}],"wp:attachment":[{"href":"https:\/\/elouedshop.com\/index.php?rest_route=%2Fwp%2Fv2%2Fmedia&parent=9572"}],"wp:term":[{"taxonomy":"product_brand","embeddable":true,"href":"https:\/\/elouedshop.com\/index.php?rest_route=%2Fwp%2Fv2%2Fproduct_brand&post=9572"},{"taxonomy":"product_cat","embeddable":true,"href":"https:\/\/elouedshop.com\/index.php?rest_route=%2Fwp%2Fv2%2Fproduct_cat&post=9572"},{"taxonomy":"product_tag","embeddable":true,"href":"https:\/\/elouedshop.com\/index.php?rest_route=%2Fwp%2Fv2%2Fproduct_tag&post=9572"}],"curies":[{"name":"wp","href":"https:\/\/api.w.org\/{rel}","templated":true}]}}