{"id":9549,"date":"2024-02-24T15:32:14","date_gmt":"2024-02-24T15:32:14","guid":{"rendered":"https:\/\/elouedshop.com\/?post_type=product&#038;p=9549"},"modified":"2024-02-24T17:02:07","modified_gmt":"2024-02-24T17:02:07","slug":"pack-mariage-8-livres-2","status":"publish","type":"product","link":"https:\/\/elouedshop.com\/?product=pack-mariage-8-livres-2","title":{"rendered":"PACK : MARIAGE (8 LIVRES)"},"content":{"rendered":"","protected":false},"excerpt":{"rendered":"<p>Le mariage est une \u00e9tape primordiale dans la vie du musulman et de la musulmane. Le mariage et la vie conjugale ont une jurisprudence, une \u00e9thique qu&rsquo;il convient d&rsquo;apprendre et surtout de mettre en pratique pour un mariage r\u00e9ussi et une vie de couple \u00e9panouie et heureuse.<\/p>\n","protected":false},"featured_media":9550,"template":"","meta":[],"product_brand":[],"product_cat":[25,38,21,46,177],"product_tag":[],"class_list":{"0":"post-9549","1":"product","2":"type-product","3":"status-publish","4":"has-post-thumbnail","6":"product_cat-femmes","7":"product_cat-idees-de-cadeaux","8":"product_cat-livre","9":"product_cat-mariage-couple","10":"product_cat-pack-cadeaux","11":"description-off","13":"first","14":"instock","15":"sale","16":"shipping-taxable","17":"purchasable","18":"product-type-simple"},"jetpack_sharing_enabled":true,"_links":{"self":[{"href":"https:\/\/elouedshop.com\/index.php?rest_route=\/wp\/v2\/product\/9549","targetHints":{"allow":["GET"]}}],"collection":[{"href":"https:\/\/elouedshop.com\/index.php?rest_route=\/wp\/v2\/product"}],"about":[{"href":"https:\/\/elouedshop.com\/index.php?rest_route=\/wp\/v2\/types\/product"}],"wp:featuredmedia":[{"embeddable":true,"href":"https:\/\/elouedshop.com\/index.php?rest_route=\/wp\/v2\/media\/9550"}],"wp:attachment":[{"href":"https:\/\/elouedshop.com\/index.php?rest_route=%2Fwp%2Fv2%2Fmedia&parent=9549"}],"wp:term":[{"taxonomy":"product_brand","embeddable":true,"href":"https:\/\/elouedshop.com\/index.php?rest_route=%2Fwp%2Fv2%2Fproduct_brand&post=9549"},{"taxonomy":"product_cat","embeddable":true,"href":"https:\/\/elouedshop.com\/index.php?rest_route=%2Fwp%2Fv2%2Fproduct_cat&post=9549"},{"taxonomy":"product_tag","embeddable":true,"href":"https:\/\/elouedshop.com\/index.php?rest_route=%2Fwp%2Fv2%2Fproduct_tag&post=9549"}],"curies":[{"name":"wp","href":"https:\/\/api.w.org\/{rel}","templated":true}]}}