{"id":9445,"date":"2024-02-23T20:26:34","date_gmt":"2024-02-23T20:26:34","guid":{"rendered":"https:\/\/elouedshop.com\/?post_type=product&#038;p=9445"},"modified":"2025-01-03T00:19:04","modified_gmt":"2025-01-03T00:19:04","slug":"doudou-elephant-veilleuse-coranique","status":"publish","type":"product","link":"https:\/\/elouedshop.com\/?product=doudou-elephant-veilleuse-coranique","title":{"rendered":"Doudou \u00c9l\u00e9phant veilleuse coranique + Detecteur de pleur"},"content":{"rendered":"","protected":false},"excerpt":{"rendered":"<h2><span>Une\u00a0<\/span><strong><span>veilleuse pour un sommeil doux pour b\u00e9b\u00e9<\/span><\/strong><\/h2>\n<p><span>Si vous cherchez un\u00a0<\/span><strong><span>moyen unique<\/span><\/strong><span>\u00a0,\u00a0<\/span><strong><span>apaisant<\/span><\/strong><span>\u00a0et\u00a0<\/span><strong><span>amusant<\/span><\/strong><span>\u00a0de reposer votre enfant, ne cherchez pas plus loin que cette peluche.<\/span>\u00a0\u00a0<strong>\u00a0<\/strong>\u00a0<strong>\u00a0<\/strong><\/p>\n<p><strong><span>Endormir un b\u00e9b\u00e9\u00a0<\/span><\/strong>, ce n&rsquo;est pas toujours facile. Cela peut m\u00eame devenir une difficult\u00e9 pour les jeunes parents qui ne savent pas comment s&rsquo;y prendre.<\/p>\n<p><span>C&rsquo;est un moment d\u00e9licat pendant lequel b\u00e9b\u00e9 peut \u00eatre agit\u00e9 ou grincheux.<\/span><\/p>\n<p><span>Cette\u00a0<\/span><strong><span>peluche<\/span><\/strong><span>\u00a0est\u00a0<\/span><strong><span>parfaite<\/span><\/strong><span>\u00a0pour les enfants qui aiment\u00a0<\/span><strong><span>les doudous<\/span><\/strong><span>\u00a0avec, des\u00a0<\/span><strong><span>versets coraniques<\/span><\/strong><span>\u00a0, des\u00a0<\/span><strong><span>Douas,<\/span><\/strong><span>\u00a0des\u00a0<\/span><strong><span>Anachids apaisants<\/span><\/strong><span>\u00a0et\u00a0<\/span><strong><span>relaxants<\/span><\/strong><span>\u00a0.<\/span>\u00a0<strong>\u00a0<\/strong>\u00a0<strong>\u00a0<\/strong>\u00a0<strong>\u00a0<\/strong>\u00a0\u00a0<strong>\u00a0<\/strong>\u00a0<strong>\u00a0<\/strong><\/p>\n<p><span>Elle d\u00e9gage \u00e9galement des projections de ciel \u00e9toil\u00e9 pour favoriser\u00a0<\/span><strong><span>l&rsquo;endormissement de votre b\u00e9b\u00e9<\/span><\/strong><span>\u00a0ce qui en fait le\u00a0<\/span><strong><span>compagnon id\u00e9al<\/span><\/strong><span>\u00a0pour les\u00a0<\/span><strong><span>nuits agit\u00e9es<\/span><\/strong><span>\u00a0ou les\u00a0<\/span><strong><span>moments de stress<\/span><\/strong><span>\u00a0.<\/span>\u00a0<strong>\u00a0<\/strong><\/p>\n<p class=\"expanded-width\"><strong><img decoding=\"async\" class=\"exp-loaded\" src=\"https:\/\/cdn.shopify.com\/s\/files\/1\/0719\/5669\/3313\/files\/Peluche3-Moduleelectronique_livraison_480x480.png?v=1708337696\" alt=\"\" \/>\u00a0<\/strong>\u00a0<strong>\u00a0<\/strong><\/p>\n<ul>\n<li><strong><span>7 Types de projection<\/span>\u00a0<\/strong><span>\u00a0: lumi\u00e8re diffuse, ciel \u00e9toil\u00e9 et nuages \u200b\u200b\u200b\u200b.<\/span><\/li>\n<\/ul>\n<p>&nbsp;<\/p>\n<p class=\"expanded-width\"><img decoding=\"async\" class=\"exp-loaded\" src=\"https:\/\/cdn.shopify.com\/s\/files\/1\/0719\/5669\/3313\/files\/Peluche3-Descriptionprojecteur_retouche4_480x480.png?v=1708337747\" alt=\"\" \/><\/p>\n<ul>\n<li>3 modes d&rsquo;\u00e9coute<b>\u00a0<\/b>\u00a0plus une heure d&rsquo;audios.<\/li>\n<li><strong><span>Coran Juz Amma<\/span><\/strong><span>\u00a0r\u00e9cit\u00e9 par Ahmed Saoud.<\/span><\/li>\n<li><strong><span>Duaas Adhkar et Nawm.<\/span><\/strong><\/li>\n<li><span>Les\u00a0<\/span><b>40 Rabanna du Coran Al karim<\/b>\u00a0.<\/li>\n<li><strong><span>Nasheed Apaisants et relaxants sans instrument.<\/span><\/strong><\/li>\n<\/ul>\n<p class=\"expanded-width\"><img decoding=\"async\" class=\"exp-loaded\" src=\"https:\/\/cdn.shopify.com\/s\/files\/1\/0719\/5669\/3313\/files\/Peluche3-Descriptionhaut-parleur_retouche_480x480.png?v=1708338018\" alt=\"\" \/><\/p>\n<ul>\n<li><span>Gr\u00e2ce au\u00a0<\/span><strong><span>module \u00e9lectronique d\u00e9tachable<\/span><\/strong><span>\u00a0, le doudou devient un compagnon tout doux pour votre v\u00e9ritable<\/span><\/li>\n<\/ul>\n<ul>\n<li><strong><span>Doudou nomade ou sans fil<\/span><\/strong><span>\u00a0. Il a donc l&rsquo;avantage d&rsquo;\u00eatre\u00a0<\/span><strong><span>d\u00e9pla\u00e7able<\/span><\/strong><span>\u00a0dans n&rsquo;importe quel endroit ou b\u00e9b\u00e9 s&rsquo;endort.<\/span>\u00a0<strong>\u00a0<\/strong><\/li>\n<\/ul>\n<ul>\n<li><span>3 en 1 \u2013\u00a0<\/span><strong><span>Doudou, projecteur, veilleuse<\/span><\/strong><span>\u00a0.<\/span><\/li>\n<\/ul>\n<ul>\n<li><strong><span>R\u00e9glage du volume<\/span>\u00a0<\/strong><span>\u00a0sonore et de la\u00a0<\/span><strong><span>projection lumineuse<\/span><\/strong><span>\u00a0.<\/span><\/li>\n<\/ul>\n<p class=\"expanded-width\"><img decoding=\"async\" class=\"exp-loaded\" src=\"https:\/\/cdn.shopify.com\/s\/files\/1\/0719\/5669\/3313\/files\/Peluche3-Descriptiondoudou_retouche4_480x480.png?v=1708337963\" alt=\"\" \/><\/p>\n<ul>\n<li><span>Doudou\u00a0<\/span><strong><span>lavable \u00e0 la main.<\/span><\/strong><\/li>\n<\/ul>\n<p class=\"expanded-width\"><img decoding=\"async\" class=\"exp-loaded\" src=\"https:\/\/cdn.shopify.com\/s\/files\/1\/0719\/5669\/3313\/files\/Peluche3-Lavablealamain_livraison_480x480.png?v=1708338082\" alt=\"\" \/><\/p>\n<ul>\n<li><span>Fonctionne avec\u00a0<\/span><strong><span>3 pieux LR6<\/span><\/strong><span>\u00a0.<\/span><\/li>\n<\/ul>\n<p>&nbsp;<\/p>\n<p class=\"expanded-width\"><img decoding=\"async\" class=\"exp-loaded\" src=\"https:\/\/cdn.shopify.com\/s\/files\/1\/0719\/5669\/3313\/files\/Peluche3-Installationbatterie_livraison_480x480.png?v=1708338183\" alt=\"\" \/><\/p>\n<h3><span>Contenu audio de la veilleuse (1 heure d&rsquo;audio):<\/span><\/h3>\n<h4><span>Anachide (9 minutes)<\/span><\/h4>\n<ul>\n<li><span>Les 5 piliers de l&rsquo;Islam<\/span><\/li>\n<li><span>cendre Shahada<\/span><\/li>\n<li><span>Haya ala salat<\/span><\/li>\n<li><span>Laylat ul Qadar<\/span><\/li>\n<li><span>Mohammed Nabina<\/span><\/li>\n<li><span>Iqra<\/span><\/li>\n<li><span>Kanat Saima<\/span><\/li>\n<li><span>Adhkar<\/span><\/li>\n<\/ul>\n<h4><span>Coran (Juz Amma) r\u00e9cit\u00e9 par Ahmed Saoud (30minutes)<\/span><\/h4>\n<ul>\n<li><span>Les constellations (Al-Buruj).<\/span><\/li>\n<li><span>L&rsquo;astre nocturne (At-Tariq).<\/span><\/li>\n<li><span>Le Tr\u00e8s-Haut (Al-Ala).<\/span><\/li>\n<li><span>L&rsquo;enveloppeante (Al-Gasiyah).<\/span><\/li>\n<li><span>L&rsquo;aube (Al-Fajr).<\/span><\/li>\n<li><span>La cit\u00e9 (Al-Balad).<\/span><\/li>\n<li><span>Le soleil (Ach-Chams).<\/span><\/li>\n<li><span>La nuit (Al-Layl).<\/span><\/li>\n<li><span>Le jour montant (Ad-Duha).<\/span><\/li>\n<li><span>L&rsquo;ouverture (As-Sarh).<\/span><\/li>\n<li><span>Le figuier (At-Tin).<\/span><\/li>\n<li><span>L&rsquo;adh\u00e9sion (Al-Alaq).<\/span><\/li>\n<li><span>La Destin\u00e9e (Al-Qadr).<\/span><\/li>\n<li><span>La preuve (Al-Bayyinah).<\/span><\/li>\n<li><span>La secousse (Az-Zalzalah).<\/span><\/li>\n<li><span>Les coursiers (Al-Adiyate).<\/span><\/li>\n<li><span>Le fracas (Al-Qariah).<\/span><\/li>\n<li><span>La course aux richesses (At-Takatur).<\/span><\/li>\n<li><span>Le temps (Al-Asr).<\/span><\/li>\n<li><span>Les calomniateurs (Al-Humazah).<\/span><\/li>\n<li><span>L&rsquo;\u00e9l\u00e9phant (Al-Fil).<\/span><\/li>\n<li><span>Qora\u00efsh.<\/span><\/li>\n<li><span>L&rsquo;ustensile (Al-Maun).<\/span><\/li>\n<li><span>L&rsquo;abondance (Al-Kawtar).<\/span><\/li>\n<li><span>Les infid\u00e8les (Al-Kafirune).<\/span><\/li>\n<li><span>Les secours (An-Nasr).<\/span><\/li>\n<li><span>Les fibres (Al-Masad).<\/span><\/li>\n<li><span>Le monoth\u00e9isme pur (Al-Ihlas).<\/span><\/li>\n<li><span>L&rsquo;aube naissante (Al-Falaq).<\/span><\/li>\n<li><span>Les hommes (An-Nas).<\/span><\/li>\n<\/ul>\n<h4><span>Douas (22minutes)<\/span><\/h4>\n<ul>\n<li><span>&#8211; Adhkar an Nawm (Al Afasy)<\/span><\/li>\n<li><span>&#8211; Les 40 Rabanna du Coran al Karim<\/span><\/li>\n<\/ul>\n<p>&nbsp;<\/p>\n<h4><span>Dimension\u00a0<\/span><span>\u00a0de la peluche coranique<\/span><\/h4>\n<p>&nbsp;<\/p>\n<p class=\"expanded-width\"><img decoding=\"async\" class=\"exp-loaded\" src=\"https:\/\/cdn.shopify.com\/s\/files\/1\/0719\/5669\/3313\/files\/Peluche3-Dimensionset4en1_retouche4_480x480.png?v=1708338268\" alt=\"\" \/><\/p>\n","protected":false},"featured_media":9446,"template":"","meta":[],"product_brand":[],"product_cat":[226,26],"product_tag":[],"class_list":{"0":"post-9445","1":"product","2":"type-product","3":"status-publish","4":"has-post-thumbnail","6":"product_cat-cadeau-naissance","7":"product_cat-jouets-educatifs","8":"description-off","10":"first","11":"instock","12":"featured","13":"shipping-taxable","14":"purchasable","15":"product-type-simple"},"jetpack_sharing_enabled":true,"_links":{"self":[{"href":"https:\/\/elouedshop.com\/index.php?rest_route=\/wp\/v2\/product\/9445","targetHints":{"allow":["GET"]}}],"collection":[{"href":"https:\/\/elouedshop.com\/index.php?rest_route=\/wp\/v2\/product"}],"about":[{"href":"https:\/\/elouedshop.com\/index.php?rest_route=\/wp\/v2\/types\/product"}],"wp:featuredmedia":[{"embeddable":true,"href":"https:\/\/elouedshop.com\/index.php?rest_route=\/wp\/v2\/media\/9446"}],"wp:attachment":[{"href":"https:\/\/elouedshop.com\/index.php?rest_route=%2Fwp%2Fv2%2Fmedia&parent=9445"}],"wp:term":[{"taxonomy":"product_brand","embeddable":true,"href":"https:\/\/elouedshop.com\/index.php?rest_route=%2Fwp%2Fv2%2Fproduct_brand&post=9445"},{"taxonomy":"product_cat","embeddable":true,"href":"https:\/\/elouedshop.com\/index.php?rest_route=%2Fwp%2Fv2%2Fproduct_cat&post=9445"},{"taxonomy":"product_tag","embeddable":true,"href":"https:\/\/elouedshop.com\/index.php?rest_route=%2Fwp%2Fv2%2Fproduct_tag&post=9445"}],"curies":[{"name":"wp","href":"https:\/\/api.w.org\/{rel}","templated":true}]}}