{"id":9433,"date":"2024-02-22T21:32:20","date_gmt":"2024-02-22T21:32:20","guid":{"rendered":"https:\/\/elouedshop.com\/?post_type=product&#038;p=9433"},"modified":"2025-01-21T10:04:27","modified_gmt":"2025-01-21T10:04:27","slug":"jaime-mon-epouse","status":"publish","type":"product","link":"https:\/\/elouedshop.com\/?product=jaime-mon-epouse","title":{"rendered":"J&rsquo;aime mon \u00e9pouse"},"content":{"rendered":"","protected":false},"excerpt":{"rendered":"<p>La conduite de l&rsquo;Envoy\u00e9 d&rsquo;Allah et sa vertu sont un exemple \u00e0 suivre car II a \u00e9t\u00e9 le meilleur proph\u00e8te pour sa communaut\u00e9 et le meilleur des \u00e9poux et le meilleur des p\u00e8res.<\/p>\n<p>Il \u00e9tait l&rsquo;exemple du bon mari. II \u00e9tait tendre envers ses \u00e9pouses, grand connaisseur de leur temp\u00e9rament, empress\u00e9 \u00e0 satisfaire les besoins des filles d&rsquo;Eve. Il n&rsquo;\u00e9tait gu\u00e8re violent ou dur, tyran ou oppresseur mais il \u00e9tait un don de mis\u00e9ricorde, un coeur tendre, aimable et plein de douceur.<\/p>\n<p>Dans ce livre, nous passerons en revue ses qualit\u00e9s sublimes, ses nobles vertus, perles resplendissantes, exemples \u00e0 suivre glan\u00e9s \u00e7a et l\u00e0, le\u00e7on et maximes qui aideront les maris \u00e0 user d&rsquo;un bon comportement \u00e0 l\u2019\u00e9gard de leurs \u00e9pouses.<\/p>\n<p>Nous prendrons un temps agr\u00e9able \u00e0 parcourir ce guide de l&rsquo;\u00e9ducation sentimentale. Comment le mari musulman doit-il agir pour \u00eatre finalement le meilleur \u00e9poux selon les recommandations du Proph\u00e8te, pri\u00e8re et salut d&rsquo;Allah soient sur lui ?<\/p>\n<p>Nous indiquerons les voies permettant \u00e0 l\u2019\u00e9poux d&rsquo;\u00eatre aimable envers sa femme afin de gagner son coeur et son comportement \u00e0 son \u00e9gard sera \u00e0 la hauteur et conforme \u00e0 sa d\u00e9claration : j&rsquo;aime mon \u00e9pouse.<\/p>\n","protected":false},"featured_media":1640,"template":"","meta":[],"product_brand":[],"product_cat":[21,46],"product_tag":[],"class_list":{"0":"post-9433","1":"product","2":"type-product","3":"status-publish","4":"has-post-thumbnail","6":"product_cat-livre","7":"product_cat-mariage-couple","8":"description-off","10":"first","11":"instock","12":"featured","13":"shipping-taxable","14":"purchasable","15":"product-type-simple"},"jetpack_sharing_enabled":true,"_links":{"self":[{"href":"https:\/\/elouedshop.com\/index.php?rest_route=\/wp\/v2\/product\/9433","targetHints":{"allow":["GET"]}}],"collection":[{"href":"https:\/\/elouedshop.com\/index.php?rest_route=\/wp\/v2\/product"}],"about":[{"href":"https:\/\/elouedshop.com\/index.php?rest_route=\/wp\/v2\/types\/product"}],"wp:featuredmedia":[{"embeddable":true,"href":"https:\/\/elouedshop.com\/index.php?rest_route=\/wp\/v2\/media\/1640"}],"wp:attachment":[{"href":"https:\/\/elouedshop.com\/index.php?rest_route=%2Fwp%2Fv2%2Fmedia&parent=9433"}],"wp:term":[{"taxonomy":"product_brand","embeddable":true,"href":"https:\/\/elouedshop.com\/index.php?rest_route=%2Fwp%2Fv2%2Fproduct_brand&post=9433"},{"taxonomy":"product_cat","embeddable":true,"href":"https:\/\/elouedshop.com\/index.php?rest_route=%2Fwp%2Fv2%2Fproduct_cat&post=9433"},{"taxonomy":"product_tag","embeddable":true,"href":"https:\/\/elouedshop.com\/index.php?rest_route=%2Fwp%2Fv2%2Fproduct_tag&post=9433"}],"curies":[{"name":"wp","href":"https:\/\/api.w.org\/{rel}","templated":true}]}}