{"id":9429,"date":"2024-02-22T21:11:23","date_gmt":"2024-02-22T21:11:23","guid":{"rendered":"https:\/\/elouedshop.com\/?post_type=product&#038;p=9429"},"modified":"2025-01-02T15:34:24","modified_gmt":"2025-01-02T15:34:24","slug":"jawab-speed-attrapez-vite-repondez-juste-jeu-de-societe","status":"publish","type":"product","link":"https:\/\/elouedshop.com\/?product=jawab-speed-attrapez-vite-repondez-juste-jeu-de-societe","title":{"rendered":"Jaw\u00e2b Speed &#8211; Attrapez vite, r\u00e9pondez juste (jeu de soci\u00e9t\u00e9)"},"content":{"rendered":"<table border=\"0\" width=\"100%\" cellspacing=\"0\" cellpadding=\"0\">\n<tbody>\n<tr>\n<td align=\"left\"><span style=\"font-family: Verdana, Arial; font-size: small;\"><b>Type de produit :<\/b>\u00a0Jeu \/ jouet<br \/>\n<\/span><\/td>\n<\/tr>\n<tr>\n<td align=\"left\"><span style=\"font-family: Verdana, Arial; font-size: small;\"><b>Mod\u00e8le &#8211; Format :<\/b>\u00a015 x 15 x 35 cm<br \/>\n<\/span><\/td>\n<\/tr>\n<tr>\n<td align=\"left\"><span style=\"font-family: Verdana, Arial; font-size: small;\"><b>Editeur :<\/b>\u00a0Osratouna\u00a0&#8211;\u00a0Distribu\u00e9 par Orientica<br \/>\n<\/span><\/td>\n<\/tr>\n<tr>\n<td align=\"left\"><span style=\"font-family: Verdana, Arial; font-size: small;\"><b>Langue :<\/b>\u00a0fran\u00e7ais &#8211; arabe<br \/>\n<\/span><\/td>\n<\/tr>\n<tr>\n<td align=\"left\"><span style=\"font-family: Verdana, Arial; font-size: small;\"><b>EAN :<\/b>\u00a03770012698089 9791091201216<\/span><\/td>\n<\/tr>\n<\/tbody>\n<\/table>\n","protected":false},"excerpt":{"rendered":"<p>Jaw\u00e2b Speed est un jeu de soci\u00e9t\u00e9 qui permet aux petits et aux grands d&rsquo;approfondir leurs connaissances religieuses tout en s&rsquo;amusant. Ce jeu d\u2019ambiance saura faire plaisir \u00e0 toute la famille en s&rsquo;adaptant \u00e0 tous les \u00e2ges et \u00e0 tous les niveaux.<\/p>\n<p>Le jeu Jaw\u00e2b Speed, c&rsquo;est 350 affirmations sur l\u2019islam qu&rsquo;il faudra confirmer ou infirmer tr\u00e8s vite avant vos adversaires. Les affirmations de diff\u00e9rents niveaux permettent de faire jouer ensemble petits et grands. C&rsquo;est un tr\u00e8s bon moyen de faire grandir l&rsquo;amour de l&rsquo;islam dans le c\u0153ur de vos enfants, en partageant des moments conviviaux et chaleureux en famille ou entre amis.<\/p>\n","protected":false},"featured_media":400,"template":"","meta":[],"product_brand":[],"product_cat":[26],"product_tag":[],"class_list":{"0":"post-9429","1":"product","2":"type-product","3":"status-publish","4":"has-post-thumbnail","6":"product_cat-jouets-educatifs","7":"description-off","9":"first","10":"instock","11":"shipping-taxable","12":"purchasable","13":"product-type-simple"},"jetpack_sharing_enabled":true,"_links":{"self":[{"href":"https:\/\/elouedshop.com\/index.php?rest_route=\/wp\/v2\/product\/9429","targetHints":{"allow":["GET"]}}],"collection":[{"href":"https:\/\/elouedshop.com\/index.php?rest_route=\/wp\/v2\/product"}],"about":[{"href":"https:\/\/elouedshop.com\/index.php?rest_route=\/wp\/v2\/types\/product"}],"wp:featuredmedia":[{"embeddable":true,"href":"https:\/\/elouedshop.com\/index.php?rest_route=\/wp\/v2\/media\/400"}],"wp:attachment":[{"href":"https:\/\/elouedshop.com\/index.php?rest_route=%2Fwp%2Fv2%2Fmedia&parent=9429"}],"wp:term":[{"taxonomy":"product_brand","embeddable":true,"href":"https:\/\/elouedshop.com\/index.php?rest_route=%2Fwp%2Fv2%2Fproduct_brand&post=9429"},{"taxonomy":"product_cat","embeddable":true,"href":"https:\/\/elouedshop.com\/index.php?rest_route=%2Fwp%2Fv2%2Fproduct_cat&post=9429"},{"taxonomy":"product_tag","embeddable":true,"href":"https:\/\/elouedshop.com\/index.php?rest_route=%2Fwp%2Fv2%2Fproduct_tag&post=9429"}],"curies":[{"name":"wp","href":"https:\/\/api.w.org\/{rel}","templated":true}]}}