{"id":9424,"date":"2024-02-22T21:06:36","date_gmt":"2024-02-22T21:06:36","guid":{"rendered":"https:\/\/elouedshop.com\/?post_type=product&#038;p=9424"},"modified":"2025-01-10T01:14:58","modified_gmt":"2025-01-10T01:14:58","slug":"japprends-lalphabet-arabe-2","status":"publish","type":"product","link":"https:\/\/elouedshop.com\/?product=japprends-lalphabet-arabe-2","title":{"rendered":"J\u2019apprends l\u2019alphabet arabe"},"content":{"rendered":"","protected":false},"excerpt":{"rendered":"<p>Jeu d\u2019association \u00e0 travers lequel votre enfant va d\u00e9couvrir les lettres et leurs diff\u00e9rentes formes d\u2019\u00e9critures, mais aussi enrichir son vocabulaire arabe avec 28 mots illustr\u00e9s.<\/p>\n<p>Un livret vous est fourni incluant les r\u00e8gles du jeu, un guide de prononciation des lettres, un guide de conversation et la phon\u00e9tique.<\/p>\n","protected":false},"featured_media":6188,"template":"","meta":[],"product_brand":[],"product_cat":[26],"product_tag":[],"class_list":{"0":"post-9424","1":"product","2":"type-product","3":"status-publish","4":"has-post-thumbnail","6":"product_cat-jouets-educatifs","7":"description-off","9":"first","10":"instock","11":"shipping-taxable","12":"purchasable","13":"product-type-simple"},"jetpack_sharing_enabled":true,"_links":{"self":[{"href":"https:\/\/elouedshop.com\/index.php?rest_route=\/wp\/v2\/product\/9424","targetHints":{"allow":["GET"]}}],"collection":[{"href":"https:\/\/elouedshop.com\/index.php?rest_route=\/wp\/v2\/product"}],"about":[{"href":"https:\/\/elouedshop.com\/index.php?rest_route=\/wp\/v2\/types\/product"}],"wp:featuredmedia":[{"embeddable":true,"href":"https:\/\/elouedshop.com\/index.php?rest_route=\/wp\/v2\/media\/6188"}],"wp:attachment":[{"href":"https:\/\/elouedshop.com\/index.php?rest_route=%2Fwp%2Fv2%2Fmedia&parent=9424"}],"wp:term":[{"taxonomy":"product_brand","embeddable":true,"href":"https:\/\/elouedshop.com\/index.php?rest_route=%2Fwp%2Fv2%2Fproduct_brand&post=9424"},{"taxonomy":"product_cat","embeddable":true,"href":"https:\/\/elouedshop.com\/index.php?rest_route=%2Fwp%2Fv2%2Fproduct_cat&post=9424"},{"taxonomy":"product_tag","embeddable":true,"href":"https:\/\/elouedshop.com\/index.php?rest_route=%2Fwp%2Fv2%2Fproduct_tag&post=9424"}],"curies":[{"name":"wp","href":"https:\/\/api.w.org\/{rel}","templated":true}]}}