{"id":9423,"date":"2024-02-22T21:06:33","date_gmt":"2024-02-22T21:06:33","guid":{"rendered":"https:\/\/elouedshop.com\/?post_type=product&#038;p=9423"},"modified":"2025-01-02T15:55:19","modified_gmt":"2025-01-02T15:55:19","slug":"puzzle-al-madinah","status":"publish","type":"product","link":"https:\/\/elouedshop.com\/?product=puzzle-al-madinah","title":{"rendered":"Puzzle Al Madinah"},"content":{"rendered":"","protected":false},"excerpt":{"rendered":"<p>Puzzle de 56 pi\u00e8ces de la mosqu\u00e9e de M\u00e9dine.<\/p>\n<p>En assemblant les diff\u00e9rentes pi\u00e8ces du puzzle, votre enfant d\u00e9couvrira une tr\u00e8s belle illustration de la mosqu\u00e9e de notre bien-aim\u00e9 Proph\u00e8te Mohamed (que les pri\u00e8res et le salut d\u2019Allah soient sur lui)<\/p>\n<p>Les pi\u00e8ces du puzzle sont \u00e9paisses et solides.<\/p>\n<p>Dimensions : 35cm x 35cm<\/p>\n","protected":false},"featured_media":6186,"template":"","meta":[],"product_brand":[],"product_cat":[26],"product_tag":[],"class_list":{"0":"post-9423","1":"product","2":"type-product","3":"status-publish","4":"has-post-thumbnail","6":"product_cat-jouets-educatifs","7":"description-off","9":"first","10":"instock","11":"shipping-taxable","12":"purchasable","13":"product-type-simple"},"jetpack_sharing_enabled":true,"_links":{"self":[{"href":"https:\/\/elouedshop.com\/index.php?rest_route=\/wp\/v2\/product\/9423","targetHints":{"allow":["GET"]}}],"collection":[{"href":"https:\/\/elouedshop.com\/index.php?rest_route=\/wp\/v2\/product"}],"about":[{"href":"https:\/\/elouedshop.com\/index.php?rest_route=\/wp\/v2\/types\/product"}],"wp:featuredmedia":[{"embeddable":true,"href":"https:\/\/elouedshop.com\/index.php?rest_route=\/wp\/v2\/media\/6186"}],"wp:attachment":[{"href":"https:\/\/elouedshop.com\/index.php?rest_route=%2Fwp%2Fv2%2Fmedia&parent=9423"}],"wp:term":[{"taxonomy":"product_brand","embeddable":true,"href":"https:\/\/elouedshop.com\/index.php?rest_route=%2Fwp%2Fv2%2Fproduct_brand&post=9423"},{"taxonomy":"product_cat","embeddable":true,"href":"https:\/\/elouedshop.com\/index.php?rest_route=%2Fwp%2Fv2%2Fproduct_cat&post=9423"},{"taxonomy":"product_tag","embeddable":true,"href":"https:\/\/elouedshop.com\/index.php?rest_route=%2Fwp%2Fv2%2Fproduct_tag&post=9423"}],"curies":[{"name":"wp","href":"https:\/\/api.w.org\/{rel}","templated":true}]}}