{"id":9408,"date":"2024-02-21T20:00:46","date_gmt":"2024-02-21T20:00:46","guid":{"rendered":"https:\/\/elouedshop.com\/?post_type=product&#038;p=9408"},"modified":"2024-02-21T20:00:46","modified_gmt":"2024-02-21T20:00:46","slug":"la-vie-conjugale-en-occident-problemes-actuels-et-solutions-pratiques","status":"publish","type":"product","link":"https:\/\/elouedshop.com\/?product=la-vie-conjugale-en-occident-problemes-actuels-et-solutions-pratiques","title":{"rendered":"La vie conjugale en Occident &#8211; Probl\u00e8mes actuels et Solutions pratiques"},"content":{"rendered":"<table border=\"0\" width=\"100%\" cellspacing=\"0\" cellpadding=\"0\">\n<tbody>\n<tr>\n<td align=\"left\"><span style=\"font-family: Verdana, Arial; font-size: small;\"><b>Auteur :<\/b>\u00a0Sal\u00e2h al-D\u00efn Sult\u00e2n<br \/>\n<\/span><\/td>\n<\/tr>\n<tr>\n<td align=\"left\"><span style=\"font-family: Verdana, Arial; font-size: small;\"><b>Type de produit :<\/b>\u00a0Livre<br \/>\n<\/span><\/td>\n<\/tr>\n<tr>\n<td align=\"left\"><span style=\"font-family: Verdana, Arial; font-size: small;\"><b>Nombre de pages :<\/b>\u00a0136<br \/>\n<\/span><\/td>\n<\/tr>\n<tr>\n<td align=\"left\"><span style=\"font-family: Verdana, Arial; font-size: small;\"><b>Editeur :<\/b>\u00a0Maison de la Sagesse<br \/>\n<\/span><\/td>\n<\/tr>\n<tr>\n<td align=\"left\"><span style=\"font-family: Verdana, Arial; font-size: small;\"><b>Langue :<\/b>\u00a0fran\u00e7ais<br \/>\n<\/span><\/td>\n<\/tr>\n<tr>\n<td align=\"left\"><span style=\"font-family: Verdana, Arial; font-size: small;\"><b>ISBN\/EAN :<\/b>\u00a05430000193276<br \/>\n<\/span><\/td>\n<\/tr>\n<\/tbody>\n<\/table>\n","protected":false},"excerpt":{"rendered":"<p>La vie conjugale en occident a connu des mutations radicales \u00e0 tel point qu&rsquo;elle constitue d\u00e9sormais une menace dangereuse\u00a0 sup\u00e9rieure \u00e0 tout autre danger ext\u00e9rieur pesant sur l&rsquo;ensemble des membres de la famille, qu&rsquo;il s&rsquo;agisse de l&rsquo;homme, de la femme, des enfants ou des plus \u00e2g\u00e9s.<\/p>\n<p>L&rsquo;influence de la majorit\u00e9 non musulmane sur la minorit\u00e9 musulmane n\u2019\u00e9chappera nullement \u00e0 celui qui porte un regard clairvoyant sur la r\u00e9alit\u00e9 que vivent les musulmans en occident.<\/p>\n<p>Le plus d\u00e9concertant est de constater que ce mod\u00e8le occidental de la famille a connu une progression fulgurante et tend \u00e0 s&rsquo;imposer dans les quatre coins du monde. Tous ls outils de communications modernes de l&rsquo;Internet aux cha\u00eenes satellitaires sont utilis\u00e9s, les organisations ainsi que les gouvernements se sont pas en reste.<\/p>\n","protected":false},"featured_media":9409,"template":"","meta":[],"product_brand":[],"product_cat":[21,46],"product_tag":[],"class_list":{"0":"post-9408","1":"product","2":"type-product","3":"status-publish","4":"has-post-thumbnail","6":"product_cat-livre","7":"product_cat-mariage-couple","8":"description-off","10":"first","11":"instock","12":"shipping-taxable","13":"purchasable","14":"product-type-simple"},"jetpack_sharing_enabled":true,"_links":{"self":[{"href":"https:\/\/elouedshop.com\/index.php?rest_route=\/wp\/v2\/product\/9408","targetHints":{"allow":["GET"]}}],"collection":[{"href":"https:\/\/elouedshop.com\/index.php?rest_route=\/wp\/v2\/product"}],"about":[{"href":"https:\/\/elouedshop.com\/index.php?rest_route=\/wp\/v2\/types\/product"}],"wp:featuredmedia":[{"embeddable":true,"href":"https:\/\/elouedshop.com\/index.php?rest_route=\/wp\/v2\/media\/9409"}],"wp:attachment":[{"href":"https:\/\/elouedshop.com\/index.php?rest_route=%2Fwp%2Fv2%2Fmedia&parent=9408"}],"wp:term":[{"taxonomy":"product_brand","embeddable":true,"href":"https:\/\/elouedshop.com\/index.php?rest_route=%2Fwp%2Fv2%2Fproduct_brand&post=9408"},{"taxonomy":"product_cat","embeddable":true,"href":"https:\/\/elouedshop.com\/index.php?rest_route=%2Fwp%2Fv2%2Fproduct_cat&post=9408"},{"taxonomy":"product_tag","embeddable":true,"href":"https:\/\/elouedshop.com\/index.php?rest_route=%2Fwp%2Fv2%2Fproduct_tag&post=9408"}],"curies":[{"name":"wp","href":"https:\/\/api.w.org\/{rel}","templated":true}]}}