{"id":9402,"date":"2024-02-21T19:06:58","date_gmt":"2024-02-21T19:06:58","guid":{"rendered":"https:\/\/elouedshop.com\/?post_type=product&#038;p=9402"},"modified":"2024-02-21T19:06:59","modified_gmt":"2024-02-21T19:06:59","slug":"comment-comprendre-le-destin-mouhammad-al-hamad","status":"publish","type":"product","link":"https:\/\/elouedshop.com\/?product=comment-comprendre-le-destin-mouhammad-al-hamad","title":{"rendered":"Comment comprendre le destin ? &#8211; Mouhammad Al-Hamad"},"content":{"rendered":"<table class=\"ce-product-features\">\n<tbody>\n<tr class=\"ce-product-features__row\">\n<th class=\"ce-product-features__label\">Ann\u00e9e<\/th>\n<td class=\"ce-product-features__value\">2021<\/td>\n<\/tr>\n<tr class=\"ce-product-features__row\">\n<th class=\"ce-product-features__label\">Couverture<\/th>\n<td class=\"ce-product-features__value\">Souple<\/td>\n<\/tr>\n<tr class=\"ce-product-features__row\">\n<th class=\"ce-product-features__label\">Dimensions<\/th>\n<td class=\"ce-product-features__value\">21 x 14 cm<\/td>\n<\/tr>\n<tr class=\"ce-product-features__row\">\n<th class=\"ce-product-features__label\">Titre original en arabe<\/th>\n<td class=\"ce-product-features__value\">Al-Im\u00e2n bil-Qad\u00e2&rsquo;i wal-Qadar<\/td>\n<\/tr>\n<tr class=\"ce-product-features__row\">\n<th class=\"ce-product-features__label\">ISBN<\/th>\n<td class=\"ce-product-features__value\">9782875452160<\/td>\n<\/tr>\n<tr class=\"ce-product-features__row\">\n<th class=\"ce-product-features__label\">Nb. Pages<\/th>\n<td class=\"ce-product-features__value\">152<\/td>\n<\/tr>\n<tr class=\"ce-product-features__row\">\n<th class=\"ce-product-features__label\">Auteur<\/th>\n<td class=\"ce-product-features__value\">Mouhammad Ibn Ibr\u00e2h\u00eem Al-Hamad<\/td>\n<\/tr>\n<\/tbody>\n<\/table>\n","protected":false},"excerpt":{"rendered":"<p>La foi au Destin occupe, en Islam, une place \u00e9minente et jouit d&rsquo;une importance majeure. Cette foi constitue, en effet, le pivot et l&rsquo;ordre du monoth\u00e9isme ainsi que la religion authentique. C&rsquo;est l&rsquo;un des piliers de la foi (Al-Im\u00e2n) et la base fondamentale de la religion excellente (Al-Ihs\u00e2n).<\/p>\n","protected":false},"featured_media":9403,"template":"","meta":[],"product_brand":[],"product_cat":[180,21],"product_tag":[],"class_list":{"0":"post-9402","1":"product","2":"type-product","3":"status-publish","4":"has-post-thumbnail","6":"product_cat-dogme-2","7":"product_cat-livre","8":"description-off","10":"first","11":"instock","12":"shipping-taxable","13":"purchasable","14":"product-type-simple"},"jetpack_sharing_enabled":true,"_links":{"self":[{"href":"https:\/\/elouedshop.com\/index.php?rest_route=\/wp\/v2\/product\/9402","targetHints":{"allow":["GET"]}}],"collection":[{"href":"https:\/\/elouedshop.com\/index.php?rest_route=\/wp\/v2\/product"}],"about":[{"href":"https:\/\/elouedshop.com\/index.php?rest_route=\/wp\/v2\/types\/product"}],"wp:featuredmedia":[{"embeddable":true,"href":"https:\/\/elouedshop.com\/index.php?rest_route=\/wp\/v2\/media\/9403"}],"wp:attachment":[{"href":"https:\/\/elouedshop.com\/index.php?rest_route=%2Fwp%2Fv2%2Fmedia&parent=9402"}],"wp:term":[{"taxonomy":"product_brand","embeddable":true,"href":"https:\/\/elouedshop.com\/index.php?rest_route=%2Fwp%2Fv2%2Fproduct_brand&post=9402"},{"taxonomy":"product_cat","embeddable":true,"href":"https:\/\/elouedshop.com\/index.php?rest_route=%2Fwp%2Fv2%2Fproduct_cat&post=9402"},{"taxonomy":"product_tag","embeddable":true,"href":"https:\/\/elouedshop.com\/index.php?rest_route=%2Fwp%2Fv2%2Fproduct_tag&post=9402"}],"curies":[{"name":"wp","href":"https:\/\/api.w.org\/{rel}","templated":true}]}}