{"id":9401,"date":"2024-02-21T19:00:40","date_gmt":"2024-02-21T19:00:40","guid":{"rendered":"https:\/\/elouedshop.com\/?post_type=product&#038;p=9401"},"modified":"2024-02-21T19:01:36","modified_gmt":"2024-02-21T19:01:36","slug":"gestion-des-conflits","status":"publish","type":"product","link":"https:\/\/elouedshop.com\/?product=gestion-des-conflits","title":{"rendered":"Gestion des conflits"},"content":{"rendered":"<table class=\"ce-product-features\">\n<tbody>\n<tr class=\"ce-product-features__row\">\n<th class=\"ce-product-features__label\">Couverture<\/th>\n<td class=\"ce-product-features__value\">Souple<\/td>\n<\/tr>\n<tr class=\"ce-product-features__row\">\n<th class=\"ce-product-features__label\">Nb. Pages<\/th>\n<td class=\"ce-product-features__value\">240<\/td>\n<\/tr>\n<tr class=\"ce-product-features__row\">\n<th class=\"ce-product-features__label\">Langue<\/th>\n<td class=\"ce-product-features__value\">fran\u00e7aise<\/td>\n<\/tr>\n<tr class=\"ce-product-features__row\">\n<th class=\"ce-product-features__label\">Auteur<\/th>\n<td class=\"ce-product-features__value\">Ali Habbibi<\/td>\n<\/tr>\n<\/tbody>\n<\/table>\n","protected":false},"excerpt":{"rendered":"<p>Le conflit fait partie de nos vies, que nous le voulions ou non.<\/p>\n<p>Parfois douloureux, souvent redout\u00e9, le conflit peut g\u00e2cher les relations que nous entretenons avec notre entourage. Il peut aussi aspirer toute notre \u00e9nergie et noircir nos c\u0153urs.<\/p>\n<p>Pourtant, il existe bel et bien des outils pour le comprendre, le pr\u00e9venir et le g\u00e9rer, afin d\u2019assainir nos c\u0153urs et nos comportements, et renforcer les liens avec ceux qui nous sont chers.<\/p>\n<p>Le psychologue sp\u00e9cialiste du couple et de la famille Ali Habibbi propose dans cet ouvrage une analyse approfondie du conflit, de ses origines aux outils pour apprendre \u00e0 le g\u00e9rer et le r\u00e9soudre.<\/p>\n","protected":false},"featured_media":3367,"template":"","meta":[],"product_brand":[],"product_cat":[21,46],"product_tag":[],"class_list":{"0":"post-9401","1":"product","2":"type-product","3":"status-publish","4":"has-post-thumbnail","6":"product_cat-livre","7":"product_cat-mariage-couple","8":"description-off","10":"first","11":"instock","12":"shipping-taxable","13":"purchasable","14":"product-type-simple"},"jetpack_sharing_enabled":true,"_links":{"self":[{"href":"https:\/\/elouedshop.com\/index.php?rest_route=\/wp\/v2\/product\/9401","targetHints":{"allow":["GET"]}}],"collection":[{"href":"https:\/\/elouedshop.com\/index.php?rest_route=\/wp\/v2\/product"}],"about":[{"href":"https:\/\/elouedshop.com\/index.php?rest_route=\/wp\/v2\/types\/product"}],"wp:featuredmedia":[{"embeddable":true,"href":"https:\/\/elouedshop.com\/index.php?rest_route=\/wp\/v2\/media\/3367"}],"wp:attachment":[{"href":"https:\/\/elouedshop.com\/index.php?rest_route=%2Fwp%2Fv2%2Fmedia&parent=9401"}],"wp:term":[{"taxonomy":"product_brand","embeddable":true,"href":"https:\/\/elouedshop.com\/index.php?rest_route=%2Fwp%2Fv2%2Fproduct_brand&post=9401"},{"taxonomy":"product_cat","embeddable":true,"href":"https:\/\/elouedshop.com\/index.php?rest_route=%2Fwp%2Fv2%2Fproduct_cat&post=9401"},{"taxonomy":"product_tag","embeddable":true,"href":"https:\/\/elouedshop.com\/index.php?rest_route=%2Fwp%2Fv2%2Fproduct_tag&post=9401"}],"curies":[{"name":"wp","href":"https:\/\/api.w.org\/{rel}","templated":true}]}}