{"id":9399,"date":"2024-02-21T18:55:07","date_gmt":"2024-02-21T18:55:07","guid":{"rendered":"https:\/\/elouedshop.com\/?post_type=product&#038;p=9399"},"modified":"2024-02-21T18:55:08","modified_gmt":"2024-02-21T18:55:08","slug":"acheter-sa-maison-a-credit-dr-salah-al-sawi","status":"publish","type":"product","link":"https:\/\/elouedshop.com\/?product=acheter-sa-maison-a-credit-dr-salah-al-sawi","title":{"rendered":"Acheter sa maison \u00e0 cr\u00e9dit ? &#8211; Dr Sal\u00e2h al-S\u00e2w\u00ee"},"content":{"rendered":"<table class=\"ce-product-features\">\n<tbody>\n<tr class=\"ce-product-features__row\">\n<th class=\"ce-product-features__label\">Ann\u00e9e<\/th>\n<td class=\"ce-product-features__value\">2008<\/td>\n<\/tr>\n<tr class=\"ce-product-features__row\">\n<th class=\"ce-product-features__label\">EAN-13<\/th>\n<td class=\"ce-product-features__value\">9782930395937<\/td>\n<\/tr>\n<tr class=\"ce-product-features__row\">\n<th class=\"ce-product-features__label\">Couverture<\/th>\n<td class=\"ce-product-features__value\">Souple<\/td>\n<\/tr>\n<tr class=\"ce-product-features__row\">\n<th class=\"ce-product-features__label\">Dimensions<\/th>\n<td class=\"ce-product-features__value\">14,8 x 21 cm<\/td>\n<\/tr>\n<tr class=\"ce-product-features__row\">\n<th class=\"ce-product-features__label\">Nb. Pages<\/th>\n<td class=\"ce-product-features__value\">164<\/td>\n<\/tr>\n<tr class=\"ce-product-features__row\">\n<th class=\"ce-product-features__label\">Langue<\/th>\n<td class=\"ce-product-features__value\">fran\u00e7aise<\/td>\n<\/tr>\n<tr class=\"ce-product-features__row\">\n<th class=\"ce-product-features__label\">Auteur<\/th>\n<td class=\"ce-product-features__value\">Dr Sal\u00e2h al-S\u00e2w\u00ee<\/td>\n<\/tr>\n<\/tbody>\n<\/table>\n","protected":false},"excerpt":{"rendered":"<p>Le conseil Europ\u00e9en de la Fatwa et de la recherche ainsi que la conf\u00e9rence de la ligue des Oul\u00e9mas de la Charia d&rsquo;Am\u00e9rique du Nord ont \u00e9mis une fatwa autorisant les Musulmans r\u00e9sidant en Europe et aux Etats-Unis d&rsquo;Am\u00e9rique de contracter des emprunts usuraires pour l&rsquo;acquisition de logements. Pour faire la lumi\u00e8re sur cette fatwa, ce livre aborde les questions suivantes :<\/p>\n<ul>\n<li>Quels sont les arguments de ceux qui permettent le recours aux emprunts usuraires et de ceux qui l&rsquo;interdisent ?<\/li>\n<li>&#8230;<\/li>\n<\/ul>\n","protected":false},"featured_media":9400,"template":"","meta":[],"product_brand":[],"product_cat":[147,21],"product_tag":[],"class_list":{"0":"post-9399","1":"product","2":"type-product","3":"status-publish","4":"has-post-thumbnail","6":"product_cat-jurisprudence","7":"product_cat-livre","8":"description-off","10":"first","11":"instock","12":"shipping-taxable","13":"purchasable","14":"product-type-simple"},"jetpack_sharing_enabled":true,"_links":{"self":[{"href":"https:\/\/elouedshop.com\/index.php?rest_route=\/wp\/v2\/product\/9399","targetHints":{"allow":["GET"]}}],"collection":[{"href":"https:\/\/elouedshop.com\/index.php?rest_route=\/wp\/v2\/product"}],"about":[{"href":"https:\/\/elouedshop.com\/index.php?rest_route=\/wp\/v2\/types\/product"}],"wp:featuredmedia":[{"embeddable":true,"href":"https:\/\/elouedshop.com\/index.php?rest_route=\/wp\/v2\/media\/9400"}],"wp:attachment":[{"href":"https:\/\/elouedshop.com\/index.php?rest_route=%2Fwp%2Fv2%2Fmedia&parent=9399"}],"wp:term":[{"taxonomy":"product_brand","embeddable":true,"href":"https:\/\/elouedshop.com\/index.php?rest_route=%2Fwp%2Fv2%2Fproduct_brand&post=9399"},{"taxonomy":"product_cat","embeddable":true,"href":"https:\/\/elouedshop.com\/index.php?rest_route=%2Fwp%2Fv2%2Fproduct_cat&post=9399"},{"taxonomy":"product_tag","embeddable":true,"href":"https:\/\/elouedshop.com\/index.php?rest_route=%2Fwp%2Fv2%2Fproduct_tag&post=9399"}],"curies":[{"name":"wp","href":"https:\/\/api.w.org\/{rel}","templated":true}]}}