{"id":9388,"date":"2024-02-21T18:05:22","date_gmt":"2024-02-21T18:05:22","guid":{"rendered":"https:\/\/elouedshop.com\/?post_type=product&#038;p=9388"},"modified":"2024-03-15T20:39:47","modified_gmt":"2024-03-15T20:39:47","slug":"on-va-ou-apres-la-mort","status":"publish","type":"product","link":"https:\/\/elouedshop.com\/?product=on-va-ou-apres-la-mort","title":{"rendered":"On va o\u00f9 apr\u00e8s la mort"},"content":{"rendered":"<table border=\"0\" width=\"100%\" cellspacing=\"0\" cellpadding=\"0\">\n<tbody>\n<tr>\n<td align=\"left\"><span style=\"font-family: Verdana, Arial;font-size: small\"><b>Type de produit :<\/b>\u00a0Livre<br \/>\n<\/span><\/td>\n<\/tr>\n<tr>\n<td align=\"left\"><span style=\"font-family: Verdana, Arial;font-size: small\"><b>Nombre de pages :<\/b> 13 pages cartonn\u00e9es<br \/>\n<\/span><\/td>\n<\/tr>\n<tr>\n<td align=\"left\"><span style=\"font-family: Verdana, Arial;font-size: small\"><b>Editeur :<\/b>\u00a0Tabari<br \/>\n<\/span><\/td>\n<\/tr>\n<tr>\n<td align=\"left\"><span style=\"font-family: Verdana, Arial;font-size: small\"><b>Langue :<\/b>\u00a0fran\u00e7ais<br \/>\n<\/span><\/td>\n<\/tr>\n<tr>\n<td align=\"left\"><span style=\"font-family: Verdana, Arial;font-size: small\"><b>ISBN\/EAN :<\/b>\u00a09782931230305<br \/>\n<\/span><\/td>\n<\/tr>\n<\/tbody>\n<\/table>\n","protected":false},"excerpt":{"rendered":"<p>Ce livre touchant aidera les enfants \u00e0 traverser la p\u00e9riode difficile de la s\u00e9paration avec un proche et leur permettra de comprendre avec bienveillance gr\u00e2ce \u00e0 des rep\u00e8res \u00e0 leur port\u00e9e ce que signifie la mort et ce qui attend le croyant dans l&#8217;au-del\u00e0&#8230;<\/p>\n<p>Le v\u00e9ritable bonheur, la vie r\u00e9elle est celle de l&#8217;au-del\u00e0 aupr\u00e8s du Seigneur, Tout Mis\u00e9ricordieux.<\/p>\n<p>La mort est un voyage myst\u00e9rieux de l&#8217;\u00e2me que les enfants d\u00e9couvriront dans ce livre merveilleux et indispensable pour leur expliquer ce qu&#8217;est la mort&#8230;<\/p>\n","protected":false},"featured_media":9389,"template":"","meta":[],"product_brand":[],"product_cat":[80,24,21],"product_tag":[],"class_list":{"0":"post-9388","1":"product","2":"type-product","3":"status-publish","4":"has-post-thumbnail","6":"product_cat-dogme","7":"product_cat-enfants","8":"product_cat-livre","9":"description-off","11":"first","12":"instock","13":"shipping-taxable","14":"purchasable","15":"product-type-simple"},"jetpack_sharing_enabled":true,"_links":{"self":[{"href":"https:\/\/elouedshop.com\/index.php?rest_route=\/wp\/v2\/product\/9388","targetHints":{"allow":["GET"]}}],"collection":[{"href":"https:\/\/elouedshop.com\/index.php?rest_route=\/wp\/v2\/product"}],"about":[{"href":"https:\/\/elouedshop.com\/index.php?rest_route=\/wp\/v2\/types\/product"}],"wp:featuredmedia":[{"embeddable":true,"href":"https:\/\/elouedshop.com\/index.php?rest_route=\/wp\/v2\/media\/9389"}],"wp:attachment":[{"href":"https:\/\/elouedshop.com\/index.php?rest_route=%2Fwp%2Fv2%2Fmedia&parent=9388"}],"wp:term":[{"taxonomy":"product_brand","embeddable":true,"href":"https:\/\/elouedshop.com\/index.php?rest_route=%2Fwp%2Fv2%2Fproduct_brand&post=9388"},{"taxonomy":"product_cat","embeddable":true,"href":"https:\/\/elouedshop.com\/index.php?rest_route=%2Fwp%2Fv2%2Fproduct_cat&post=9388"},{"taxonomy":"product_tag","embeddable":true,"href":"https:\/\/elouedshop.com\/index.php?rest_route=%2Fwp%2Fv2%2Fproduct_tag&post=9388"}],"curies":[{"name":"wp","href":"https:\/\/api.w.org\/{rel}","templated":true}]}}