{"id":9386,"date":"2024-02-21T18:00:57","date_gmt":"2024-02-21T18:00:57","guid":{"rendered":"https:\/\/elouedshop.com\/?post_type=product&#038;p=9386"},"modified":"2025-01-21T10:04:43","modified_gmt":"2025-01-21T10:04:43","slug":"cest-quoi-la-foi-en-allah-tome-1","status":"publish","type":"product","link":"https:\/\/elouedshop.com\/?product=cest-quoi-la-foi-en-allah-tome-1","title":{"rendered":"C&rsquo;est quoi la foi en Allah ? Tome 1"},"content":{"rendered":"<table border=\"0\" width=\"100%\" cellspacing=\"0\" cellpadding=\"0\">\n<tbody>\n<tr>\n<td align=\"left\"><span style=\"font-family: Verdana, Arial; font-size: small;\"><b>Type de produit :<\/b>\u00a0Livre<br \/>\n<\/span><\/td>\n<\/tr>\n<tr>\n<td align=\"left\"><span style=\"font-family: Verdana, Arial; font-size: small;\"><b>Nombre de pages :<\/b>\u00a022<br \/>\n<\/span><\/td>\n<\/tr>\n<tr>\n<td align=\"left\"><span style=\"font-family: Verdana, Arial; font-size: small;\"><b>Mod\u00e8le &#8211; Format :<\/b>\u00a016,50 x 17 cm &#8211; Livre avec pages cartonn\u00e9es<br \/>\n<\/span><\/td>\n<\/tr>\n<tr>\n<td align=\"left\"><span style=\"font-family: Verdana, Arial; font-size: small;\"><b>Editeur :<\/b>\u00a0Tabari<br \/>\n<\/span><\/td>\n<\/tr>\n<tr>\n<td align=\"left\"><span style=\"font-family: Verdana, Arial; font-size: small;\"><b>ISBN\/EAN :<\/b>\u00a09782931230244<br \/>\n<\/span><\/td>\n<\/tr>\n<\/tbody>\n<\/table>\n","protected":false},"excerpt":{"rendered":"<p>Parler de foi aux enfants. c&rsquo;est une vraie gal\u00e8re ! Pourtant. il faut bien le faire. Car la foi est une graine \u00e0 semer tr\u00e8s t\u00f4t dans le c\u0153ur de l&rsquo;enfant et \u00e0 cultiver tout au long de sa vie.<\/p>\n<p>Ce tome vous permettra d&rsquo;engager la discussion et d&rsquo;expliquer avec des mots simples ce qu&rsquo;est le cinqui\u00e8me piller de la foi : la croyance au Jour Dernier. Ce qui \u00e9tait alors une corv\u00e9e deviendra un moment agr\u00e9able de partage.<\/p>\n<p>L&rsquo;enfant s&rsquo;\u00e9veillera alors \u00e0 la foi tout en douceur..<\/p>\n","protected":false},"featured_media":9387,"template":"","meta":[],"product_brand":[],"product_cat":[39,180,24,21],"product_tag":[],"class_list":{"0":"post-9386","1":"product","2":"type-product","3":"status-publish","4":"has-post-thumbnail","6":"product_cat-bebe-3ans","7":"product_cat-dogme-2","8":"product_cat-enfants","9":"product_cat-livre","10":"description-off","12":"first","13":"instock","14":"featured","15":"shipping-taxable","16":"purchasable","17":"product-type-simple"},"jetpack_sharing_enabled":true,"_links":{"self":[{"href":"https:\/\/elouedshop.com\/index.php?rest_route=\/wp\/v2\/product\/9386","targetHints":{"allow":["GET"]}}],"collection":[{"href":"https:\/\/elouedshop.com\/index.php?rest_route=\/wp\/v2\/product"}],"about":[{"href":"https:\/\/elouedshop.com\/index.php?rest_route=\/wp\/v2\/types\/product"}],"wp:featuredmedia":[{"embeddable":true,"href":"https:\/\/elouedshop.com\/index.php?rest_route=\/wp\/v2\/media\/9387"}],"wp:attachment":[{"href":"https:\/\/elouedshop.com\/index.php?rest_route=%2Fwp%2Fv2%2Fmedia&parent=9386"}],"wp:term":[{"taxonomy":"product_brand","embeddable":true,"href":"https:\/\/elouedshop.com\/index.php?rest_route=%2Fwp%2Fv2%2Fproduct_brand&post=9386"},{"taxonomy":"product_cat","embeddable":true,"href":"https:\/\/elouedshop.com\/index.php?rest_route=%2Fwp%2Fv2%2Fproduct_cat&post=9386"},{"taxonomy":"product_tag","embeddable":true,"href":"https:\/\/elouedshop.com\/index.php?rest_route=%2Fwp%2Fv2%2Fproduct_tag&post=9386"}],"curies":[{"name":"wp","href":"https:\/\/api.w.org\/{rel}","templated":true}]}}