{"id":9381,"date":"2024-02-21T14:03:03","date_gmt":"2024-02-21T14:03:03","guid":{"rendered":"https:\/\/elouedshop.com\/?post_type=product&#038;p=9381"},"modified":"2024-02-21T14:04:13","modified_gmt":"2024-02-21T14:04:13","slug":"mon-cahier-dactivites-du-ramadan","status":"publish","type":"product","link":"https:\/\/elouedshop.com\/?product=mon-cahier-dactivites-du-ramadan","title":{"rendered":"Mon cahier d&rsquo;activit\u00e9s du ramadan"},"content":{"rendered":"<table border=\"0\" width=\"100%\" cellspacing=\"0\" cellpadding=\"0\">\n<tbody>\n<tr>\n<td align=\"left\"><b>Mod\u00e8le \u2013 Format :<\/b>\u00a0broch\u00e9-flexible-souple A4-21*29.7cm<\/td>\n<\/tr>\n<tr>\n<td align=\"left\"><b>Editeur :<\/b>\u00a0DeeniLearn<\/td>\n<\/tr>\n<tr>\n<td align=\"left\"><b>Ann\u00e9e :<\/b>\u00a02024<\/td>\n<\/tr>\n<tr>\n<td align=\"left\"><b>Langue :<\/b>\u00a0fran\u00e7ais<\/td>\n<\/tr>\n<tr>\n<td align=\"left\"><b>ISBN\/EAN :<\/b>\u00a09782931241103 978-2-931241-10-3<\/td>\n<\/tr>\n<\/tbody>\n<\/table>\n","protected":false},"excerpt":{"rendered":"<p>C\u2019est le 1er RAMADAN pour Asma et Ali. Embarque avec eux et suis-les dans leurs AVENTURES. Pour chaque jour du RAMADAN, une nouvelle Activit\u00e9 :<\/p>\n<p>un jeu, un quiz, une \u00e9nigme, un r\u00e9cit passionnant et bien plus encore\u2026 Tu ne vas pas t\u2019ennuyer !<\/p>\n<p>Et \u00e0 la fin, d\u00e9croche ton Dipl\u00f4me du p\u2019tit je\u00fbneur.<\/p>\n<p>DeeniLearn vous propose un cahier d&rsquo;activit\u00e9s adapt\u00e9 aux enfants et qui concourt \u00e0 \u00e9veiller en douceur leur int\u00e9r\u00eat et leur amour pour ce mois si particulier dans la vie du musulman.<\/p>\n","protected":false},"featured_media":6612,"template":"","meta":[],"product_brand":[],"product_cat":[174,181,151,24,38,140,21,48,185,225,79],"product_tag":[],"class_list":{"0":"post-9381","1":"product","2":"type-product","3":"status-publish","4":"has-post-thumbnail","6":"product_cat-ecoles-maternelles","7":"product_cat-education-religieuse","8":"product_cat-education-spiritualite","9":"product_cat-enfants","10":"product_cat-idees-de-cadeaux","11":"product_cat-jeune-ramadan","12":"product_cat-livre","13":"product_cat-pratique-religieuse","14":"product_cat-priere-purification","15":"product_cat-ramadan","16":"product_cat-spiritualite","17":"description-off","19":"first","20":"instock","21":"shipping-taxable","22":"purchasable","23":"product-type-simple"},"jetpack_sharing_enabled":true,"_links":{"self":[{"href":"https:\/\/elouedshop.com\/index.php?rest_route=\/wp\/v2\/product\/9381","targetHints":{"allow":["GET"]}}],"collection":[{"href":"https:\/\/elouedshop.com\/index.php?rest_route=\/wp\/v2\/product"}],"about":[{"href":"https:\/\/elouedshop.com\/index.php?rest_route=\/wp\/v2\/types\/product"}],"wp:featuredmedia":[{"embeddable":true,"href":"https:\/\/elouedshop.com\/index.php?rest_route=\/wp\/v2\/media\/6612"}],"wp:attachment":[{"href":"https:\/\/elouedshop.com\/index.php?rest_route=%2Fwp%2Fv2%2Fmedia&parent=9381"}],"wp:term":[{"taxonomy":"product_brand","embeddable":true,"href":"https:\/\/elouedshop.com\/index.php?rest_route=%2Fwp%2Fv2%2Fproduct_brand&post=9381"},{"taxonomy":"product_cat","embeddable":true,"href":"https:\/\/elouedshop.com\/index.php?rest_route=%2Fwp%2Fv2%2Fproduct_cat&post=9381"},{"taxonomy":"product_tag","embeddable":true,"href":"https:\/\/elouedshop.com\/index.php?rest_route=%2Fwp%2Fv2%2Fproduct_tag&post=9381"}],"curies":[{"name":"wp","href":"https:\/\/api.w.org\/{rel}","templated":true}]}}