{"id":9286,"date":"2024-02-20T19:12:01","date_gmt":"2024-02-20T19:12:01","guid":{"rendered":"https:\/\/elouedshop.com\/?post_type=product&#038;p=9286"},"modified":"2024-03-29T11:31:35","modified_gmt":"2024-03-29T11:31:35","slug":"les-invocations-apres-la-priere-sulayman-al-kharashi-3","status":"publish","type":"product","link":"https:\/\/elouedshop.com\/?product=les-invocations-apres-la-priere-sulayman-al-kharashi-3","title":{"rendered":"Les invocations apr\u00e8s la pri\u00e8re &#8211; Sulaym\u00e2n al-Khar\u00e2sh\u00ee"},"content":{"rendered":"<table class=\"ce-product-features\">\n<tbody>\n<tr class=\"ce-product-features__row\">\n<th class=\"ce-product-features__label\">Ann\u00e9e<\/th>\n<td class=\"ce-product-features__value\">2023<\/td>\n<\/tr>\n<tr class=\"ce-product-features__row\">\n<th class=\"ce-product-features__label\">Couverture<\/th>\n<td class=\"ce-product-features__value\">Souple<\/td>\n<\/tr>\n<tr class=\"ce-product-features__row\">\n<th class=\"ce-product-features__label\">Dimensions<\/th>\n<td class=\"ce-product-features__value\">9 x 14.5cm<\/td>\n<\/tr>\n<tr class=\"ce-product-features__row\">\n<th class=\"ce-product-features__label\">Nb. Pages<\/th>\n<td class=\"ce-product-features__value\">64<\/td>\n<\/tr>\n<tr class=\"ce-product-features__row\">\n<th class=\"ce-product-features__label\">Langue<\/th>\n<td class=\"ce-product-features__value\">Arabe \/ Fran\u00e7ais<\/td>\n<\/tr>\n<\/tbody>\n<\/table>\n","protected":false},"excerpt":{"rendered":"<p>Un recueil indispensable de formules d\u2019\u00e9vocation et d\u2019invocations \u00e0 prononcer apr\u00e8s les pri\u00e8res prescrites, compil\u00e9es \u00e0 partir de hadiths authentiques rapport\u00e9s du Proph\u00e8te.<\/p>\n<p>Parce que cette relation privil\u00e9gi\u00e9e qu\u2019entretient le croyant avec son Cr\u00e9ateur durant la pri\u00e8re ne s\u2019interrompt pas compl\u00e8tement avec les salutations de fin de pri\u00e8re&#8230;<\/p>\n","protected":false},"featured_media":9290,"template":"","meta":[],"product_brand":[],"product_cat":[176,45,75,21],"product_tag":[],"class_list":{"0":"post-9286","1":"product","2":"type-product","3":"status-publish","4":"has-post-thumbnail","6":"product_cat-invocations","7":"product_cat-invocations-et-rappel","8":"product_cat-invocations-et-rappels","9":"product_cat-livre","10":"description-off","12":"first","13":"outofstock","14":"shipping-taxable","15":"purchasable","16":"product-type-simple"},"jetpack_sharing_enabled":true,"_links":{"self":[{"href":"https:\/\/elouedshop.com\/index.php?rest_route=\/wp\/v2\/product\/9286","targetHints":{"allow":["GET"]}}],"collection":[{"href":"https:\/\/elouedshop.com\/index.php?rest_route=\/wp\/v2\/product"}],"about":[{"href":"https:\/\/elouedshop.com\/index.php?rest_route=\/wp\/v2\/types\/product"}],"wp:featuredmedia":[{"embeddable":true,"href":"https:\/\/elouedshop.com\/index.php?rest_route=\/wp\/v2\/media\/9290"}],"wp:attachment":[{"href":"https:\/\/elouedshop.com\/index.php?rest_route=%2Fwp%2Fv2%2Fmedia&parent=9286"}],"wp:term":[{"taxonomy":"product_brand","embeddable":true,"href":"https:\/\/elouedshop.com\/index.php?rest_route=%2Fwp%2Fv2%2Fproduct_brand&post=9286"},{"taxonomy":"product_cat","embeddable":true,"href":"https:\/\/elouedshop.com\/index.php?rest_route=%2Fwp%2Fv2%2Fproduct_cat&post=9286"},{"taxonomy":"product_tag","embeddable":true,"href":"https:\/\/elouedshop.com\/index.php?rest_route=%2Fwp%2Fv2%2Fproduct_tag&post=9286"}],"curies":[{"name":"wp","href":"https:\/\/api.w.org\/{rel}","templated":true}]}}