{"id":9253,"date":"2024-02-19T20:35:27","date_gmt":"2024-02-19T20:35:27","guid":{"rendered":"https:\/\/elouedshop.com\/?post_type=product&#038;p=9253"},"modified":"2024-02-19T20:35:28","modified_gmt":"2024-02-19T20:35:28","slug":"le-jeune-de-ramadan","status":"publish","type":"product","link":"https:\/\/elouedshop.com\/?product=le-jeune-de-ramadan","title":{"rendered":"Le je\u00fbne de Ramadan"},"content":{"rendered":"<table class=\"ce-product-features\">\n<tbody>\n<tr class=\"ce-product-features__row\">\n<th class=\"ce-product-features__label\">Ann\u00e9e<\/th>\n<td class=\"ce-product-features__value\">2018<\/td>\n<\/tr>\n<tr class=\"ce-product-features__row\">\n<th class=\"ce-product-features__label\">ISBN<\/th>\n<td class=\"ce-product-features__value\">9791094111017<\/td>\n<\/tr>\n<tr class=\"ce-product-features__row\">\n<th class=\"ce-product-features__label\">Nb. Pages<\/th>\n<td class=\"ce-product-features__value\">248<\/td>\n<\/tr>\n<tr class=\"ce-product-features__row\">\n<th class=\"ce-product-features__label\">Auteur<\/th>\n<td class=\"ce-product-features__value\">Mustafa Kastit<\/td>\n<\/tr>\n<\/tbody>\n<\/table>\n","protected":false},"excerpt":{"rendered":"<p>Le je\u00fbne de Ramadan incarne le troisi\u00e8me pilier de l\u2019islam et de loin le devoir cultuel le plus suivi. N\u00e9anmoins, quelle incidence exerce-t-il sur nos vies et comment le transformer en instrument de r\u00e9forme ? Revenir \u00e0 la philosophie du je\u00fbne de Ramadan et \u00e0 son \u00e9thique vaut autant que l\u2019int\u00e9r\u00eat port\u00e9 aux pr\u00e9ceptes juridiques pratiques qui cadrent cette pratique religieuse.<\/p>\n","protected":false},"featured_media":9254,"template":"","meta":[],"product_brand":[],"product_cat":[140,21,225],"product_tag":[],"class_list":{"0":"post-9253","1":"product","2":"type-product","3":"status-publish","4":"has-post-thumbnail","6":"product_cat-jeune-ramadan","7":"product_cat-livre","8":"product_cat-ramadan","9":"description-off","11":"first","12":"instock","13":"shipping-taxable","14":"purchasable","15":"product-type-simple"},"jetpack_sharing_enabled":true,"_links":{"self":[{"href":"https:\/\/elouedshop.com\/index.php?rest_route=\/wp\/v2\/product\/9253","targetHints":{"allow":["GET"]}}],"collection":[{"href":"https:\/\/elouedshop.com\/index.php?rest_route=\/wp\/v2\/product"}],"about":[{"href":"https:\/\/elouedshop.com\/index.php?rest_route=\/wp\/v2\/types\/product"}],"wp:featuredmedia":[{"embeddable":true,"href":"https:\/\/elouedshop.com\/index.php?rest_route=\/wp\/v2\/media\/9254"}],"wp:attachment":[{"href":"https:\/\/elouedshop.com\/index.php?rest_route=%2Fwp%2Fv2%2Fmedia&parent=9253"}],"wp:term":[{"taxonomy":"product_brand","embeddable":true,"href":"https:\/\/elouedshop.com\/index.php?rest_route=%2Fwp%2Fv2%2Fproduct_brand&post=9253"},{"taxonomy":"product_cat","embeddable":true,"href":"https:\/\/elouedshop.com\/index.php?rest_route=%2Fwp%2Fv2%2Fproduct_cat&post=9253"},{"taxonomy":"product_tag","embeddable":true,"href":"https:\/\/elouedshop.com\/index.php?rest_route=%2Fwp%2Fv2%2Fproduct_tag&post=9253"}],"curies":[{"name":"wp","href":"https:\/\/api.w.org\/{rel}","templated":true}]}}