{"id":9237,"date":"2024-02-19T19:02:20","date_gmt":"2024-02-19T19:02:20","guid":{"rendered":"https:\/\/elouedshop.com\/?post_type=product&#038;p=9237"},"modified":"2024-02-19T19:02:21","modified_gmt":"2024-02-19T19:02:21","slug":"ma-petite-histoire-du-soir-la-generosite","status":"publish","type":"product","link":"https:\/\/elouedshop.com\/?product=ma-petite-histoire-du-soir-la-generosite","title":{"rendered":"Ma petite histoire du soir : la g\u00e9n\u00e9rosit\u00e9"},"content":{"rendered":"<table class=\"ce-product-features\">\n<tbody>\n<tr class=\"ce-product-features__row\">\n<th class=\"ce-product-features__label\">Couverture<\/th>\n<td class=\"ce-product-features__value\">Souple<\/td>\n<\/tr>\n<tr class=\"ce-product-features__row\">\n<th class=\"ce-product-features__label\">Dimensions<\/th>\n<td class=\"ce-product-features__value\">15 x 21cm<\/td>\n<\/tr>\n<tr class=\"ce-product-features__row\">\n<th class=\"ce-product-features__label\">Langue<\/th>\n<td class=\"ce-product-features__value\">fran\u00e7aise<\/td>\n<\/tr>\n<\/tbody>\n<\/table>\n","protected":false},"excerpt":{"rendered":"<p>\u00ab Il y a tr\u00e8s longtemps, au temps du Proph\u00e8te Mohamed (\ufdfa), vivait un homme \u00e0 la fortune consid\u00e9rable. Il \u00e9tait connu de tous comme \u00e9tant un homme bon, honn\u00eate et plein de mis\u00e9ricorde pour les pauvres. Il a \u00e9t\u00e9 le premier homme \u00e0 se convertir \u00e0 l\u2019Islam et une fois converti, il a d\u00e9pens\u00e9 toute sa fortune au service d\u2019Allah et de Son messager Mohamed (\ufdfa). Le Proph\u00e8te l\u2019avait surnomm\u00e9 As-Siddiq \u00bb.<\/p>\n<p>En \u00e9coutant la merveilleuse histoire d\u2019Abou Bakr As-Siddiq cont\u00e9 par leur Oummi, Ayoub et Assya ont d\u00e9cid\u00e9 de prendre exemple sur l\u2019ami de notre bien-aim\u00e9 Proph\u00e8te Mohamed (\ufdfa). Pour cela, ils sont pr\u00eats \u00e0 fournir de nombreux efforts, allant jusqu\u2019\u00e0 offrir certains de leurs biens les plus pr\u00e9cieux.<\/p>\n<p>Viens vite d\u00e9couvrir les aventures d\u2019Ayoub et Assya dans cette journ\u00e9e si sp\u00e9ciale qui les attend.<\/p>\n","protected":false},"featured_media":9238,"template":"","meta":[],"product_brand":[],"product_cat":[181,24,21],"product_tag":[],"class_list":{"0":"post-9237","1":"product","2":"type-product","3":"status-publish","4":"has-post-thumbnail","6":"product_cat-education-religieuse","7":"product_cat-enfants","8":"product_cat-livre","9":"description-off","11":"first","12":"instock","13":"shipping-taxable","14":"purchasable","15":"product-type-simple"},"jetpack_sharing_enabled":true,"_links":{"self":[{"href":"https:\/\/elouedshop.com\/index.php?rest_route=\/wp\/v2\/product\/9237","targetHints":{"allow":["GET"]}}],"collection":[{"href":"https:\/\/elouedshop.com\/index.php?rest_route=\/wp\/v2\/product"}],"about":[{"href":"https:\/\/elouedshop.com\/index.php?rest_route=\/wp\/v2\/types\/product"}],"wp:featuredmedia":[{"embeddable":true,"href":"https:\/\/elouedshop.com\/index.php?rest_route=\/wp\/v2\/media\/9238"}],"wp:attachment":[{"href":"https:\/\/elouedshop.com\/index.php?rest_route=%2Fwp%2Fv2%2Fmedia&parent=9237"}],"wp:term":[{"taxonomy":"product_brand","embeddable":true,"href":"https:\/\/elouedshop.com\/index.php?rest_route=%2Fwp%2Fv2%2Fproduct_brand&post=9237"},{"taxonomy":"product_cat","embeddable":true,"href":"https:\/\/elouedshop.com\/index.php?rest_route=%2Fwp%2Fv2%2Fproduct_cat&post=9237"},{"taxonomy":"product_tag","embeddable":true,"href":"https:\/\/elouedshop.com\/index.php?rest_route=%2Fwp%2Fv2%2Fproduct_tag&post=9237"}],"curies":[{"name":"wp","href":"https:\/\/api.w.org\/{rel}","templated":true}]}}